{"id":1373,"date":"2014-07-08T14:55:01","date_gmt":"2014-07-08T14:55:01","guid":{"rendered":"http:\/\/wp.ffzg.unizg.hr\/centar-probni\/?page_id=1373"},"modified":"2021-11-22T10:49:10","modified_gmt":"2021-11-22T08:49:10","slug":"silab-kolegija-ruski-jezik-za-akademske-potrebe-3","status":"publish","type":"page","link":"https:\/\/centar.ffzg.unizg.hr\/?page_id=1373&lang=en","title":{"rendered":"Spanish for Academic Purposes"},"content":{"rendered":"<p><img loading=\"lazy\" decoding=\"async\" class=\"alignnone size-full wp-image-1150\" src=\"https:\/\/centar.ffzg.unizg.hr\/wp-content\/uploads\/2014\/03\/line1tan.jpg\" alt=\"line1tan\" width=\"981\" height=\"3\" srcset=\"https:\/\/centar.ffzg.unizg.hr\/wp-content\/uploads\/2014\/03\/line1tan.jpg 981w, https:\/\/centar.ffzg.unizg.hr\/wp-content\/uploads\/2014\/03\/line1tan-300x1.jpg 300w, https:\/\/centar.ffzg.unizg.hr\/wp-content\/uploads\/2014\/03\/line1tan-624x1.jpg 624w\" sizes=\"auto, (max-width: 981px) 100vw, 981px\" \/><\/p>\n<h2 class=\"entry-title\">SYLLABI (COURSE DESCRIPTION)<\/h2>\n\n\n<p><strong>Academic year 2020 \/ 2021<\/strong><\/p>\n\n\n\n\n<table id=\"tablepress-308\" class=\"tablepress tablepress-id-308\">\n<thead>\n<tr class=\"row-1\">\n\t<th class=\"column-1\">Spanish for Academic Purposes 1<\/th><td class=\"column-2\"><\/td>\n<\/tr>\n<\/thead>\n<tbody class=\"row-striping row-hover\">\n<tr class=\"row-2\">\n\t<td class=\"column-1\">Name<\/td><td class=\"column-2\">Spanish for Academic Purposes 1<\/td>\n<\/tr>\n<tr class=\"row-3\">\n\t<td class=\"column-1\">ECTS credits<\/td><td class=\"column-2\">2<\/td>\n<\/tr>\n<tr class=\"row-4\">\n\t<td class=\"column-1\">Teachers<\/td><td class=\"column-2\">Jagoda Ve\u010derina Tomai\u0107, PhD, Senior Lecturer;<br \/>\nAna Matijevi\u0107, Lecturer<\/td>\n<\/tr>\n<tr class=\"row-5\">\n\t<td class=\"column-1\">Hours<\/td><td class=\"column-2\">Practical foreign language exercises 30<\/td>\n<\/tr>\n<tr class=\"row-6\">\n\t<td class=\"column-1\">Prerequisites<\/td><td class=\"column-2\">None<\/td>\n<\/tr>\n<tr class=\"row-7\">\n\t<td class=\"column-1\"><\/td><td class=\"column-2\"><\/td>\n<\/tr>\n<tr class=\"row-8\">\n\t<td class=\"column-1\">Goal<\/td><td class=\"column-2\">Acquiring basic language competences with the purpose of developing reading, writing and oral skills in a spanish language.<\/td>\n<\/tr>\n<tr class=\"row-9\">\n\t<td class=\"column-1\">Teaching methods<\/td><td class=\"column-2\">Discussions, questions and answers, demonstrations, research, collaborative and individual learning.<\/td>\n<\/tr>\n<tr class=\"row-10\">\n\t<td class=\"column-1\">Assessment methods<\/td><td class=\"column-2\">Classroom participation 5%, homework 5%, oral presentation 30%, mid-term exam 30%, final exam 30%<\/td>\n<\/tr>\n<tr class=\"row-11\">\n\t<td class=\"column-1\">Learning outcomes<\/td><td class=\"column-2\"><strong>1.<\/strong> By the end of the semester students will be able to:<br \/>\nuse elementary rules of writing, reading and pronunciation in a spanish language;<br \/>\n<strong>2.<\/strong> use simple phrases and sentences in basic communication in a foreign language;<br \/>\n<strong>3.<\/strong> understand simple texts while reading (mainly composed from the independent clauses and most frequently used vocabulary);<br \/>\n<strong>4.<\/strong> derive basic information from the listening materials;<br \/>\n<strong>5.<\/strong> recognize and describe specific elements in a language.<\/td>\n<\/tr>\n<tr class=\"row-12\">\n\t<td class=\"column-1\">Week by week schedule<\/td><td class=\"column-2\"><strong>1.<\/strong><br \/>\nIntroduction to the course (outcomes, methodology, content).<br \/>\n<br \/>\n<strong>2.<\/strong><br \/>\nOrthography and presentations.<br \/>\nHow to present\/introduce yourself professionally and casually.<br \/>\n<br \/>\n<strong>3.<\/strong><br \/>\nNouns, adjectives and personal pronouns.<br \/>\nSpanish language and Spanish-speaking cultures (using a simple text).<br \/>\n<br \/>\n<strong>4.<\/strong><br \/>\nNouns, adjectives and personal pronouns.<br \/>\nReasons to learn Spanish (discussion through a simple conversation).<br \/>\n<br \/>\n<strong>5.<\/strong><br \/>\nPresent of regular verbs. University vocabulary.<br \/>\n<br \/>\n<strong>6.<\/strong><br \/>\nStudy in Argentina, its geography and culture (text, video, discussion).<br \/>\n<br \/>\n<strong>7.<\/strong><br \/>\nPossessive Pronouns.<br \/>\nPersonal relations (family, physical and character traits).<br \/>\n<br \/>\n<strong>8.<\/strong><br \/>\nInfluential people in Spanish Speaking Cultures (texts, video, games).<br \/>\n<br \/>\n<strong>9.<\/strong><br \/>\nVerb \u201cgustar\u201c and similar verbs (form and usage). Personal Pronouns: Indirect object. Free Time Activities Vocabulary.<br \/>\n<br \/>\n<strong>10.<\/strong><br \/>\nPresent: Irregular Verbs. <br \/>\nForms and when we use them (different types of exercises).<br \/>\n<br \/>\n<strong>11.<\/strong><br \/>\nStudy in Chile and its geography and culture (text, video, discussion).<br \/>\nMandatory homework on Omega.<br \/>\n<br \/>\n<strong>12.<\/strong><br \/>\nChristmas and New Year's Eve Traditions in Spanish Speaking Cultures (texts and exercises, revision of acquired material).<br \/>\n<br \/>\n<strong>13.<\/strong><br \/>\nSpain: geography, history, languages (text, video, discussion).<br \/>\n<br \/>\n<strong>14.<\/strong><br \/>\nRevision: talking about other people.<br \/>\n<br \/>\n<strong>15.<\/strong><br \/>\nMid-term exam.<\/td>\n<\/tr>\n<tr class=\"row-13\">\n\t<td class=\"column-1\">Required reading<\/td><td class=\"column-2\"><strong>1.<\/strong> E. Narvajas Col\u00f3n, M. Su\u00e1rez Lasierra, Pilar P\u00e9rez Ca\u00f1izares, B. Gallego Gir\u00e1ldez: Espa\u00f1ol para la universidad - Estudiantes.ELE A1, Ernst Klett Sprachen GmbH, Stuttgart, 2018.<br \/>\n<strong>2.<\/strong> V. Mindoljevi\u0107: El Flechazo 1, \u0160kolska knjiga Zagreb, 2012.<\/td>\n<\/tr>\n<tr class=\"row-14\">\n\t<td class=\"column-1\">Additional reading<\/td><td class=\"column-2\"><strong>1.<\/strong> Shorter texts as selected by individual instructor.<br \/>\n<strong>2.<\/strong> E. Conejo, P. Seijas, B. Tonnelier, S. Troiti\u00f1o: Cuadernos de gram\u00e1tica espa\u00f1ola, Difusi\u00f3n, Centro de Investigaci\u00f3n y Publicaciones de Idiomas, S.L., Madrid, 2018.<br \/>\n<strong>3.<\/strong> Aguirre, Carmen: El mundo en espa\u00f1ol, Lecturas de cultura y civilizaci\u00f3n, Habla con E\u00f1e, Madrid, 2019.<br \/>\n<strong>4.<\/strong> \u00d3scar Cerrolaza Gili, Diccionario pr\u00e1ctico de gram\u00e1tica, Madrid, Edelsa, Grupo Didascalia, S.A., 2014.<br \/>\n<strong>5.<\/strong> Varios autores, Gram\u00e1tica b\u00e1sica del estudiante de espa\u00f1ol, Barcelona, Difusi\u00f3n S.L., 2018. <\/td>\n<\/tr>\n<\/tbody>\n<tfoot>\n<tr class=\"row-15\">\n\t<td class=\"column-1\"><\/td><td class=\"column-2\"><\/td>\n<\/tr>\n<\/tfoot>\n<\/table>\n\n\n\n\n\n<table id=\"tablepress-309\" class=\"tablepress tablepress-id-309\">\n<thead>\n<tr class=\"row-1\">\n\t<th class=\"column-1\">Spanish for Academic Purposes 2<\/th><td class=\"column-2\"><\/td>\n<\/tr>\n<\/thead>\n<tbody class=\"row-striping row-hover\">\n<tr class=\"row-2\">\n\t<td class=\"column-1\">Name<\/td><td class=\"column-2\">Spanish for Academic Purposes 2<\/td>\n<\/tr>\n<tr class=\"row-3\">\n\t<td class=\"column-1\">ECTS credits<\/td><td class=\"column-2\">2<\/td>\n<\/tr>\n<tr class=\"row-4\">\n\t<td class=\"column-1\">Teachers<\/td><td class=\"column-2\">Jagoda Ve\u010derina Tomai\u0107, PhD, Senior Lecturer;<br \/>\nAna Matijevi\u0107, Lecturer<\/td>\n<\/tr>\n<tr class=\"row-5\">\n\t<td class=\"column-1\">Hours<\/td><td class=\"column-2\">Practical foreign language exercises 30<\/td>\n<\/tr>\n<tr class=\"row-6\">\n\t<td class=\"column-1\">Prerequisites<\/td><td class=\"column-2\">To enrol course it is necessary to pass course Spanish for Academic Purposes 1<\/td>\n<\/tr>\n<tr class=\"row-7\">\n\t<td class=\"column-1\"><\/td><td class=\"column-2\"><\/td>\n<\/tr>\n<tr class=\"row-8\">\n\t<td class=\"column-1\">Goal<\/td><td class=\"column-2\">Acquiring basic language competences with the purpose of developing reading, writing and oral skills in a spanish language.<\/td>\n<\/tr>\n<tr class=\"row-9\">\n\t<td class=\"column-1\">Teaching methods<\/td><td class=\"column-2\">Discussions, questions and answers, demonstrations, research, collaborative and individual learning.<\/td>\n<\/tr>\n<tr class=\"row-10\">\n\t<td class=\"column-1\">Assessment methods<\/td><td class=\"column-2\">Classroom participation 5%, homework 5%, oral presentation 30%, mid-term exam 30%, final exam 30%<\/td>\n<\/tr>\n<tr class=\"row-11\">\n\t<td class=\"column-1\">Learning outcomes<\/td><td class=\"column-2\"><strong>1.<\/strong> By the end of the semester students will be able to:<br \/>\nmake simple questions and answers about past events and future plans;<br \/>\n<strong>2.<\/strong> Derive basic information from authentic listening materials;<br \/>\n<strong>3.<\/strong> Choose key elements from a short text.<br \/>\n<strong>4.<\/strong> Find basic information in electronic media or press materials;<br \/>\n<strong>5.<\/strong> Prepare and give an oral presentation on a selected topic<\/td>\n<\/tr>\n<tr class=\"row-12\">\n\t<td class=\"column-1\">Week by week schedule<\/td><td class=\"column-2\"><strong>1.<\/strong><br \/>\nIntroduction to the course (Outcomes, Methodology, Content). <br \/>\nHow to make a presentation, students choose a topic for their presentations they need to deliver in the last month of the term.<br \/>\n<br \/>\n<strong>2.<\/strong><br \/>\nFood vocabulary: groceries (text, video, discussion).<br \/>\nPersonal Pronouns: Direct Object.<br \/>\n<br \/>\n<strong>3.<\/strong><br \/>\nFood vocabulary: typical food in Spanish speaking countries.<br \/>\nTelling time. Present tense (review).<br \/>\n<br \/>\n<strong>4.<\/strong><br \/>\nBolivia: main characteristics and eating habits (text, video, discussion).<br \/>\n<br \/>\n<strong>5.<\/strong><br \/>\nCity vocabulary (text). Comparison.<br \/>\n<br \/>\n<strong>6.<\/strong><br \/>\nCity vocabulary: introducing important cities from Spanish-speaking countries (text, video, discussion). Expressing future events.<br \/>\n<br \/>\n<strong>7.<\/strong><br \/>\nStudents\u2019 daily routine in a city vocabulary (text, video, conversation).<br \/>\nPret\u00e9rito perfecto.<br \/>\n<br \/>\n<strong>8.<\/strong><br \/>\nLearning, psychology of learning, exam vocabulary (text, conversation).<br \/>\nGerund and \u201eestar + gerundio\u201c: form and usage.<br \/>\n<br \/>\n<strong>9.<\/strong><br \/>\nRevision and exercises of present tense and \u201eestar + gerundio\u201c: perfect; conversation about specifics of student life.<br \/>\n<br \/>\n<strong>10.<\/strong><br \/>\nStudent's presentations on selected topics from the Spanish speaking world (listening, discussion, written text).<br \/>\n<br \/>\n<strong>11.<\/strong><br \/>\nStudent's presentations on selected topics from the Spanish speaking world (listening, discussion, written text).<br \/>\n<br \/>\n<strong>12.<\/strong><br \/>\nStudent's presentations on selected topics from the Spanish speaking world (listening, discussion, written text).<br \/>\n<br \/>\n<strong>13.<\/strong><br \/>\nStudent's presentations on selected topics from the Spanish speaking world (listening, discussion, written text).<br \/>\n<br \/>\n<strong>14.<\/strong><br \/>\nRevision; discussions in small groups, writing down conclusions.<br \/>\n<br \/>\n<strong>15.<\/strong><br \/>\nPreliminary Exam.<\/td>\n<\/tr>\n<tr class=\"row-13\">\n\t<td class=\"column-1\">Required reading<\/td><td class=\"column-2\"><strong>1.<\/strong> E. Narvajas Col\u00f3n, M. Su\u00e1rez Lasierra, Pilar P\u00e9rez Ca\u00f1izares, B. Gallego Gir\u00e1ldez: Espa\u00f1ol para la universidad - Estudiantes.ELE A1, Ernst Klett Sprachen GmbH, Stuttgart, 2018.<br \/>\n<strong>2.<\/strong> V. Mindoljevi\u0107: El Flechazo 1, \u0160kolska knjiga Zagreb, 2012.<\/td>\n<\/tr>\n<tr class=\"row-14\">\n\t<td class=\"column-1\">Additional reading<\/td><td class=\"column-2\"><strong>1.<\/strong> Shorter texts as selected by individual instructor.<br \/>\n<strong>2.<\/strong> E. Conejo, P. Seijas, B. Tonnelier, S. Troiti\u00f1o: Cuadernos de gram\u00e1tica espa\u00f1ola, Difusi\u00f3n, Centro de Investigaci\u00f3n y Publicaciones de Idiomas, S.L., Madrid, 2018.<br \/>\n<strong>3.<\/strong> Aguirre, Carmen: El mundo en espa\u00f1ol, Lecturas de cultura y civilizaci\u00f3n, Habla con E\u00f1e, Madrid, 2019.<br \/>\n<strong>4.<\/strong> \u00d3scar Cerrolaza Gili, Diccionario pr\u00e1ctico de gram\u00e1tica, Madrid, Edelsa, Grupo Didascalia, S.A., 2014.<br \/>\n<strong>5.<\/strong> Varios autores, Gram\u00e1tica b\u00e1sica del estudiante de espa\u00f1ol, Barcelona, Difusi\u00f3n S.L., 2018.<\/td>\n<\/tr>\n<\/tbody>\n<tfoot>\n<tr class=\"row-15\">\n\t<td class=\"column-1\"><\/td><td class=\"column-2\"><\/td>\n<\/tr>\n<\/tfoot>\n<\/table>\n\n\n\n\n\n<table id=\"tablepress-310\" class=\"tablepress tablepress-id-310\">\n<thead>\n<tr class=\"row-1\">\n\t<th class=\"column-1\">Spanish for Academic Purposes 3<\/th><td class=\"column-2\"><\/td>\n<\/tr>\n<\/thead>\n<tbody class=\"row-striping row-hover\">\n<tr class=\"row-2\">\n\t<td class=\"column-1\">Name<\/td><td class=\"column-2\">Spanish for Academic Purposes 3<\/td>\n<\/tr>\n<tr class=\"row-3\">\n\t<td class=\"column-1\">ECTS credits<\/td><td class=\"column-2\">2<\/td>\n<\/tr>\n<tr class=\"row-4\">\n\t<td class=\"column-1\">Teachers<\/td><td class=\"column-2\">Jagoda Ve\u010derina Tomai\u0107, PhD, Senior Lecturer;<br \/>\nAna Matijevi\u0107, Lecturer<\/td>\n<\/tr>\n<tr class=\"row-5\">\n\t<td class=\"column-1\">Hours<\/td><td class=\"column-2\">Practical foreign language exercises 30<\/td>\n<\/tr>\n<tr class=\"row-6\">\n\t<td class=\"column-1\">Prerequisites<\/td><td class=\"column-2\">To enrol course it is necessary to pass course Spanish for Academic Purposes 2<\/td>\n<\/tr>\n<tr class=\"row-7\">\n\t<td class=\"column-1\"><\/td><td class=\"column-2\"><\/td>\n<\/tr>\n<tr class=\"row-8\">\n\t<td class=\"column-1\">Goal<\/td><td class=\"column-2\">Acquiring techniques of writing summaries, developing speaking skills on academic and specific topics and acquiring academic and specific vocabulary.<\/td>\n<\/tr>\n<tr class=\"row-9\">\n\t<td class=\"column-1\">Teaching methods<\/td><td class=\"column-2\">Discussions, questions and answers, demonstrations, research, collaborative and individual learning.<\/td>\n<\/tr>\n<tr class=\"row-10\">\n\t<td class=\"column-1\">Assessment methods<\/td><td class=\"column-2\">Classroom participation 5%, homework 5%, oral presentation 30%, mid-term exam 30%, final exam 30%<\/td>\n<\/tr>\n<tr class=\"row-11\">\n\t<td class=\"column-1\">Learning outcomes<\/td><td class=\"column-2\"><strong>1.<\/strong> By the end of the semester students will be able to:<br \/>\nuse reading techniques for a specific\/scientific literature in a spanish language.<br \/>\n<strong>2.<\/strong> Recognize usual methods of structuring a specific\/scientific text from overall organization of a text to organizing paragraphs;<br \/>\n<strong>3.<\/strong> Use sentence structures in an academic discourse;<br \/>\n<strong>4.<\/strong> Summarize and present the content of a listening material;<br \/>\n<strong>5.<\/strong> Write the summary of a specific\/scientific text.<\/td>\n<\/tr>\n<tr class=\"row-12\">\n\t<td class=\"column-1\">Week by week schedule<\/td><td class=\"column-2\"><strong>1.<\/strong><br \/>\nIntroduction to the course (Outcomes, Methodology, Content).<br \/>\n<br \/>\n<strong>2.<\/strong><br \/>\nLeisure time vocabulary. Review of present tense and pret\u00e9rito perfecto.<br \/>\n<br \/>\n<strong>3.<\/strong><br \/>\nPret\u00e9rito indefinido.<br \/>\n<br \/>\n<strong>4.<\/strong><br \/>\nTraditions and customs of Mexico and Panama (text, video, conversation).<br \/>\n<br \/>\n<strong>5.<\/strong><br \/>\nPrepositional phrases of time. Biographies of famous people from Spanish speaking countries (text).<br \/>\n<br \/>\n<strong>6.<\/strong><br \/>\nPrepositional phrases of time.<br \/>\nBiographies of famous people from Spanish speaking countries (text, video, conversation).<br \/>\n<br \/>\n<strong>7.<\/strong><br \/>\nDifference in use between two past tenses (pr\u00e9terito perfecto and pret\u00e9rito indefinido).<br \/>\n<br \/>\n<strong>8.<\/strong><br \/>\nReading techniques in Spanish language.<br \/>\n<br \/>\n<strong>9.<\/strong><br \/>\nConnective words: how to make a text coherent.<br \/>\n<br \/>\n<strong>10.<\/strong><br \/>\nSummed up the text.<br \/>\n<br \/>\n<strong>11.<\/strong><br \/>\nChristmas and New Year's Eve Traditions in Spanish Speaking Cultures (texts and exercises, revision of acquired material).<br \/>\n<br \/>\n<strong>12.<\/strong><br \/>\nWatching a short film and discussing it after the activity. Mandatory homework on Omega.<br \/>\n<br \/>\n<strong>13.<\/strong><br \/>\nInformal analysis of a work of art.<br \/>\n<br \/>\n<strong>14.<\/strong><br \/>\nRevision; discussions in small groups, writing down conclusions.<br \/>\n<br \/>\n<strong>15.<\/strong><br \/>\nPreliminary Exam.<\/td>\n<\/tr>\n<tr class=\"row-13\">\n\t<td class=\"column-1\">Required reading<\/td><td class=\"column-2\"><strong>1.<\/strong> Varios autores: Espa\u00f1ol para la universidad - Estudiantes.ELE A2, Ernst Klett Sprachen GmbH, Stuttgart, 2018.<br \/>\n<strong>2.<\/strong> V. Mindoljevi\u0107: El Flechazo 2, \u0160kolska knjiga Zagreb, 2014.<\/td>\n<\/tr>\n<tr class=\"row-14\">\n\t<td class=\"column-1\">Additional reading<\/td><td class=\"column-2\"><strong>1.<\/strong> Shorter texts as selected by individual instructor.<br \/>\n<strong>2.<\/strong> Aguirre, Carmen: El mundo en espa\u00f1ol, Lecturas de cultura y civilizaci\u00f3n, Habla con E\u00f1e, Madrid, 2019.<br \/>\n<strong>3.<\/strong> Varios autores, Gram\u00e1tica b\u00e1sica del estudiante de espa\u00f1ol, Barcelona, Difusi\u00f3n S.L., 2018.<br \/>\n<strong>4.<\/strong> E. Conejo, P. Seijas, B. Tonnelier, S. Troiti\u00f1o: Cuadernos de gram\u00e1tica espa\u00f1ola, Difusi\u00f3n, Centro de Investigaci\u00f3n y Publicaciones de Idiomas, S.L., Madrid, 2018.<br \/>\n<strong>5.<\/strong> \u00d3scar Cerrolaza Gili, Diccionario pr\u00e1ctico de gram\u00e1tica, Madrid, Edelsa, Grupo Didascalia, S.A., 2014.<br \/>\n<strong>6.<\/strong> V\u00e1zquez, Graciela: Espa\u00f1ol con fines acad\u00e9micos: de la comprensi\u00f3n a la producci\u00f3n, Edinumen, Madrid, 2005.<br \/>\n<strong>7.<\/strong> Gabriel Garc\u00eda M\u00e1rquez: \"Doce cuentos peregrinos\"  <\/td>\n<\/tr>\n<\/tbody>\n<tfoot>\n<tr class=\"row-15\">\n\t<td class=\"column-1\"><\/td><td class=\"column-2\"><\/td>\n<\/tr>\n<\/tfoot>\n<\/table>\n\n\n\n\n\n<table id=\"tablepress-311\" class=\"tablepress tablepress-id-311\">\n<thead>\n<tr class=\"row-1\">\n\t<th class=\"column-1\">Spanish for Academic Purposes 4<\/th><td class=\"column-2\"><\/td>\n<\/tr>\n<\/thead>\n<tbody class=\"row-striping row-hover\">\n<tr class=\"row-2\">\n\t<td class=\"column-1\">Name<\/td><td class=\"column-2\">Spanish for Academic Purposes 4<\/td>\n<\/tr>\n<tr class=\"row-3\">\n\t<td class=\"column-1\">ECTS credits<\/td><td class=\"column-2\">2<\/td>\n<\/tr>\n<tr class=\"row-4\">\n\t<td class=\"column-1\">Teachers<\/td><td class=\"column-2\">Jagoda Ve\u010derina Tomai\u0107, PhD, Senior Lecturer;<br \/>\nAna Matijevi\u0107, Lecturer<\/td>\n<\/tr>\n<tr class=\"row-5\">\n\t<td class=\"column-1\">Hours<\/td><td class=\"column-2\">Practical foreign language exercises 30<\/td>\n<\/tr>\n<tr class=\"row-6\">\n\t<td class=\"column-1\">Prerequisites<\/td><td class=\"column-2\">To enrol course it is necessary to pass course Spanish for Academic Purposes 3<\/td>\n<\/tr>\n<tr class=\"row-7\">\n\t<td class=\"column-1\"><\/td><td class=\"column-2\"><\/td>\n<\/tr>\n<tr class=\"row-8\">\n\t<td class=\"column-1\">Goal<\/td><td class=\"column-2\">Acquiring techniques of writing summaries, developing speaking skills on academic and specific topics and acquiring academic and specific vocabulary. <\/td>\n<\/tr>\n<tr class=\"row-9\">\n\t<td class=\"column-1\">Teaching methods<\/td><td class=\"column-2\">Discussions, questions and answers, demonstrations, research, collaborative and individual learning.<\/td>\n<\/tr>\n<tr class=\"row-10\">\n\t<td class=\"column-1\">Assessment methods<\/td><td class=\"column-2\">Classroom participation 5%, homework 5%, oral presentation 30%, mid-term exam 30%, final exam 30%<\/td>\n<\/tr>\n<tr class=\"row-11\">\n\t<td class=\"column-1\">Learning outcomes<\/td><td class=\"column-2\"><strong>1.<\/strong> By the end of the semester students will be able to:<br \/>\nDiscuss specific topics supported by arguments in a spanish language;<br \/>\n<strong>2.<\/strong> Give a presentation on specific topic;<br \/>\n<strong>3.<\/strong> Write the summary of a specific text in a foreign (ovdje svatko napi\u0161e svoj jezik) language;<br \/>\n<strong>4.<\/strong> Make a general outline and write an essay on a specific topic.<\/td>\n<\/tr>\n<tr class=\"row-12\">\n\t<td class=\"column-1\">Week by week schedule<\/td><td class=\"column-2\"><strong>1.<\/strong><br \/>\nIntroduction to the course (Outcomes, Methodology, Content). <br \/>\nHow to make a presentation, students choose a topic for their presentations they need to deliver in the last month of the term.<br \/>\n<br \/>\n<strong>2.<\/strong><br \/>\nPast tense: pret\u00e9rito imperfecto - form and use.<br \/>\n<br \/>\n<strong>3.<\/strong><br \/>\nHow to describe events in the past.<br \/>\n<br \/>\n<strong>4.<\/strong><br \/>\nExpressing past events: different usage of pret\u00e9rito perfecto, pret\u00e9rito indefinido and pret\u00e9rito imperfecto.<br \/>\n<br \/>\n<strong>5.<\/strong><br \/>\nHow to write a motivation letter.<br \/>\n<br \/>\n<strong>6.<\/strong><br \/>\nHow to write a curriculum.<br \/>\n<br \/>\n<strong>7.<\/strong><br \/>\nPast tense: Pret\u00e9rito pluscuamperfecto - form and use.<br \/>\n<br \/>\n<strong>8.<\/strong><br \/>\nUse of past tenses.<br \/>\n<br \/>\n<strong>9.<\/strong><br \/>\nUse of past tenses.<br \/>\n<br \/>\n<strong>10.<\/strong><br \/>\nStudent's presentations on selected topics (listening, discussion, written text).<br \/>\n<br \/>\n<strong>11.<\/strong><br \/>\nStudent's presentations on selected topics (listening, discussion, written text).<br \/>\n<br \/>\n<strong>12.<\/strong><br \/>\nStudent's presentations on selected topics (listening, discussion, written text).<br \/>\n<br \/>\n<strong>13.<\/strong><br \/>\nStudent's presentations on selected topics (listening, discussion, written text).<br \/>\n<br \/>\n<strong>14.<\/strong><br \/>\nRevision; discussions in small groups, writing down conclusions.<br \/>\n<br \/>\n<strong>15.<\/strong><br \/>\nPreliminary Exam.<\/td>\n<\/tr>\n<tr class=\"row-13\">\n\t<td class=\"column-1\">Required reading<\/td><td class=\"column-2\"><strong>1.<\/strong> Varios autores: Espa\u00f1ol para la universidad - Estudiantes.ELE A2, Ernst Klett Sprachen GmbH, Stuttgart, 2018.<br \/>\n<strong>2.<\/strong> V. Mindoljevi\u0107: El Flechazo 2, \u0160kolska knjiga Zagreb, 2014.<\/td>\n<\/tr>\n<tr class=\"row-14\">\n\t<td class=\"column-1\">Additional reading<\/td><td class=\"column-2\"><strong>1.<\/strong> Shorter texts as selected by individual instructor.<br \/>\n<strong>2.<\/strong> Aguirre, Carmen: El mundo en espa\u00f1ol, Lecturas de cultura y civilizaci\u00f3n, Habla con E\u00f1e, Madrid, 2019.<br \/>\n<strong>3.<\/strong> Varios autores, Gram\u00e1tica b\u00e1sica del estudiante de espa\u00f1ol, Barcelona, Difusi\u00f3n S.L., 2018.<br \/>\n<strong>4.<\/strong> E. Conejo, P. Seijas, B. Tonnelier, S. Troiti\u00f1o: Cuadernos de gram\u00e1tica espa\u00f1ola, Difusi\u00f3n, Centro de Investigaci\u00f3n y Publicaciones de Idiomas, S.L., Madrid, 2018.<br \/>\n<strong>5.<\/strong> V\u00e1zquez, Graciela: Espa\u00f1ol con fines acad\u00e9micos: de la comprensi\u00f3n a la producci\u00f3n, Edinumen, Madrid, 2005.<br \/>\n<strong>6.<\/strong> A novel or short story by a Spanish author of your choice.<\/td>\n<\/tr>\n<\/tbody>\n<tfoot>\n<tr class=\"row-15\">\n\t<td class=\"column-1\"><\/td><td class=\"column-2\"><\/td>\n<\/tr>\n<\/tfoot>\n<\/table>\n\n\n\n\n<p><\/p>\n","protected":false},"excerpt":{"rendered":"<p>SYLLABI (COURSE DESCRIPTION) Academic year 2020 \/ 2021<\/p>\n","protected":false},"author":1,"featured_media":0,"parent":0,"menu_order":0,"comment_status":"closed","ping_status":"closed","template":"page-templates\/full-width.php","meta":{"footnotes":""},"class_list":["post-1373","page","type-page","status-publish","hentry"],"_links":{"self":[{"href":"https:\/\/centar.ffzg.unizg.hr\/index.php?rest_route=\/wp\/v2\/pages\/1373","targetHints":{"allow":["GET"]}}],"collection":[{"href":"https:\/\/centar.ffzg.unizg.hr\/index.php?rest_route=\/wp\/v2\/pages"}],"about":[{"href":"https:\/\/centar.ffzg.unizg.hr\/index.php?rest_route=\/wp\/v2\/types\/page"}],"author":[{"embeddable":true,"href":"https:\/\/centar.ffzg.unizg.hr\/index.php?rest_route=\/wp\/v2\/users\/1"}],"replies":[{"embeddable":true,"href":"https:\/\/centar.ffzg.unizg.hr\/index.php?rest_route=%2Fwp%2Fv2%2Fcomments&post=1373"}],"version-history":[{"count":3,"href":"https:\/\/centar.ffzg.unizg.hr\/index.php?rest_route=\/wp\/v2\/pages\/1373\/revisions"}],"predecessor-version":[{"id":7626,"href":"https:\/\/centar.ffzg.unizg.hr\/index.php?rest_route=\/wp\/v2\/pages\/1373\/revisions\/7626"}],"wp:attachment":[{"href":"https:\/\/centar.ffzg.unizg.hr\/index.php?rest_route=%2Fwp%2Fv2%2Fmedia&parent=1373"}],"curies":[{"name":"wp","href":"https:\/\/api.w.org\/{rel}","templated":true}]}}