{"id":200,"date":"2014-05-28T23:36:47","date_gmt":"2014-05-28T23:36:47","guid":{"rendered":"http:\/\/wp.ffzg.unizg.hr\/centar-probni\/?page_id=200"},"modified":"2026-03-25T16:11:58","modified_gmt":"2026-03-25T14:11:58","slug":"o-centru-za-strane-jezike","status":"publish","type":"page","link":"https:\/\/centar.ffzg.unizg.hr\/?page_id=200","title":{"rendered":"O Centru za strane jezike"},"content":{"rendered":"<div id=\"container_wrapper\">\n<p><img loading=\"lazy\" decoding=\"async\" class=\"alignnone wp-image-1150\" src=\"https:\/\/centar.ffzg.unizg.hr\/wp-content\/uploads\/2014\/03\/line1tan.jpg\" alt=\"line1tan\" width=\"981\" height=\"3\" srcset=\"https:\/\/centar.ffzg.unizg.hr\/wp-content\/uploads\/2014\/03\/line1tan.jpg 981w, https:\/\/centar.ffzg.unizg.hr\/wp-content\/uploads\/2014\/03\/line1tan-300x1.jpg 300w, https:\/\/centar.ffzg.unizg.hr\/wp-content\/uploads\/2014\/03\/line1tan-624x1.jpg 624w\" sizes=\"auto, (max-width: 981px) 100vw, 981px\" \/><\/p>\n<p><strong>Centar za strane jezike<\/strong> organizira i odr\u017eava te\u010dajnu i individualnu nastavu stranih jezika za gra\u0111anstvo.<\/p>\n<p>Temeljem Odobrenja Ministarstva znanosti, obrazovanja i \u0161porta <strong>Centar za strane jezike<\/strong> dobio je akreditaciju za izvo\u0111enje programa obrazovanja odraslih &#8211; u\u010denja stranih jezika. Akreditacija zna\u010di da su programi u\u010denja stranih jezika u Centru dio ukupnog obrazovanja u Republici Hrvatskoj i da je <a title=\"Svjedod\u017ebe\" href=\"https:\/\/centar.ffzg.unizg.hr\/?page_id=577\">Svjedod\u017eba Centra za strane jezike<\/a> javna isprava s pravom upisa u radnu knji\u017eicu.<\/p>\n<p>Centar za strane jezike organizira i odr\u017eava nastavu <a title=\"Raspored predavanja \u2013 ljetni semestar 2013\/2014.\" href=\"https:\/\/centar.ffzg.unizg.hr\/?page_id=392\">Stranog jezika za akademske potrebe<\/a> za studente Filozofskog fakulteta Sveu\u010dili\u0161ta u Zagrebu u dodiplomskom i diplomskom studiju.<\/p>\n<\/div>\n<p><strong>Povijest Centra za strane jezike<\/strong><\/p>\n<p>Akademik <a title=\"Akademik prof. dr. sc. Petar Guberina\" href=\"https:\/\/centar.ffzg.unizg.hr\/?page_id=564\">prof. dr. sc. Petar Guberina<\/a> 1954. g. osnovao je Institut za fonetiku na Filozofskom fakultetu. Institut je 1961. g. preimenovan u Zavod za fonetiku. Godine 1963. osnovana je Katedra za fonetiku u okviru Odsjeka za op\u0107u lingvistiku i orijentalne studije, a 1968. osnovan je Odsjek za teorijsku i primijenjenu fonetiku. Godine 1979\/80. tada\u0161nji se Zavod za fonetiku razdijelio na Centar za strane jezike i probleme govora i Centar za jezi\u010dnu nastavu.<\/p>\n<p>U okviru Zavoda za fonetiku razvijala se, uz ostale aktivnosti, proizvodnja naprava SUVAG i organizirali su se te\u010dajevi stranih jezika primjenjuju\u0107i AVGS metodu. Centar za strane jezike i probleme govora nastavio je razvijati te dvije aktivnosti. Centar za jezi\u010dnu nastavu kao sastavna jedinica Filozofskog fakulteta odr\u017eavao je nastavu stranih jezika struke na mati\u010dnom i na pojedinim fakultetima Sveu\u010dili\u0161ta u Zagrebu. Godine 2001. ujedinjeni su Centar za strane jezike i Centar za jezi\u010dnu nastavu u jedinstven Centar za strane jezike.<\/p>\n<p>Centar za strane jezike objedinjuje dvije vrste nastave stranog jezika, <a title=\"Raspored te\u010dajeva \u2013 zimski semestar 2014 \/ 2015.\" href=\"https:\/\/centar.ffzg.unizg.hr\/?page_id=236\">te\u010dajnu<\/a>, namijenjenu gra\u0111anstvu kao i <a title=\"Raspored predavanja \u2013 ljetni semestar 2013\/2014.\" href=\"https:\/\/centar.ffzg.unizg.hr\/?page_id=392\">nastavu Stranog jezika za akademske potrebe, namijenjenu studentima Filozofskog fakulteta.<\/a> Nastavu Stranog jezika za akademske potrebe izvode predava\u010di i vi\u0161i predava\u010di Filozofskog fakulteta:\u00a0 mr. sc. Vivijana Radman, vi\u0161i predava\u010d; dr. sc. Arijela Fabrio, vi\u0161i predava\u010d; mr. sc. Ines Jelov\u010di\u0107, vi\u0161i predava\u010d; dr. sc. Mirjana \u0160njari\u0107, vi\u0161i predava\u010d; dr. sc. Tina Miholjan\u010dan, vi\u0161i predava\u010d; Azra Pli\u0107ani\u0107 Mesi\u0107, vi\u0161i predava\u010d; Petra Barbari\u0107, vi\u0161i predava\u010d; Jasna \u0106iri\u0107, vi\u0161i predava\u010d; Ana Matijevi\u0107, vi\u0161i predava\u010d; dr. sc. Sanja Ver\u0161i\u0107, vi\u0161i predava\u010d i Gabriela Bagi\u0107, predava\u010d.<\/p>\n","protected":false},"excerpt":{"rendered":"<p>Centar za strane jezike organizira i odr\u017eava te\u010dajnu i individualnu nastavu stranih jezika za gra\u0111anstvo. Temeljem Odobrenja Ministarstva znanosti, obrazovanja i \u0161porta Centar za strane jezike dobio je akreditaciju za izvo\u0111enje programa obrazovanja odraslih &#8211; u\u010denja stranih jezika. Akreditacija zna\u010di da su programi u\u010denja stranih jezika u Centru dio ukupnog obrazovanja u Republici Hrvatskoj i [&hellip;]<\/p>\n","protected":false},"author":1,"featured_media":0,"parent":0,"menu_order":0,"comment_status":"closed","ping_status":"closed","template":"","meta":{"footnotes":""},"class_list":["post-200","page","type-page","status-publish","hentry"],"_links":{"self":[{"href":"https:\/\/centar.ffzg.unizg.hr\/index.php?rest_route=\/wp\/v2\/pages\/200","targetHints":{"allow":["GET"]}}],"collection":[{"href":"https:\/\/centar.ffzg.unizg.hr\/index.php?rest_route=\/wp\/v2\/pages"}],"about":[{"href":"https:\/\/centar.ffzg.unizg.hr\/index.php?rest_route=\/wp\/v2\/types\/page"}],"author":[{"embeddable":true,"href":"https:\/\/centar.ffzg.unizg.hr\/index.php?rest_route=\/wp\/v2\/users\/1"}],"replies":[{"embeddable":true,"href":"https:\/\/centar.ffzg.unizg.hr\/index.php?rest_route=%2Fwp%2Fv2%2Fcomments&post=200"}],"version-history":[{"count":31,"href":"https:\/\/centar.ffzg.unizg.hr\/index.php?rest_route=\/wp\/v2\/pages\/200\/revisions"}],"predecessor-version":[{"id":10244,"href":"https:\/\/centar.ffzg.unizg.hr\/index.php?rest_route=\/wp\/v2\/pages\/200\/revisions\/10244"}],"wp:attachment":[{"href":"https:\/\/centar.ffzg.unizg.hr\/index.php?rest_route=%2Fwp%2Fv2%2Fmedia&parent=200"}],"curies":[{"name":"wp","href":"https:\/\/api.w.org\/{rel}","templated":true}]}}