{"id":392,"date":"2014-06-10T19:43:31","date_gmt":"2014-06-10T19:43:31","guid":{"rendered":"http:\/\/wp.ffzg.unizg.hr\/centar-probni\/?page_id=392"},"modified":"2026-02-06T12:25:02","modified_gmt":"2026-02-06T10:25:02","slug":"raspored_studenti","status":"publish","type":"page","link":"https:\/\/centar.ffzg.unizg.hr\/?page_id=392","title":{"rendered":"Raspored predavanja &#8211; ljetni semestar 2025. \/ 2026."},"content":{"rendered":"<p><img loading=\"lazy\" decoding=\"async\" class=\"alignnone size-full wp-image-1150\" src=\"https:\/\/centar.ffzg.unizg.hr\/wp-content\/uploads\/2014\/03\/line1tan.jpg\" alt=\"line1tan\" width=\"981\" height=\"3\" srcset=\"https:\/\/centar.ffzg.unizg.hr\/wp-content\/uploads\/2014\/03\/line1tan.jpg 981w, https:\/\/centar.ffzg.unizg.hr\/wp-content\/uploads\/2014\/03\/line1tan-300x1.jpg 300w, https:\/\/centar.ffzg.unizg.hr\/wp-content\/uploads\/2014\/03\/line1tan-624x1.jpg 624w\" sizes=\"auto, (max-width: 981px) 100vw, 981px\" \/><\/p>\n<p><h2 id=\"tablepress-11-name\" class=\"tablepress-table-name tablepress-table-name-id-11\">Engleski jezik za akademske potrebe<\/h2>\n\n<table id=\"tablepress-11\" class=\"tablepress tablepress-id-11\" aria-labelledby=\"tablepress-11-name\">\n<thead>\n<tr class=\"row-1\">\n\t<th class=\"column-1\">KOLEGIJ<\/th><th class=\"column-2\">DAN<\/th><th class=\"column-3\">SAT<\/th><th class=\"column-4\">PROSTORIJA<\/th><th class=\"column-5\">PREDAVA\u010c<\/th>\n<\/tr>\n<\/thead>\n<tbody class=\"row-striping row-hover\">\n<tr class=\"row-2\">\n\t<td class=\"column-1\">Engleski za informacijske stru\u010dnjake 2a<\/td><td class=\"column-2\">srijeda<\/td><td class=\"column-3\">14:00 - 15:30 h<\/td><td class=\"column-4\">A 104<\/td><td class=\"column-5\">Petra Barbari\u0107, vi\u0161i predava\u010d<\/td>\n<\/tr>\n<tr class=\"row-3\">\n\t<td class=\"column-1\">Engleski za informacijske stru\u010dnjake 2b<\/td><td class=\"column-2\">srijeda<\/td><td class=\"column-3\">15:30 - 17:00 h<\/td><td class=\"column-4\">A 104<\/td><td class=\"column-5\">Petra Barbari\u0107, vi\u0161i predava\u010d<\/td>\n<\/tr>\n<tr class=\"row-4\">\n\t<td class=\"column-1\">Engleski za informacijske stru\u010dnjake 2c<\/td><td class=\"column-2\">srijeda<\/td><td class=\"column-3\">17:00 - 18:30 h<\/td><td class=\"column-4\">A 104<\/td><td class=\"column-5\">Petra Barbari\u0107, vi\u0161i predava\u010d<\/td>\n<\/tr>\n<tr class=\"row-5\">\n\t<td class=\"column-1\">Engleski za informacijske stru\u010dnjake 2d<\/td><td class=\"column-2\">\u010detvrtak<\/td><td class=\"column-3\">14:00 - 15:30 h<\/td><td class=\"column-4\">A 104<\/td><td class=\"column-5\">Petra Barbari\u0107, vi\u0161i predava\u010d<\/td>\n<\/tr>\n<tr class=\"row-6\">\n\t<td class=\"column-1\">Engleski za informacijske stru\u010dnjake 2e<\/td><td class=\"column-2\">\u010detvrtak<\/td><td class=\"column-3\">15:30 - 17:00 h<\/td><td class=\"column-4\">A 104<\/td><td class=\"column-5\">Petra Barbari\u0107, vi\u0161i predava\u010d<\/td>\n<\/tr>\n<tr class=\"row-7\">\n\t<td class=\"column-1\">Engleski jezik struke za sociologe  2a<\/td><td class=\"column-2\">petak<\/td><td class=\"column-3\">14:00 - 15:30 h<\/td><td class=\"column-4\">A 220<\/td><td class=\"column-5\">mr. sc. Vivijana Radman, vi\u0161i predava\u010d<\/td>\n<\/tr>\n<tr class=\"row-8\">\n\t<td class=\"column-1\">Engleski jezik struke za sociologe  2b<\/td><td class=\"column-2\">petak<\/td><td class=\"column-3\">15:30 - 17:00 h<\/td><td class=\"column-4\">A 220<\/td><td class=\"column-5\">mr. sc. Vivijana Radman, vi\u0161i predava\u010d<\/td>\n<\/tr>\n<tr class=\"row-9\">\n\t<td class=\"column-1\">Engleski jezik struke za sociologe  2c<\/td><td class=\"column-2\">\u010detvrtak<\/td><td class=\"column-3\">15:30 - 17:00 h<\/td><td class=\"column-4\">A 220<\/td><td class=\"column-5\">mr. sc. Vivijana Radman, vi\u0161i predava\u010d<\/td>\n<\/tr>\n<tr class=\"row-10\">\n\t<td class=\"column-1\">Engleski jezik za akademske potrebe 2<\/td><td class=\"column-2\">srijeda<\/td><td class=\"column-3\">12:30 - 14:00 h<\/td><td class=\"column-4\">A 104<\/td><td class=\"column-5\">mr. sc. Vivijana Radman, vi\u0161i predava\u010d<\/td>\n<\/tr>\n<tr class=\"row-11\">\n\t<td class=\"column-1\">Engleski jezik za akademske potrebe 2<\/td><td class=\"column-2\">srijeda<\/td><td class=\"column-3\">14:00 - 15:30 h<\/td><td class=\"column-4\">A 104<\/td><td class=\"column-5\">mr. sc. Vivijana Radman, vi\u0161i predava\u010d<\/td>\n<\/tr>\n<tr class=\"row-12\">\n\t<td class=\"column-1\">Engleski jezik struke za psihologe 2a<\/td><td class=\"column-2\">srijeda<\/td><td class=\"column-3\">09:00 - 10:30 h<\/td><td class=\"column-4\">A 229<\/td><td class=\"column-5\">dr. sc. Tina Miholjan\u010dan, vi\u0161i predava\u010d<\/td>\n<\/tr>\n<tr class=\"row-13\">\n\t<td class=\"column-1\">Engleski jezik struke za psihologe 2b<\/td><td class=\"column-2\">srijeda<\/td><td class=\"column-3\">10:45 - 12:15 h<\/td><td class=\"column-4\">A 229<\/td><td class=\"column-5\">dr. sc. Tina Miholjan\u010dan, vi\u0161i predava\u010d<\/td>\n<\/tr>\n<tr class=\"row-14\">\n\t<td class=\"column-1\">Engleski jezik struke za psihologe 2c<\/td><td class=\"column-2\">srijeda<\/td><td class=\"column-3\">12:30 - 14:00 h<\/td><td class=\"column-4\">A 229<\/td><td class=\"column-5\">dr. sc. Tina Miholjan\u010dan, vi\u0161i predava\u010d<\/td>\n<\/tr>\n<tr class=\"row-15\">\n\t<td class=\"column-1\">Engleski jezik za akademske potrebe 2<\/td><td class=\"column-2\">ponedjeljak<\/td><td class=\"column-3\">12:30 - 14:00 h<\/td><td class=\"column-4\">A 112<\/td><td class=\"column-5\">dr. sc. Tina Miholjan\u010dan, vi\u0161i predava\u010d<\/td>\n<\/tr>\n<tr class=\"row-16\">\n\t<td class=\"column-1\">Engleski jezik za akademske potrebe 2<\/td><td class=\"column-2\">ponedjeljak<\/td><td class=\"column-3\">14:00 - 15:30 h<\/td><td class=\"column-4\">A 112<\/td><td class=\"column-5\">dr. sc. Tina Miholjan\u010dan, vi\u0161i predava\u010d<\/td>\n<\/tr>\n<tr class=\"row-17\">\n\t<td class=\"column-1\">Engleski jezik za akademske potrebe 2<\/td><td class=\"column-2\">ponedjeljak<\/td><td class=\"column-3\">11:00 - 12:30 h<\/td><td class=\"column-4\">A 215<\/td><td class=\"column-5\">mr. sc. Ines Jelov\u010di\u0107, vi\u0161i predava\u010d<\/td>\n<\/tr>\n<tr class=\"row-18\">\n\t<td class=\"column-1\">Engleski jezik struke za pedagoge 2<\/td><td class=\"column-2\">utorak<\/td><td class=\"column-3\">09:30 - 11:00 h<\/td><td class=\"column-4\">D 5<\/td><td class=\"column-5\">mr. sc. Ines Jelov\u010di\u0107, vi\u0161i predava\u010d<\/td>\n<\/tr>\n<tr class=\"row-19\">\n\t<td class=\"column-1\">Engleski jezik za akademske potrebe 2<\/td><td class=\"column-2\">utorak<\/td><td class=\"column-3\">11:00 - 12:30 h<\/td><td class=\"column-4\">A 102<\/td><td class=\"column-5\">mr. sc. Ines Jelov\u010di\u0107, vi\u0161i predava\u010d<\/td>\n<\/tr>\n<tr class=\"row-20\">\n\t<td class=\"column-1\">Engleski jezik struke za foneti\u010dare 2<\/td><td class=\"column-2\">srijeda<\/td><td class=\"column-3\">08:00 - 09:30 h<\/td><td class=\"column-4\">B 320<\/td><td class=\"column-5\">mr. sc. Ines Jelov\u010di\u0107, vi\u0161i predava\u010d<\/td>\n<\/tr>\n<tr class=\"row-21\">\n\t<td class=\"column-1\">Engleski jezik struke za foneti\u010dare 2<\/td><td class=\"column-2\">srijeda<\/td><td class=\"column-3\">09:30 - 11:00 h<\/td><td class=\"column-4\">B 320<\/td><td class=\"column-5\">mr. sc. Ines Jelov\u010di\u0107, vi\u0161i predava\u010d<\/td>\n<\/tr>\n<tr class=\"row-22\">\n\t<td class=\"column-1\">Engleski jezik za akademske potrebe 2<\/td><td class=\"column-2\">utorak<\/td><td class=\"column-3\">14:00 - 15:30 h<\/td><td class=\"column-4\">A 112<\/td><td class=\"column-5\">Gabriela Bagi\u0107, predava\u010d<\/td>\n<\/tr>\n<tr class=\"row-23\">\n\t<td class=\"column-1\">Engleski jezik za akademske potrebe 2<\/td><td class=\"column-2\">\u010detvrtak<\/td><td class=\"column-3\">11:45 - 13:15 h<\/td><td class=\"column-4\">A 112<\/td><td class=\"column-5\">Gabriela Bagi\u0107, predava\u010d<\/td>\n<\/tr>\n<tr class=\"row-24\">\n\t<td class=\"column-1\">Engleski jezik za akademske potrebe 2<\/td><td class=\"column-2\">\u010detvrtak<\/td><td class=\"column-3\">13:15 - 14:45 h<\/td><td class=\"column-4\">A 112<\/td><td class=\"column-5\">Gabriela Bagi\u0107, predava\u010d<\/td>\n<\/tr>\n<tr class=\"row-25\">\n\t<td class=\"column-1\">Engleski jezik za akademske potrebe 2<\/td><td class=\"column-2\">\u010detvrtak<\/td><td class=\"column-3\">14:45 - 16:15 h<\/td><td class=\"column-4\">A 112<\/td><td class=\"column-5\">Gabriela Bagi\u0107, predava\u010d<\/td>\n<\/tr>\n<tr class=\"row-26\">\n\t<td class=\"column-1\">Engleski jezik za akademske potrebe 2<\/td><td class=\"column-2\">utorak<\/td><td class=\"column-3\">16:15 - 17:45 h<\/td><td class=\"column-4\">A 112<\/td><td class=\"column-5\">Gabriela Bagi\u0107, predava\u010d<\/td>\n<\/tr>\n<\/tbody>\n<tfoot>\n<tr class=\"row-27\">\n\t<td class=\"column-1\"><\/td><td class=\"column-2\"><\/td><td class=\"column-3\"><\/td><td class=\"column-4\"><\/td><td class=\"column-5\"><\/td>\n<\/tr>\n<\/tfoot>\n<\/table>\n<br>\n<h2 id=\"tablepress-12-name\" class=\"tablepress-table-name tablepress-table-name-id-12\">Njema\u010dki jezik za akademske potrebe<\/h2>\n\n<table id=\"tablepress-12\" class=\"tablepress tablepress-id-12\" aria-labelledby=\"tablepress-12-name\">\n<thead>\n<tr class=\"row-1\">\n\t<th class=\"column-1\">KOLEGIJ<\/th><th class=\"column-2\">DAN<\/th><th class=\"column-3\">SAT<\/th><th class=\"column-4\">PROSTORIJA<\/th><th class=\"column-5\">PREDAVA\u010c<\/th>\n<\/tr>\n<\/thead>\n<tbody class=\"row-striping row-hover\">\n<tr class=\"row-2\">\n\t<td class=\"column-1\">Njemacki jezik 2 \u2013 razina A1 (apsolutni po\u010detnici)<\/td><td class=\"column-2\">ponedjeljak<\/td><td class=\"column-3\">15:30 - 17:00 h<\/td><td class=\"column-4\">A 215<\/td><td class=\"column-5\">Azra Pli\u0107ani\u0107 Mesi\u0107, vi\u0161i predava\u010d<\/td>\n<\/tr>\n<tr class=\"row-3\">\n\t<td class=\"column-1\">Njemacki jezik 2 \u2013 razina A1<\/td><td class=\"column-2\">ponedjeljak<\/td><td class=\"column-3\">17:00 - 18:30 h<\/td><td class=\"column-4\">A 215<\/td><td class=\"column-5\">Azra Pli\u0107ani\u0107 Mesi\u0107, vi\u0161i predava\u010d<\/td>\n<\/tr>\n<tr class=\"row-4\">\n\t<td class=\"column-1\">Njema\u010dki jezik 2 - razina A2<\/td><td class=\"column-2\">utorak<\/td><td class=\"column-3\">17:00 - 18:30 h<\/td><td class=\"column-4\">A 215<\/td><td class=\"column-5\">Azra Pli\u0107ani\u0107 Mesi\u0107, vi\u0161i predava\u010d<\/td>\n<\/tr>\n<tr class=\"row-5\">\n\t<td class=\"column-1\">Njema\u010dki jezik za akademske potrebe 2 - razina B1<\/td><td class=\"column-2\">utorak<\/td><td class=\"column-3\">15:30 - 17:00 h<\/td><td class=\"column-4\">A 215<\/td><td class=\"column-5\">Azra Pli\u0107ani\u0107 Mesi\u0107, vi\u0161i predava\u010d<\/td>\n<\/tr>\n<tr class=\"row-6\">\n\t<td class=\"column-1\">Njema\u010dki jezik za akademske potrebe 2 - razina B1+\/B2<\/td><td class=\"column-2\">srijeda<\/td><td class=\"column-3\">17:00 - 18:30 h<\/td><td class=\"column-4\">A 215<\/td><td class=\"column-5\">Azra Pli\u0107ani\u0107 Mesi\u0107, vi\u0161i predava\u010d<\/td>\n<\/tr>\n<tr class=\"row-7\">\n\t<td class=\"column-1\">Njemacki jezik 2 \u2013 razina A1<\/td><td class=\"column-2\">utorak<\/td><td class=\"column-3\">15:30 - 17:00 h<\/td><td class=\"column-4\">A 112<\/td><td class=\"column-5\">dr. sc. Mirjana \u0160njari\u0107, vi\u0161i predava\u010d<\/td>\n<\/tr>\n<tr class=\"row-8\">\n\t<td class=\"column-1\">Njema\u010dki jezik za akademske potrebe 2 - razina B1<\/td><td class=\"column-2\">srijeda<\/td><td class=\"column-3\">09:30 - 11:00 h<\/td><td class=\"column-4\">A 205<\/td><td class=\"column-5\">dr. sc. Mirjana \u0160njari\u0107, vi\u0161i predava\u010d<\/td>\n<\/tr>\n<tr class=\"row-9\">\n\t<td class=\"column-1\">Njemacki jezik 2 \u2013 razina A2<\/td><td class=\"column-2\">srijeda<\/td><td class=\"column-3\">11:00 - 12:30 h<\/td><td class=\"column-4\">A 205<\/td><td class=\"column-5\">dr. sc. Mirjana \u0160njari\u0107, vi\u0161i predava\u010d<\/td>\n<\/tr>\n<tr class=\"row-10\">\n\t<td class=\"column-1\">Njemacki jezik za akademske potrebe 2 \u2013 razina B1<\/td><td class=\"column-2\">\u010detvrtak<\/td><td class=\"column-3\">09:30 - 11:00 h<\/td><td class=\"column-4\">A 102<\/td><td class=\"column-5\">dr. sc. Mirjana \u0160njari\u0107, vi\u0161i predava\u010d<\/td>\n<\/tr>\n<tr class=\"row-11\">\n\t<td class=\"column-1\">Njemacki jezik 2 \u2013 razina A1<\/td><td class=\"column-2\">\u010detvrtak<\/td><td class=\"column-3\">11:00 - 12:30 h<\/td><td class=\"column-4\">F 316<\/td><td class=\"column-5\">dr. sc. Mirjana \u0160njari\u0107, vi\u0161i predava\u010d<\/td>\n<\/tr>\n<\/tbody>\n<tfoot>\n<tr class=\"row-12\">\n\t<td class=\"column-1\"><\/td><td class=\"column-2\"><\/td><td class=\"column-3\"><\/td><td class=\"column-4\"><\/td><td class=\"column-5\"><\/td>\n<\/tr>\n<\/tfoot>\n<\/table>\n<br>\n<h2 id=\"tablepress-13-name\" class=\"tablepress-table-name tablepress-table-name-id-13\">Francuski jezik za akademske potrebe<\/h2>\n\n<table id=\"tablepress-13\" class=\"tablepress tablepress-id-13\" aria-labelledby=\"tablepress-13-name\">\n<thead>\n<tr class=\"row-1\">\n\t<th class=\"column-1\">KOLEGIJ<\/th><th class=\"column-2\">DAN<\/th><th class=\"column-3\">SAT<\/th><th class=\"column-4\">PROSTORIJA<\/th><th class=\"column-5\">PREDAVA\u010c<\/th>\n<\/tr>\n<\/thead>\n<tbody class=\"row-striping row-hover\">\n<tr class=\"row-2\">\n\t<td class=\"column-1\">Francuski jezik 2 - razina A1<\/td><td class=\"column-2\">srijeda<\/td><td class=\"column-3\">09:30 - 11:00 h<\/td><td class=\"column-4\">A 112<\/td><td class=\"column-5\">Jasna \u0106iri\u0107, vi\u0161i predava\u010d<\/td>\n<\/tr>\n<tr class=\"row-3\">\n\t<td class=\"column-1\">Francuski jezik 2 - razina A1<\/td><td class=\"column-2\">srijeda<\/td><td class=\"column-3\">11:00 - 12:30 h<\/td><td class=\"column-4\">A 112<\/td><td class=\"column-5\">Jasna \u0106iri\u0107, vi\u0161i predava\u010d<\/td>\n<\/tr>\n<tr class=\"row-4\">\n\t<td class=\"column-1\">Francuski jezik za akademske potrebe 2 - razina B1<\/td><td class=\"column-2\">\u010detvrtak<\/td><td class=\"column-3\">11:00 - 12:30 h<\/td><td class=\"column-4\">A 213<\/td><td class=\"column-5\">Jasna \u0106iri\u0107, vi\u0161i predava\u010d<\/td>\n<\/tr>\n<tr class=\"row-5\">\n\t<td class=\"column-1\">Francuski jezik 2 - razina A1<\/td><td class=\"column-2\">petak<\/td><td class=\"column-3\">09:30 - 11:00 h<\/td><td class=\"column-4\">A 112<\/td><td class=\"column-5\">Jasna \u0106iri\u0107, vi\u0161i predava\u010d<\/td>\n<\/tr>\n<tr class=\"row-6\">\n\t<td class=\"column-1\">Francuski jezik 2 - razina A2<\/td><td class=\"column-2\">petak<\/td><td class=\"column-3\">11:00 - 12:30 h<\/td><td class=\"column-4\">A 112<\/td><td class=\"column-5\">Jasna \u0106iri\u0107, vi\u0161i predava\u010d<\/td>\n<\/tr>\n<\/tbody>\n<tfoot>\n<tr class=\"row-7\">\n\t<td class=\"column-1\"><\/td><td class=\"column-2\"><\/td><td class=\"column-3\"><\/td><td class=\"column-4\"><\/td><td class=\"column-5\"><\/td>\n<\/tr>\n<\/tfoot>\n<\/table>\n<br>\n<h2 id=\"tablepress-14-name\" class=\"tablepress-table-name tablepress-table-name-id-14\">\u0160panjolski jezik za akademske potrebe<\/h2>\n\n<table id=\"tablepress-14\" class=\"tablepress tablepress-id-14\" aria-labelledby=\"tablepress-14-name\">\n<thead>\n<tr class=\"row-1\">\n\t<th class=\"column-1\">KOLEGIJ<\/th><th class=\"column-2\">DAN<\/th><th class=\"column-3\">SAT<\/th><th class=\"column-4\">PROSTORIJA<\/th><th class=\"column-5\">PREDAVA\u010c<\/th>\n<\/tr>\n<\/thead>\n<tbody class=\"row-striping row-hover\">\n<tr class=\"row-2\">\n\t<td class=\"column-1\">\u0160panjolski jezik 2 - razina A1<\/td><td class=\"column-2\">ponedjeljak<\/td><td class=\"column-3\">11:00 - 12:30 h<\/td><td class=\"column-4\">A 112<\/td><td class=\"column-5\">Ana Matijevi\u0107, vi\u0161i predava\u010d<\/td>\n<\/tr>\n<tr class=\"row-3\">\n\t<td class=\"column-1\">\u0160panjolski jezik za akademske potrebe 2 - razina B1<\/td><td class=\"column-2\">ponedjeljak<\/td><td class=\"column-3\">12:30 - 14:00 h<\/td><td class=\"column-4\">A 111<\/td><td class=\"column-5\">Ana Matijevi\u0107, vi\u0161i predava\u010d<\/td>\n<\/tr>\n<tr class=\"row-4\">\n\t<td class=\"column-1\">\u0160panjolski jezik 2 - razina A1<\/td><td class=\"column-2\">utorak<\/td><td class=\"column-3\">11:00 - 12:30 h<\/td><td class=\"column-4\">A 112<\/td><td class=\"column-5\">Ana Matijevi\u0107, vi\u0161i predava\u010d<\/td>\n<\/tr>\n<tr class=\"row-5\">\n\t<td class=\"column-1\">\u0160panjolski jezik 2 \u2013 razina A2<\/td><td class=\"column-2\">utorak<\/td><td class=\"column-3\">12:30 - 14:00 h<\/td><td class=\"column-4\">A 112<\/td><td class=\"column-5\">Ana Matijevi\u0107, vi\u0161i predava\u010d<\/td>\n<\/tr>\n<tr class=\"row-6\">\n\t<td class=\"column-1\">\u0160panjolski jezik 2 - razina A1<\/td><td class=\"column-2\">\u010detvrtak<\/td><td class=\"column-3\">09:30 - 11:00 h<\/td><td class=\"column-4\">A 112<\/td><td class=\"column-5\">Ana Matijevi\u0107, vi\u0161i predava\u010d<\/td>\n<\/tr>\n<\/tbody>\n<tfoot>\n<tr class=\"row-7\">\n\t<td class=\"column-1\"><\/td><td class=\"column-2\"><\/td><td class=\"column-3\"><\/td><td class=\"column-4\"><\/td><td class=\"column-5\"><\/td>\n<\/tr>\n<\/tfoot>\n<\/table>\n<br>\n<h2 id=\"tablepress-15-name\" class=\"tablepress-table-name tablepress-table-name-id-15\">Talijanski jezik za akademske potrebe<\/h2>\n\n<table id=\"tablepress-15\" class=\"tablepress tablepress-id-15\" aria-labelledby=\"tablepress-15-name\">\n<thead>\n<tr class=\"row-1\">\n\t<th class=\"column-1\">KOLEGIJ<\/th><th class=\"column-2\">DAN<\/th><th class=\"column-3\">SAT<\/th><th class=\"column-4\">PROSTORIJA<\/th><th class=\"column-5\">PREDAVA\u010c<\/th>\n<\/tr>\n<\/thead>\n<tbody class=\"row-striping row-hover\">\n<tr class=\"row-2\">\n\t<td class=\"column-1\">Talijanski jezik 2 \u2013 razina A2<\/td><td class=\"column-2\">utorak<\/td><td class=\"column-3\">09:30 - 11:00 h<\/td><td class=\"column-4\">A 215<\/td><td class=\"column-5\">dr. sc. Arijela Fabrio, vi\u0161i predava\u010d<\/td>\n<\/tr>\n<tr class=\"row-3\">\n\t<td class=\"column-1\">Talijanski jezik 2 - razina A1<\/td><td class=\"column-2\">utorak<\/td><td class=\"column-3\">11:00 - 12:30 h<\/td><td class=\"column-4\">A 228<\/td><td class=\"column-5\">dr. sc. Arijela Fabrio, vi\u0161i predava\u010d<\/td>\n<\/tr>\n<tr class=\"row-4\">\n\t<td class=\"column-1\">Talijanski jezik 12 - razina A1<\/td><td class=\"column-2\">utorak<\/td><td class=\"column-3\">12:30 - 14:00 h<\/td><td class=\"column-4\">A 102<\/td><td class=\"column-5\">dr. sc. Arijela Fabrio, vi\u0161i predava\u010d<\/td>\n<\/tr>\n<tr class=\"row-5\">\n\t<td class=\"column-1\">Talijanski jezik za akademske potrebe 2 - razina B1<\/td><td class=\"column-2\">\u010detvrtak<\/td><td class=\"column-3\">09:30 - 11:00 h<\/td><td class=\"column-4\">A 111<\/td><td class=\"column-5\">dr. sc. Arijela Fabrio, vi\u0161i predava\u010d<\/td>\n<\/tr>\n<tr class=\"row-6\">\n\t<td class=\"column-1\">Talijanski jezik 2 - razina A1<\/td><td class=\"column-2\">\u010detvrtak<\/td><td class=\"column-3\">11:00 - 12:30 h<\/td><td class=\"column-4\">A 111<\/td><td class=\"column-5\">dr. sc. Arijela Fabrio, vi\u0161i predava\u010d<\/td>\n<\/tr>\n<\/tbody>\n<tfoot>\n<tr class=\"row-7\">\n\t<td class=\"column-1\"><\/td><td class=\"column-2\"><\/td><td class=\"column-3\"><\/td><td class=\"column-4\"><\/td><td class=\"column-5\"><\/td>\n<\/tr>\n<\/tfoot>\n<\/table>\n<br>\n<h2 id=\"tablepress-16-name\" class=\"tablepress-table-name tablepress-table-name-id-16\">Ruski jezik za akademske potrebe<\/h2>\n\n<table id=\"tablepress-16\" class=\"tablepress tablepress-id-16\" aria-labelledby=\"tablepress-16-name\">\n<thead>\n<tr class=\"row-1\">\n\t<th class=\"column-1\">KOLEGIJ<\/th><th class=\"column-2\">DAN<\/th><th class=\"column-3\">SAT<\/th><th class=\"column-4\">PROSTORIJA<\/th><th class=\"column-5\">PREDAVA\u010c<\/th>\n<\/tr>\n<\/thead>\n<tbody class=\"row-striping row-hover\">\n<tr class=\"row-2\">\n\t<td class=\"column-1\">Ruski jezik 2 - razina A1<\/td><td class=\"column-2\">srijeda<\/td><td class=\"column-3\">15:30 - 17:00 h<\/td><td class=\"column-4\">A 213<\/td><td class=\"column-5\">dr. sc. Sanja Ver\u0161i\u0107, vi\u0161i predava\u010d<\/td>\n<\/tr>\n<tr class=\"row-3\">\n\t<td class=\"column-1\">Ruski jezik za akademske potrebe 2 \u2013 razina B1<\/td><td class=\"column-2\">srijeda<\/td><td class=\"column-3\">17:00 - 18:30 h<\/td><td class=\"column-4\">A 213<\/td><td class=\"column-5\">dr. sc. Sanja Ver\u0161i\u0107, vi\u0161i predava\u010d<\/td>\n<\/tr>\n<tr class=\"row-4\">\n\t<td class=\"column-1\">Ruski jezik 2 - razina A1<\/td><td class=\"column-2\">\u010detvrtak<\/td><td class=\"column-3\">16:15 - 17:45 h<\/td><td class=\"column-4\">A 312<\/td><td class=\"column-5\">dr. sc. Sanja Ver\u0161i\u0107, vi\u0161i predava\u010d<\/td>\n<\/tr>\n<tr class=\"row-5\">\n\t<td class=\"column-1\">Ruski jezik 2 - razina A1<\/td><td class=\"column-2\">petak<\/td><td class=\"column-3\">12:30 - 14:00 h<\/td><td class=\"column-4\">A 301<\/td><td class=\"column-5\">dr. sc. Sanja Ver\u0161i\u0107, vi\u0161i predava\u010d<\/td>\n<\/tr>\n<tr class=\"row-6\">\n\t<td class=\"column-1\">Ruski jezik 2 - razina A2<\/td><td class=\"column-2\">petak<\/td><td class=\"column-3\">14:00 - 15:30 h<\/td><td class=\"column-4\">A 301<\/td><td class=\"column-5\">dr. sc. Sanja Ver\u0161i\u0107, vi\u0161i predava\u010d<\/td>\n<\/tr>\n<\/tbody>\n<tfoot>\n<tr class=\"row-7\">\n\t<td class=\"column-1\"><\/td><td class=\"column-2\"><\/td><td class=\"column-3\"><\/td><td class=\"column-4\"><\/td><td class=\"column-5\"><\/td>\n<\/tr>\n<\/tfoot>\n<\/table>\n<\/p>\n<p>&nbsp;<\/p>\n\n\n<p><\/p>\n","protected":false},"excerpt":{"rendered":"<p>&nbsp;<\/p>\n","protected":false},"author":1,"featured_media":0,"parent":0,"menu_order":0,"comment_status":"closed","ping_status":"closed","template":"page-templates\/full-width.php","meta":{"footnotes":""},"class_list":["post-392","page","type-page","status-publish","hentry"],"_links":{"self":[{"href":"https:\/\/centar.ffzg.unizg.hr\/index.php?rest_route=\/wp\/v2\/pages\/392","targetHints":{"allow":["GET"]}}],"collection":[{"href":"https:\/\/centar.ffzg.unizg.hr\/index.php?rest_route=\/wp\/v2\/pages"}],"about":[{"href":"https:\/\/centar.ffzg.unizg.hr\/index.php?rest_route=\/wp\/v2\/types\/page"}],"author":[{"embeddable":true,"href":"https:\/\/centar.ffzg.unizg.hr\/index.php?rest_route=\/wp\/v2\/users\/1"}],"replies":[{"embeddable":true,"href":"https:\/\/centar.ffzg.unizg.hr\/index.php?rest_route=%2Fwp%2Fv2%2Fcomments&post=392"}],"version-history":[{"count":34,"href":"https:\/\/centar.ffzg.unizg.hr\/index.php?rest_route=\/wp\/v2\/pages\/392\/revisions"}],"predecessor-version":[{"id":10211,"href":"https:\/\/centar.ffzg.unizg.hr\/index.php?rest_route=\/wp\/v2\/pages\/392\/revisions\/10211"}],"wp:attachment":[{"href":"https:\/\/centar.ffzg.unizg.hr\/index.php?rest_route=%2Fwp%2Fv2%2Fmedia&parent=392"}],"curies":[{"name":"wp","href":"https:\/\/api.w.org\/{rel}","templated":true}]}}