{"id":5106,"date":"2018-02-21T15:33:42","date_gmt":"2018-02-21T13:33:42","guid":{"rendered":"http:\/\/www.ffzg.unizg.hr\/centar\/?page_id=5106"},"modified":"2025-10-08T11:27:02","modified_gmt":"2025-10-08T09:27:02","slug":"sanja-versic","status":"publish","type":"page","link":"https:\/\/centar.ffzg.unizg.hr\/?page_id=5106","title":{"rendered":"dr. sc. Sanja Ver\u0161i\u0107"},"content":{"rendered":"<p><a href=\"mailto:sversic@m.ffzg.hr\">sversic@m.ffzg.hr<\/a><\/p>\n<p><strong>Biografija:<\/strong><\/p>\n<p>2019. izabrana u nastavno zvanje predava\u010dice u podru\u010dju humanisti\u010dkih znanosti, znanstveno polje filologija, znanstvena grana slavistika na Filozofskom fakultetu u Zagrebu, u Centru za strane jezike<\/p>\n<p>2018. \/ 2019. nositeljica kolegija Ruski jezik za akademske potrebe u Centru za strane jezike Filozofskog fakulteta u Zagrebu<\/p>\n<p>2014. \/ 2015. izvodi te\u010dajnu nastavu ruskog jezika i od 2015\/2016. kolegij Ruski jezik za akademske potrebe u svojstvu vanjske suradnice u Centru za strane jezike Filozofskog fakulteta u Zagrebu<\/p>\n<p>2012. &#8211;\u00a0 2013. honorarno odr\u017eavanje nastave talijanskog jezika (Svjetski jezici Zagreb),\u00a0 privatna poduka i prevo\u0111enje s ruskoga<\/p>\n<p>2012. doktorirala na Filozofskom fakultetu u Zagrebu iz znanstvenog podru\u010dja humanisti\u010dkih znanosti, znanstvenog polja filologije, znanstvene grane slavistike na temu \u201eKoncepcija prostora Pavla Florenskoga u kontekstu ruskoga kozmizma\u201c<\/p>\n<p>2006. usmeno prevo\u0111enje za potrebe Vlade RH na i s talijanskog i ruskog (Kazahstan)<\/p>\n<p>2003. magistrirala na Filozofskom fakultetu u Zagrebu iz znanstvenog podru\u010dja humanisti\u010dkih znanosti, polja znanosti o knji\u017eevnosti, na temu \u201eKultura kao semioti\u010dki problem u djelu Jurija Lotmana\u201c<\/p>\n<p>1996. &#8211; 2011. nastavnica talijanskog jezika u Dru\u0161tvu Dante Alighieri, Zagreb<\/p>\n<p>1996. honorarna prevoditeljica ruskog jezika u gra\u0111evinskom sektoru, Conip G.m.b.H. (Moskva, Ruska Federacija)<\/p>\n<p>1994. prevoditeljica ruskog jezika u gra\u0111evinskom sektoru, Hidroelektra d.d. (Jalta, Krim)<\/p>\n<p>1994. diplomirala na Filozofskom fakultetu u Zagrebu talijanski jezik i knji\u017eevnost i ruski jezik i knji\u017eevnost<\/p>\n","protected":false},"excerpt":{"rendered":"<p>sversic@m.ffzg.hr Biografija: 2019. izabrana u nastavno zvanje predava\u010dice u podru\u010dju humanisti\u010dkih znanosti, znanstveno polje filologija, znanstvena grana slavistika na Filozofskom fakultetu u Zagrebu, u Centru za strane jezike 2018. \/ 2019. nositeljica kolegija Ruski jezik za akademske potrebe u Centru za strane jezike Filozofskog fakulteta u Zagrebu 2014. \/ 2015. izvodi te\u010dajnu nastavu ruskog jezika [&hellip;]<\/p>\n","protected":false},"author":3,"featured_media":0,"parent":0,"menu_order":0,"comment_status":"closed","ping_status":"closed","template":"","meta":{"footnotes":""},"class_list":["post-5106","page","type-page","status-publish","hentry"],"_links":{"self":[{"href":"https:\/\/centar.ffzg.unizg.hr\/index.php?rest_route=\/wp\/v2\/pages\/5106","targetHints":{"allow":["GET"]}}],"collection":[{"href":"https:\/\/centar.ffzg.unizg.hr\/index.php?rest_route=\/wp\/v2\/pages"}],"about":[{"href":"https:\/\/centar.ffzg.unizg.hr\/index.php?rest_route=\/wp\/v2\/types\/page"}],"author":[{"embeddable":true,"href":"https:\/\/centar.ffzg.unizg.hr\/index.php?rest_route=\/wp\/v2\/users\/3"}],"replies":[{"embeddable":true,"href":"https:\/\/centar.ffzg.unizg.hr\/index.php?rest_route=%2Fwp%2Fv2%2Fcomments&post=5106"}],"version-history":[{"count":13,"href":"https:\/\/centar.ffzg.unizg.hr\/index.php?rest_route=\/wp\/v2\/pages\/5106\/revisions"}],"predecessor-version":[{"id":10138,"href":"https:\/\/centar.ffzg.unizg.hr\/index.php?rest_route=\/wp\/v2\/pages\/5106\/revisions\/10138"}],"wp:attachment":[{"href":"https:\/\/centar.ffzg.unizg.hr\/index.php?rest_route=%2Fwp%2Fv2%2Fmedia&parent=5106"}],"curies":[{"name":"wp","href":"https:\/\/api.w.org\/{rel}","templated":true}]}}