{"id":5138,"date":"2018-02-22T14:38:10","date_gmt":"2018-02-22T12:38:10","guid":{"rendered":"http:\/\/www.ffzg.unizg.hr\/centar\/?page_id=5138"},"modified":"2021-12-06T12:11:12","modified_gmt":"2021-12-06T10:11:12","slug":"petrica-aleksic","status":"publish","type":"page","link":"https:\/\/centar.ffzg.unizg.hr\/?page_id=5138","title":{"rendered":"Petrica Aleksi\u0107"},"content":{"rendered":"<p><img loading=\"lazy\" decoding=\"async\" class=\"size-thumbnail wp-image-5139 alignleft\" src=\"https:\/\/centar.ffzg.unizg.hr\/wp-content\/uploads\/2018\/02\/Petrica-89x150.jpg\" alt=\"\" width=\"89\" height=\"150\"><\/p>\n<p>&nbsp;<\/p>\n<p>&nbsp;<\/p>\n<p><a href=\"mailto:petrica.aleksic@gmail.com\">petrica.aleksic@gmail.com<\/a><\/p>\n<p>&nbsp;<\/p>\n<p>&nbsp;<\/p>\n<p><strong>Biografija:<\/strong><\/p>\n<p><strong>2017.<\/strong> \u2013 izvo\u0111a\u010d kolegija Engleski jezik za akademske potrebe 1, Engleski jezik za akademske potrebe 3 i Engleski jezik za psihologe 1, Filozofski fakultet Sveu\u010dili\u0161te u Zagrebu<\/p>\n<p><strong>2017.<\/strong> \u2013 magistra Engleskog jezika i knji\u017eevnosti i povijesti<\/p>\n<p><strong>2016.<\/strong>&nbsp; \u2013 predava\u010d te\u010daja engleskog jezika u Centru za strane jezike Filozofskog fakulteta Sveu\u010dili\u0161ta u Zagrebu<\/p>\n<p><strong>2016.<\/strong> \u2013 predava\u010d individualnih i grupnih te\u010dajeva poslovnog engleskog jezika u poduze\u0107u HalPet d. o. o. (predava\u010d engleskog jezika u raznim tvrtkama: Meggle, INA, TRS, Mercury Processing Services International, HETA Asset Resolution i druge)<\/p>\n<p><strong>2014.<\/strong> \u2013 prvostupnica Engleskog jezika i knji\u017eevnosti i povijesti<\/p>\n<p>&nbsp;<\/p>\n<p>&nbsp;<\/p>\n<p>&nbsp;<\/p>\n","protected":false},"excerpt":{"rendered":"<p>&nbsp; &nbsp; petrica.aleksic@gmail.com &nbsp; &nbsp; Biografija: 2017. \u2013 izvo\u0111a\u010d kolegija Engleski jezik za akademske potrebe 1, Engleski jezik za akademske potrebe 3 i Engleski jezik za psihologe 1, Filozofski fakultet Sveu\u010dili\u0161te u Zagrebu 2017. \u2013 magistra Engleskog jezika i knji\u017eevnosti i povijesti 2016.&nbsp; \u2013 predava\u010d te\u010daja engleskog jezika u Centru za strane jezike Filozofskog fakulteta [&hellip;]<\/p>\n","protected":false},"author":3,"featured_media":0,"parent":0,"menu_order":0,"comment_status":"closed","ping_status":"closed","template":"","meta":{"footnotes":""},"class_list":["post-5138","page","type-page","status-publish","hentry"],"_links":{"self":[{"href":"https:\/\/centar.ffzg.unizg.hr\/index.php?rest_route=\/wp\/v2\/pages\/5138","targetHints":{"allow":["GET"]}}],"collection":[{"href":"https:\/\/centar.ffzg.unizg.hr\/index.php?rest_route=\/wp\/v2\/pages"}],"about":[{"href":"https:\/\/centar.ffzg.unizg.hr\/index.php?rest_route=\/wp\/v2\/types\/page"}],"author":[{"embeddable":true,"href":"https:\/\/centar.ffzg.unizg.hr\/index.php?rest_route=\/wp\/v2\/users\/3"}],"replies":[{"embeddable":true,"href":"https:\/\/centar.ffzg.unizg.hr\/index.php?rest_route=%2Fwp%2Fv2%2Fcomments&post=5138"}],"version-history":[{"count":4,"href":"https:\/\/centar.ffzg.unizg.hr\/index.php?rest_route=\/wp\/v2\/pages\/5138\/revisions"}],"predecessor-version":[{"id":8519,"href":"https:\/\/centar.ffzg.unizg.hr\/index.php?rest_route=\/wp\/v2\/pages\/5138\/revisions\/8519"}],"wp:attachment":[{"href":"https:\/\/centar.ffzg.unizg.hr\/index.php?rest_route=%2Fwp%2Fv2%2Fmedia&parent=5138"}],"curies":[{"name":"wp","href":"https:\/\/api.w.org\/{rel}","templated":true}]}}