{"id":5364,"date":"2018-09-17T15:26:42","date_gmt":"2018-09-17T13:26:42","guid":{"rendered":"http:\/\/www.ffzg.unizg.hr\/centar\/?page_id=5364"},"modified":"2025-10-08T11:36:12","modified_gmt":"2025-10-08T09:36:12","slug":"mr-sc-ines-jelovcic","status":"publish","type":"page","link":"https:\/\/centar.ffzg.unizg.hr\/?page_id=5364","title":{"rendered":"mr. sc. Ines Jelov\u010di\u0107"},"content":{"rendered":"<p><img loading=\"lazy\" decoding=\"async\" class=\"alignleft size-full wp-image-1596\" src=\"https:\/\/centar.ffzg.unizg.hr\/wp-content\/uploads\/2014\/07\/Ines.jpg\" alt=\"\" width=\"74\" height=\"100\" \/><\/p>\n<p><a href=\"mailto:ijelovci@m.ffzg.hr\">ijelovci@<\/a><a href=\"mailto:ijelovci@m.ffzg.hr\">m.ffzg<\/a><a href=\"mailto:msnjaric@ffzg.unizg.hr\">.hr<\/a><\/p>\n\n<table id=\"tablepress-92\" class=\"tablepress tablepress-id-92\">\n<thead>\n<tr class=\"row-1\">\n\t<td class=\"column-1\"><\/td><td class=\"column-2\"><\/td>\n<\/tr>\n<\/thead>\n<tbody class=\"row-striping row-hover\">\n<tr class=\"row-2\">\n\t<td class=\"column-1\"><strong>Kolegiji:<\/strong><\/td><td class=\"column-2\">Engleski jezik za akademske potrebe 1<br \/>\nEngleski jezik za akademske potrebe 2<br \/>\n<\/td>\n<\/tr>\n<tr class=\"row-3\">\n\t<td class=\"column-1\"><strong>Biografija:<\/strong><\/td><td class=\"column-2\"><strong>2014.<\/strong> Poslijediplomski doktorski studij hrvatske kulture<br \/>\n<br \/>\n<strong>2012.<\/strong> Magisterij znanosti iz ameri\u010dkih studija, Filozofski fakultet, Sveu\u010dili\u0161te u Zagrebu<br \/>\n<br \/>\n<strong>2004 - 2007.<\/strong> voditeljica Centra za strane jezike Filozofskog fakulteta<br \/>\n<br \/>\n<strong>2003.<\/strong>\tpredava\u010dica u Centru za strane jezike Filozofskog fakulteta<br \/>\n<br \/>\n<strong>2009.<\/strong>\tvi\u0161a predava\u010dica u Centru za strane jezike Filozofskog fakulteta<br \/>\n<br \/>\n<strong>1999 - 2001.<\/strong> voditeljica Centra za strane jezike Filozofskog fakulteta<br \/>\n<br \/>\n<strong>1989 - 2003.<\/strong> stru\u010dna suradnica u Centru za strane jezike Filozofskog fakulteta<br \/>\n\t<br \/>\n<strong>1989.<\/strong>\tdiploma iz engleskog jezika i knji\u017eevnosti i talijanskog jezika i knji\u017eevnosti, Filozofski fakultet Sveu\u010dili\u0161ta u Zagrebu<\/td>\n<\/tr>\n<tr class=\"row-4\">\n\t<td class=\"column-1\"><strong>Podru\u010dje istra\u017eivanja:<\/strong><\/td><td class=\"column-2\">kontrastna lingvistika, ameri\u010dki engleski, ameri\u010dka i hrvatska kultura,, suodnos jezika i kulture<\/td>\n<\/tr>\n<tr class=\"row-5\">\n\t<td class=\"column-1\"><strong>\u010clanstva:<\/strong><\/td><td class=\"column-2\">Hrvatsko udru\u017eenje profesora engleskog jezika<\/td>\n<\/tr>\n<tr class=\"row-6\">\n\t<td class=\"column-1\"><strong>Izlaganja na znanstvenim i stru\u010dnim skupovima:<\/strong><\/td><td class=\"column-2\">Jelov\u010di\u0107, Ines ; \u0106iri\u0107, Jasna ;<br \/>\nAcademic listening in language for Academic purposes \/ Proceedings of the Sixth International Conference on the Importance of Learning Professional Foreign Languages for Communication between Cultures, Celje, Slovenia, 19 and 20 September 2013 [Naziv skupa: Sixth International Conference on the Importance of Learning Professional Foreign Languages for Communication between Cultures, Celje, Slovenia, 19 and 20 September 2013]<br \/>\n<br \/>\nJelov\u010di\u0107, Ines ; Barbari\u0107, Petra ;<br \/>\nPresentation Techniques and Topics in EAP \/ Proceedings of the Sixth International Conference on the Importance of Learning Professional Foreign Languages for Communication between Cultures, Celje, Slovenia, 19 and 20 September 2013 [Naziv skupa: Sixth International Conference on the Importance of Learning Professional Foreign Languages for Communication between Cultures, Celje, Slovenia, 19 and 20 September 2013]<br \/>\n<br \/>\nPle\u0161e, D ; Jelov\u010di\u0107, Ines ;<br \/>\nAcademic English in Sciences and Humanities after Seven Years of Bologna at the University of Zagreb \/ [Naziv skupa: Proceedings of the 5th International Conference on the Importance of Learning Professional Foreign Languages for Communication between Cultures, University of Maribor, Faculty of Logistics, Celje, Slovenia, 20 and 21 September 2012]<br \/>\n<br \/>\nRadman V., I. Jelov\u010di\u0107: Define, Clasify, Exemplify..., 19th Annual HUPE Conference, Opatija, April 7-10, 2011.<br \/>\n<br \/>\nJelov\u010di\u0107, I., Ple\u0161e, D.: Reading and Understanding ESP Texts, 17th Annual HUPE \tConference, Opatija, April 16-19, 2009. <\/td>\n<\/tr>\n<tr class=\"row-7\">\n\t<td class=\"column-1\"><strong>Izbor iz bibliografije:<\/strong><\/td><td class=\"column-2\"><a href=\"http:\/\/koha.ffzg.hr\/bibliografija\/692.html\">Bibliografija<\/a><\/td>\n<\/tr>\n<\/tbody>\n<tfoot>\n<tr class=\"row-8\">\n\t<td class=\"column-1\"><\/td><td class=\"column-2\"><\/td>\n<\/tr>\n<\/tfoot>\n<\/table>\n<!-- #tablepress-92 from cache -->\n\n\n<p><\/p>\n","protected":false},"excerpt":{"rendered":"<p>ijelovci@m.ffzg.hr<\/p>\n","protected":false},"author":3,"featured_media":0,"parent":0,"menu_order":0,"comment_status":"closed","ping_status":"closed","template":"","meta":{"footnotes":""},"class_list":["post-5364","page","type-page","status-publish","hentry"],"_links":{"self":[{"href":"https:\/\/centar.ffzg.unizg.hr\/index.php?rest_route=\/wp\/v2\/pages\/5364","targetHints":{"allow":["GET"]}}],"collection":[{"href":"https:\/\/centar.ffzg.unizg.hr\/index.php?rest_route=\/wp\/v2\/pages"}],"about":[{"href":"https:\/\/centar.ffzg.unizg.hr\/index.php?rest_route=\/wp\/v2\/types\/page"}],"author":[{"embeddable":true,"href":"https:\/\/centar.ffzg.unizg.hr\/index.php?rest_route=\/wp\/v2\/users\/3"}],"replies":[{"embeddable":true,"href":"https:\/\/centar.ffzg.unizg.hr\/index.php?rest_route=%2Fwp%2Fv2%2Fcomments&post=5364"}],"version-history":[{"count":9,"href":"https:\/\/centar.ffzg.unizg.hr\/index.php?rest_route=\/wp\/v2\/pages\/5364\/revisions"}],"predecessor-version":[{"id":10144,"href":"https:\/\/centar.ffzg.unizg.hr\/index.php?rest_route=\/wp\/v2\/pages\/5364\/revisions\/10144"}],"wp:attachment":[{"href":"https:\/\/centar.ffzg.unizg.hr\/index.php?rest_route=%2Fwp%2Fv2%2Fmedia&parent=5364"}],"curies":[{"name":"wp","href":"https:\/\/api.w.org\/{rel}","templated":true}]}}