{"id":5370,"date":"2018-09-17T15:33:14","date_gmt":"2018-09-17T13:33:14","guid":{"rendered":"http:\/\/www.ffzg.unizg.hr\/centar\/?page_id=5370"},"modified":"2025-10-08T11:26:17","modified_gmt":"2025-10-08T09:26:17","slug":"dr-sc-mirjana-snjaric","status":"publish","type":"page","link":"https:\/\/centar.ffzg.unizg.hr\/?page_id=5370","title":{"rendered":"dr. sc. Mirjana \u0160njari\u0107"},"content":{"rendered":"<p><a href=\"mailto:msnjaric@ffzg.hr\"><img loading=\"lazy\" decoding=\"async\" class=\"size-full wp-image-1573 alignleft\" src=\"https:\/\/centar.ffzg.unizg.hr\/wp-content\/uploads\/2014\/07\/Mirjana.jpg\" alt=\"\" width=\"80\" height=\"100\" \/><\/a><\/p>\n<p><a href=\"mailto:msnjaric@m.ffzg.hr\">msnjaric@m.ffzg.hr<\/a><\/p>\n\n<table id=\"tablepress-88\" class=\"tablepress tablepress-id-88\">\n<thead>\n<tr class=\"row-1\">\n\t<td class=\"column-1\"><\/td><td class=\"column-2\"><\/td>\n<\/tr>\n<\/thead>\n<tbody class=\"row-striping row-hover\">\n<tr class=\"row-2\">\n\t<td class=\"column-1\"><strong>Kolegiji:<\/strong><\/td><td class=\"column-2\">Njema\u010dki jezik za akademske potrebe 1<br \/>\nNjema\u010dki jezik za akademske potrebe 2<br \/>\nNjema\u010dki jezik za akademske potrebe 3<br \/>\nNjema\u010dki jezik za akademske potrebe 4<\/td>\n<\/tr>\n<tr class=\"row-3\">\n\t<td class=\"column-1\"><strong>Biografija:<\/strong><\/td><td class=\"column-2\"><strong>2018.<\/strong> Obranila doktorski rad pod naslovom: \"Glagolsko - imeni\u010dke op\u0107eznanstvene kolokacije u hrvatskom i njema\u010dkom jeziku\"<br \/>\n<strong>2009 - 2012.<\/strong>  Doktorski  studij lingvistike<br \/>\n<strong>2009.<\/strong> Vi\u0161a predava\u010dica za njema\u010dki jezik u Centru za strane jezike Filozofskog fakulteta <br \/>\n<strong>2008.<\/strong> Poslijediplomski specijalisti\u010dki studij prevoditeljstva<br \/>\n<strong>2003.<\/strong> Predava\u010dica za njema\u010dki jezik u Centru za strane jezike Filozofskog fakulteta<br \/>\n<strong>1992.<\/strong> Diploma iz njema\u010dkog jezika i knji\u017eevnosti i povijesti<\/td>\n<\/tr>\n<tr class=\"row-4\">\n\t<td class=\"column-1\"><strong>Stru\u010dna usavr\u0161avanja:<\/strong><\/td><td class=\"column-2\"><\/td>\n<\/tr>\n<tr class=\"row-5\">\n\t<td class=\"column-1\"><strong>\u010clanstva:<\/strong><\/td><td class=\"column-2\">HDPL<br \/>\nEURALEX<\/td>\n<\/tr>\n<tr class=\"row-6\">\n\t<td class=\"column-1\"><strong>Izlaganja na znanstvenim i stru\u010dnim skupovima:<\/strong><\/td><td class=\"column-2\"><\/td>\n<\/tr>\n<tr class=\"row-7\">\n\t<td class=\"column-1\"><strong>Izbor iz bibliografije:<\/strong><\/td><td class=\"column-2\"><a href=\"http:\/\/koha.ffzg.hr\/bibliografija\/744.html\">Bibliografija<\/a><br \/>\n\u201eKollokationen im Fremdsprachenunterricht\u201c, Strani jezici\u201c (2009).<br \/>\n\u201eKollokationen in der Phraseologie\u201c (prihva\u0107eno za objavljivanje).<br \/>\n\u201eStra\u017enji tjesna\u010dnici u hrvatskome i njema\u010dkome jeziku\u201c (prihva\u0107eno za objavljivanje).<\/td>\n<\/tr>\n<\/tbody>\n<tfoot>\n<tr class=\"row-8\">\n\t<td class=\"column-1\"><\/td><td class=\"column-2\"><\/td>\n<\/tr>\n<\/tfoot>\n<\/table>\n\n\n\n<p><\/p>\n","protected":false},"excerpt":{"rendered":"<p>msnjaric@m.ffzg.hr<\/p>\n","protected":false},"author":3,"featured_media":0,"parent":0,"menu_order":0,"comment_status":"closed","ping_status":"closed","template":"","meta":{"footnotes":""},"class_list":["post-5370","page","type-page","status-publish","hentry"],"_links":{"self":[{"href":"https:\/\/centar.ffzg.unizg.hr\/index.php?rest_route=\/wp\/v2\/pages\/5370","targetHints":{"allow":["GET"]}}],"collection":[{"href":"https:\/\/centar.ffzg.unizg.hr\/index.php?rest_route=\/wp\/v2\/pages"}],"about":[{"href":"https:\/\/centar.ffzg.unizg.hr\/index.php?rest_route=\/wp\/v2\/types\/page"}],"author":[{"embeddable":true,"href":"https:\/\/centar.ffzg.unizg.hr\/index.php?rest_route=\/wp\/v2\/users\/3"}],"replies":[{"embeddable":true,"href":"https:\/\/centar.ffzg.unizg.hr\/index.php?rest_route=%2Fwp%2Fv2%2Fcomments&post=5370"}],"version-history":[{"count":7,"href":"https:\/\/centar.ffzg.unizg.hr\/index.php?rest_route=\/wp\/v2\/pages\/5370\/revisions"}],"predecessor-version":[{"id":10137,"href":"https:\/\/centar.ffzg.unizg.hr\/index.php?rest_route=\/wp\/v2\/pages\/5370\/revisions\/10137"}],"wp:attachment":[{"href":"https:\/\/centar.ffzg.unizg.hr\/index.php?rest_route=%2Fwp%2Fv2%2Fmedia&parent=5370"}],"curies":[{"name":"wp","href":"https:\/\/api.w.org\/{rel}","templated":true}]}}