{"id":5376,"date":"2018-09-17T15:38:45","date_gmt":"2018-09-17T13:38:45","guid":{"rendered":"http:\/\/www.ffzg.unizg.hr\/centar\/?page_id=5376"},"modified":"2025-10-08T11:34:01","modified_gmt":"2025-10-08T09:34:01","slug":"mirela-landsman-vinkovic","status":"publish","type":"page","link":"https:\/\/centar.ffzg.unizg.hr\/?page_id=5376","title":{"rendered":"Mirela Landsman Vinkovi\u0107"},"content":{"rendered":"<table border=\"0\" width=\"100%\" cellspacing=\"0\" cellpadding=\"10\">\n<tbody>\n<tr bgcolor=\"#f0f0f0\">\n<td valign=\"middle\">\n<div>\n<p align=\"left\"><b>MIRELA LANDSMAN VINKOVI\u0106<\/b><b><br \/>\n<\/b>asistentica<\/p>\n<div align=\"left\"><\/div>\n<div align=\"left\"><\/div>\n<div align=\"center\"><\/div>\n<p>Adresa: Filozofski fakultet, Odsjek za germanistiku, I. Lu\u010di\u0107a 3, 10000 Zagreb<br \/>\nTelefon: ++385 (0)1 409 2357<br \/>\nE-po\u0161ta: <a href=\"mailto:mlandsma@m.ffzg.hr\">mlandsma@<\/a><a href=\"mailto:ijelovci@ffzg.unizg.hr\">m.ffzg.hr<\/a><\/p>\n<\/div>\n<\/td>\n<td valign=\"top\" width=\"180\"><img loading=\"lazy\" decoding=\"async\" title=\"mirelalv.jpg\" src=\"http:\/\/www.ffzg.unizg.hr\/german\/cms\/images\/stories\/osoblje\/mirelalv.jpg\" alt=\"mirelalv.jpg\" width=\"151\" height=\"200\" \/><\/td>\n<\/tr>\n<tr>\n<td colspan=\"2\">\n<hr align=\"justify\" size=\"2\" width=\"100%\" \/>\n<p><b>\u017divotopis:<\/b><\/p>\n<p align=\"justify\">Mirela Landsman Vinkovi\u0107 ro\u0111ena je 19. sije\u010dnja 1973. u Bjelovaru. Studirala je njema\u010dki i ruski jezik i knji\u017eevnost, a potom i engleski jezik i knji\u017eevnost na Filozofskom fakultetu u Zagrebu. Od 1999. do 2003. godine predaje njema\u010dki i engleski u \u201eCentru za strane jezike Vodnikova 12\u201c u Zagrebu. Od 2003. do 2009. radi kao predava\u010d, a do 2009. do 2018. godine kao vi\u0161i predava\u010d njema\u010dkog i engleskog jezika na Fakultetu politi\u010dkih znanosti Sveu\u010dili\u0161ta u Zagrebu. Od o\u017eujka 2018. godine radi kao asistent na Katedri za didaktiku nastave njema\u010dkoga jezika na Odsjeku za germanistiku na Filozofskom fakultetu u Zagrebu. U okviru Poslijediplomskog doktorskog studija glotodidaktike na Filozofskom fakultetu u Zagrebu sudjeluje u radu tri znanstveno-istra\u017eiva\u010dka projekta posve\u0107ena istra\u017eivanju razrednoga jezika te izradi vi\u0161ejezi\u010dnog rje\u010dnika razrednoga jezika.<\/p>\n<\/td>\n<\/tr>\n<\/tbody>\n<\/table>\n","protected":false},"excerpt":{"rendered":"<p>MIRELA LANDSMAN VINKOVI\u0106 asistentica Adresa: Filozofski fakultet, Odsjek za germanistiku, I. Lu\u010di\u0107a 3, 10000 Zagreb Telefon: ++385 (0)1 409 2357 E-po\u0161ta: mlandsma@m.ffzg.hr \u017divotopis: Mirela Landsman Vinkovi\u0107 ro\u0111ena je 19. sije\u010dnja 1973. u Bjelovaru. Studirala je njema\u010dki i ruski jezik i knji\u017eevnost, a potom i engleski jezik i knji\u017eevnost na Filozofskom fakultetu u Zagrebu. Od 1999. [&hellip;]<\/p>\n","protected":false},"author":3,"featured_media":0,"parent":0,"menu_order":0,"comment_status":"closed","ping_status":"closed","template":"","meta":{"footnotes":""},"class_list":["post-5376","page","type-page","status-publish","hentry"],"_links":{"self":[{"href":"https:\/\/centar.ffzg.unizg.hr\/index.php?rest_route=\/wp\/v2\/pages\/5376","targetHints":{"allow":["GET"]}}],"collection":[{"href":"https:\/\/centar.ffzg.unizg.hr\/index.php?rest_route=\/wp\/v2\/pages"}],"about":[{"href":"https:\/\/centar.ffzg.unizg.hr\/index.php?rest_route=\/wp\/v2\/types\/page"}],"author":[{"embeddable":true,"href":"https:\/\/centar.ffzg.unizg.hr\/index.php?rest_route=\/wp\/v2\/users\/3"}],"replies":[{"embeddable":true,"href":"https:\/\/centar.ffzg.unizg.hr\/index.php?rest_route=%2Fwp%2Fv2%2Fcomments&post=5376"}],"version-history":[{"count":5,"href":"https:\/\/centar.ffzg.unizg.hr\/index.php?rest_route=\/wp\/v2\/pages\/5376\/revisions"}],"predecessor-version":[{"id":10142,"href":"https:\/\/centar.ffzg.unizg.hr\/index.php?rest_route=\/wp\/v2\/pages\/5376\/revisions\/10142"}],"wp:attachment":[{"href":"https:\/\/centar.ffzg.unizg.hr\/index.php?rest_route=%2Fwp%2Fv2%2Fmedia&parent=5376"}],"curies":[{"name":"wp","href":"https:\/\/api.w.org\/{rel}","templated":true}]}}