{"id":564,"date":"2014-06-20T11:48:08","date_gmt":"2014-06-20T11:48:08","guid":{"rendered":"http:\/\/wp.ffzg.unizg.hr\/centar-probni\/?page_id=564"},"modified":"2021-12-06T11:54:17","modified_gmt":"2021-12-06T09:54:17","slug":"akademik-prof-dr-sc-petar-guberina","status":"publish","type":"page","link":"https:\/\/centar.ffzg.unizg.hr\/?page_id=564","title":{"rendered":"Akademik prof. dr. sc. Petar Guberina"},"content":{"rendered":"<p>\u0160ibenik, 22. svibnja 1913. &#8211; Zagreb, 22. sije\u010dnja 2005.<br \/>\n<img loading=\"lazy\" decoding=\"async\" class=\"alignleft wp-image-568\" src=\"https:\/\/centar.ffzg.unizg.hr\/wp-content\/uploads\/2014\/06\/akademik1.jpg\" alt=\"akademik1\" width=\"253\" height=\"195\" srcset=\"https:\/\/centar.ffzg.unizg.hr\/wp-content\/uploads\/2014\/06\/akademik1.jpg 368w, https:\/\/centar.ffzg.unizg.hr\/wp-content\/uploads\/2014\/06\/akademik1-300x230.jpg 300w\" sizes=\"auto, (max-width: 253px) 100vw, 253px\" \/><\/p>\n<p>&nbsp;<\/p>\n<p>Officier de la L\u00e9gion d&#8217; Honneur<br \/>\nautor verbotonalnog sistema<br \/>\ndoktor lingvisti\u010dkih znanosti<br \/>\nosniva\u010d zagreba\u010dke fonetike<br \/>\nutemeljitelj Poliklinike SUVAG<br \/>\n<a href=\"https:\/\/centar.ffzg.unizg.hr\/wp-content\/uploads\/2014\/03\/line1tan.jpg\"><img loading=\"lazy\" decoding=\"async\" class=\"alignnone wp-image-1150\" src=\"https:\/\/centar.ffzg.unizg.hr\/wp-content\/uploads\/2014\/03\/line1tan.jpg\" alt=\"\" width=\"500\" height=\"2\" srcset=\"https:\/\/centar.ffzg.unizg.hr\/wp-content\/uploads\/2014\/03\/line1tan.jpg 981w, https:\/\/centar.ffzg.unizg.hr\/wp-content\/uploads\/2014\/03\/line1tan-300x1.jpg 300w, https:\/\/centar.ffzg.unizg.hr\/wp-content\/uploads\/2014\/03\/line1tan-624x1.jpg 624w\" sizes=\"auto, (max-width: 500px) 100vw, 500px\" \/><\/a><\/p>\n<p>Ro\u0111en je 22. svibnja 1913. u \u0160ibeniku, gdje je zavr\u0161io Klasi\u010dnu gimnaziju.<br \/>\nDiplomirao je na Filozofskom fakultetu Sveu\u010dili\u0161ta u Zagrebu francuski i latinski jezik (1935.)<br \/>\nDoktorirao je na Sveu\u010dili\u0161tu Sorbonne, Paris, Francuska (1939.).<\/p>\n<p>Titulu doktora znanosti postigao je obranom disertacije &#8220;Valeur logique et valeur stilistique des propositions complexes&#8221;, \u0161to ve\u0107 predstavlja temelj njegovih kasnijih istra\u017eivanja na podru\u010dju govorne komunikacije.<\/p>\n<p>Redovni profesor na Filozofskom fakultetu Sveu\u010dili\u0161ta u Zagrebu (1951-1983.) Na Zagreba\u010dko sveu\u010dili\u0161te dolazi kao profesor francuskog jezika i predstojnik Odsjeka za romanistiku (1951-1965.). Osniva Institut za fonetiku (1954.) a potom i Odsjek za fonetiku (1965.), kojima rukovodi do umirovljenja (1983.).<\/p>\n<p>Autor verbotonalnog sistema (VTS) &#8211; originalne znanstvene teorije na podru\u010dju govorne komunikacije, i elektroakusti\u010dkih aparata SUVAG konstruiranih prema verbotonalnim spoznajama (1954 -1955.). Njegova istra\u017eivanja &#8220;lingvistike govora&#8221; dovode do revolucionarnog obrata u nastavi \u017eivih jezika (audiovizualna globalnostrukturalna metoda &#8211; AVGS), ali i u pristupu patologiji sluha i govora (verbotonalna metoda &#8211; VTM), a profesora Guberinu uvode u red vode\u0107ih svjetskih znanstvenika na podru\u010dju humanisti\u010dkih i biomedicinskih znanosti.<\/p>\n<p>Verbotonalna se metodologija pro\u0161irila po svim kontinentima. Veliki broj ustanova diljem svijeta primjenjuju verbotonalne principe, postupke i elektroakusti\u010dku opremu na podru\u010dju rehabilitacije i edukacije osoba, posebno djece, o\u0161te\u0107ena sluha i govora te u terapiji govornih poreme\u0107aja.<\/p>\n<p>Temeljne postavke verbotonalnog sistema sastavni su dio dodiplomskih i poslijediplomskih studija filologije i medicine na brojnim sveu\u010dili\u0161tima \u0161irom svijeta, a temeljna verbotonalna na\u010dela sastavni su dio svih suvremenih metoda nastave stranih jezika i op\u0107enito prihva\u0107ena polazi\u0161ta u konstrukciji audiolo\u0161ke dijagnosti\u010dke opreme te slu\u0161nih pomagala.<\/p>\n<p>Bibliografija verbotonalnog sistema sadr\u017ei vi\u0161e od 1000 naslova, tiskanih na 11 jezika.<\/p>\n<p>\u010clan Hrvatske akademije znanosti i umjetnosti &#8211; za dopisnog \u010dlana HAZU u radnom sastavu Odjela za filologiju izabran je 1955., a za redovnog 1963. godine.<\/p>\n<p>Utemeljitelj Poliklinike (tada Centra) SUVAG osnovane od Vlade (tada I.V. Sabora) Republike Hrvatske (1961.) Zagreba\u010dki SUVAG, na \u010dijem je \u010delu u cijelom razdoblju djelovanja, kao dugogodi\u0161nji direktor te znanstveni i stru\u010dni voditelj, postaje sredi\u0161nji svjetski centar za razvoj i primjenu verbotonalnog sistema (status potvr\u0111en na Osniva\u010dkoj skup\u0161tini Me\u0111unarodnog dru\u0161tva verbotonalne metode sa sjedi\u0161tem u Parizu, 1982.). Tako se u ovom Centru \/ Poliklinici provode nacionalni i me\u0111unarodni istra\u017eiva\u010dki projekti i verbotonalna edukacija stru\u010dnjaka razli\u010ditih zanimanja iz Hrvatske i inozemstva. Nadalje, stru\u010dnjaci zagreba\u010dkog SUVAG-a permanentno su prisutni u mnogim europskim i izvaneuropskim dr\u017eavama, gdje osnivaju verbotonalne ustanove i obrazuju kadrove za primjenu verbotonalnog sistema. U organizaciji SUVAG-a odr\u017eavaju se i me\u0111unarodni znanstveni skupovi, izdaje me\u0111unarodni znanstveni \u010dasopis i drugi tiskani i video materijali za potrebe verbotonalne nastave i evaluaciju verbotonalne teorije i prakse.<\/p>\n<p>Istra\u017eiva\u010d &#8211; glavni je voditelj i istra\u017eiva\u010d na mnogobrojnim doma\u0107im i me\u0111unarodnim istra\u017eiva\u010dkim i nastavnim znanstvenim projektima. Prvi u biv\u0161oj Jugoslavije dobiva istra\u017eiva\u010dki projekt (&#8220;Restricted Bands of Frequencies in Auditory Rehabilitation of Deaf&#8221;) financiran od Vlade SAD (1961.), iza kojeg slijede jo\u0161 4 ameri\u010dka projekta (1961-1991.).<\/p>\n<p>U svojstvu eksperta i istra\u017eiva\u010da uklju\u010den je (od 1989.) u Projekt Europske Unije COST 219, gdje radi na istra\u017eivanjima vezanim za usavr\u0161avanje telefonskog aparata namijenjenog osobama o\u0161te\u0107ena sluha. Kao dio tog projekta vodi (od 1991.) istra\u017eivanje koje se odnosi na dijagnostiku i rehabilitaciju starijih osoba i mogu\u0107nost kori\u0161tenja telefona, koje nov\u010dano podupire Ministarstva znanosti i tehnologije Republike Hrvatske. Od 1997. glavni je istra\u017eiva\u010d na projektu &#8220;Polisenzorika slu\u0161anja: slu\u0161no o\u0161te\u0107enje i govorna komunikacija slu\u0161no o\u0161te\u0107enih osoba&#8221;, prihva\u0107enom za potporu Ministarstva znanosti i tehnologije Republike Hrvatske.<\/p>\n<p>Europska komisija prihva\u0107a (1992.) njegov projekt u sklopu Programa &#8220;TEMPUS&#8221;. Projekt se odnosi na cjeloviti program verbotonalnog obrazovanja (patologija slu\u0161anja i\/ili govora, nastava stranih jezika) i organiziranje me\u0111unarodnog poslijediplomskog studija u Hrvatskoj. Nositelj ovog, kao i ostalih projekata, je Poliklinika SUVAG, a program uklju\u010duje suradnju s Medicinskim fakultetom Sveu\u010dili\u0161ta u Zagrebu i devet sveu\u010dili\u0161ta u \u010detiri zemlje EU: Belgija, Francuska, Italija, \u0160panjolska (Rad na projektu odgo\u0111en je do prijema Republike Hrvatske u program PHARE).<\/p>\n<p>Predava\u010d &#8211; profesor francuskog jezika (1951-1965.), a zatim fonetike i verbotonalne teorije (1965 -1983.) na Filozofskom fakultetu Sveu\u010dili\u0161ta u Zagrebu. U vi\u0161e od 60 zemalja svijeta tuma\u010di svoju teoriju kao ekspert ili voditelj projekata za \u0161irenje verbotonalnog sistema i osnivanje verbotonalnih ustanova. Ovi programi ostvaruju se na neposredan poziv vlada ili nadle\u017enih institucija (ministarstava, sveu\u010dili\u0161ta) u razvijenim zemaljama (Zapadna Europa, SAD, Australija, Japan i, posljednjih godina, Ruska Federacija i Ukrajina) ili kao dio projekata za pomo\u0107 zemljama u razvoju, koje je financirala Vlada SAD, Svjetska zdravstvena organizacija, UNESCO, UNICEF, Fond za razvoj OUN (prvenstveno u arapskim i afri\u010dkim zemljama te zemljama Latinske Amerike) te, u posljednje vrijeme, Europska Unija i druge europske nevladine organizacije (zemlje Isto\u010dne i Srednje Europe). Kao gost predava\u010d na sveu\u010dili\u0161tima u SAD-u boravio je na Ohio State University, Columbus (1964.) i University of Trenton, New Jersey (1967-1968.).<\/p>\n<p>Po\u010dasni konzul Republike Portugal &#8211; (od 1979.)<\/p>\n<p><a href=\"https:\/\/centar.ffzg.unizg.hr\/wp-content\/uploads\/2014\/03\/line1tan.jpg\"><img loading=\"lazy\" decoding=\"async\" class=\"alignnone wp-image-1150\" src=\"https:\/\/centar.ffzg.unizg.hr\/wp-content\/uploads\/2014\/03\/line1tan.jpg\" alt=\"\" width=\"480\" height=\"1\" srcset=\"https:\/\/centar.ffzg.unizg.hr\/wp-content\/uploads\/2014\/03\/line1tan.jpg 981w, https:\/\/centar.ffzg.unizg.hr\/wp-content\/uploads\/2014\/03\/line1tan-300x1.jpg 300w, https:\/\/centar.ffzg.unizg.hr\/wp-content\/uploads\/2014\/03\/line1tan-624x1.jpg 624w\" sizes=\"auto, (max-width: 480px) 100vw, 480px\" \/><\/a><\/p>\n<p>Stru\u010dna dru\u0161tva &#8211; \u010dlan je brojnih me\u0111unarodnih stru\u010dnih dru\u0161tava, primjerice:<\/p>\n<ul>\n<li>Association internationale pour la m\u00e9thode verbotonale, Paris, Francuska &#8211; predsjednik<\/li>\n<\/ul>\n<ul>\n<li>Association internationale pour la m\u00e9thode SGAV, Paris, Francuska &#8211; predsjednik Groupement des acousticiens de la langue francaise, Paris, France<\/li>\n<\/ul>\n<ul>\n<li>Societe de linguistique de Paris, Paris<\/li>\n<\/ul>\n<ul>\n<li>International Phonetic Association, London, GB<\/li>\n<\/ul>\n<ul>\n<li>Linguistic Circle of New York, New York USA<\/li>\n<\/ul>\n<ul>\n<li>Hrvatsko filolo\u0161ko dru\u0161tvo, Zagreb<\/li>\n<\/ul>\n<p><a href=\"https:\/\/centar.ffzg.unizg.hr\/wp-content\/uploads\/2014\/03\/line1tan.jpg\"><img loading=\"lazy\" decoding=\"async\" class=\"alignnone wp-image-1150\" src=\"https:\/\/centar.ffzg.unizg.hr\/wp-content\/uploads\/2014\/03\/line1tan.jpg\" alt=\"\" width=\"480\" height=\"1\" srcset=\"https:\/\/centar.ffzg.unizg.hr\/wp-content\/uploads\/2014\/03\/line1tan.jpg 981w, https:\/\/centar.ffzg.unizg.hr\/wp-content\/uploads\/2014\/03\/line1tan-300x1.jpg 300w, https:\/\/centar.ffzg.unizg.hr\/wp-content\/uploads\/2014\/03\/line1tan-624x1.jpg 624w\" sizes=\"auto, (max-width: 480px) 100vw, 480px\" \/><\/a><\/p>\n<p>Nagrade i priznanja &#8211; dvostruki nositelj Ordena &#8220;Legije \u010dasti&#8221; te vi\u0161e drugih odli\u010dja i priznanja:<\/p>\n<ul>\n<li>Orden Danskog crvenog kri\u017ea, 1946.<\/li>\n<\/ul>\n<ul>\n<li>Orden zasluga za narod, 1950.<\/li>\n<\/ul>\n<ul>\n<li>Chevalier de la L\u00e9gion d&#8217; Honneur, (Francuska), 1968.<\/li>\n<\/ul>\n<ul>\n<li>Nagrada grada Zagreba, 1970.<\/li>\n<\/ul>\n<ul>\n<li>Republi\u010dka nagrada za \u017eivotno djelo, 1976.<\/li>\n<\/ul>\n<ul>\n<li>Orden Republike Senegal, 1975<\/li>\n<\/ul>\n<ul>\n<li>Orden de Benemerencia (Portugal), 1985.<\/li>\n<\/ul>\n<ul>\n<li>La Croix d&#8217;Officier de la L\u00e9gion d&#8217; Honneur, (Francuska),1989.<\/li>\n<\/ul>\n<ul>\n<li>Red Danice Hrvatske s likom Ru\u0111era Bo\u0161kovi\u0107a, Zagreb, 1998.<\/li>\n<\/ul>\n<p><a href=\"https:\/\/centar.ffzg.unizg.hr\/wp-content\/uploads\/2014\/03\/line1tan.jpg\"><img loading=\"lazy\" decoding=\"async\" class=\"alignnone wp-image-1150\" src=\"https:\/\/centar.ffzg.unizg.hr\/wp-content\/uploads\/2014\/03\/line1tan.jpg\" alt=\"\" width=\"480\" height=\"1\" srcset=\"https:\/\/centar.ffzg.unizg.hr\/wp-content\/uploads\/2014\/03\/line1tan.jpg 981w, https:\/\/centar.ffzg.unizg.hr\/wp-content\/uploads\/2014\/03\/line1tan-300x1.jpg 300w, https:\/\/centar.ffzg.unizg.hr\/wp-content\/uploads\/2014\/03\/line1tan-624x1.jpg 624w\" sizes=\"auto, (max-width: 480px) 100vw, 480px\" \/><\/a><\/p>\n<p>Radovi &#8211; objavio je vi\u0161e od 200 znanstvenih radova (knjige, rasprave, \u010dlanci, studije), prevo\u0111en je na mnoge jezike (uklj. japanski i arapski):<\/p>\n<p>Guberina, P.: Valeur logique et valeur stylistique des propositions complexes en fran\u00e7ais et en croate, &#8220;Gaj&#8221;, Zagreb, 1939., Epoha, Zagreb, 1954., Didier Erudition\/CIPA, Mons, 1993.<br \/>\nGuberina, P.: Razlike izmedu hrvatskoga i srpskoga knji\u017eevnog jezika (u suradnji s dr. K. Krsti\u0107), Matica Hrvatska, Zagreb,1940.<br \/>\nGuberina, P.: Zvuk i pokret u jeziku, Matica Hrvatska, Zagreb, 1952.,<br \/>\nGuberina, P.: Verbotonal method and its applicationto the rehabilitationof the deaf. International Congress on Education of the deaf: 279-293, US Goverment Printing Office,Washington D.C., 1963.<br \/>\nGuberina, P., \u0160kari\u0107, I., \u017daja, B.: Case studies in the use of restricted bands of frequencies in auditory rehabilitation of deaf, Institut za fonetiku Filozofskog fakulteta Sveu\u010dili\u0161ta u Zagrebu, 1972.<br \/>\nGuberina P. at all: Evaluation of the verbotonal system as a rehabilitation technique. Znanstv. izvj., USA project, 1972 -78., Centar SUVAG, Zagreb,1979.<br \/>\nGuberina, P., Asp, C.W: The verbo-tonal method for rehabilitating people with communication problems, World Rehabilitation Fund, International Exchange of Information in Rehabilitation, New York, 1981.<br \/>\nGuberina, P.: Bases theoriques de la methode audio-visuelle structuro &#8211; globale (methode Saint Cloud Zagreb), Une linguistique de la parole, u knjizi Aspects d&#8217;une politique de diffusion du francais langue etrangere depuis 1945.; Materiaux pour une histoire, Hatier, Paris, 1984.<br \/>\nGuberina P. at all: The effect of the spacioceptive stimuli on the intelligibility of speech. Znanstv. izvj., USA project,1983 &#8211; 85., Centar SUVAG, Zagreb, 1985.<br \/>\nPhilosophie, principes et developpement de la methode, La methode verbo &#8211; tonale en 1992, dans le Courrier de Suresnes, No. 58 special: 13 &#8211; 20, Suresnes, 1992.<br \/>\nGuberina, P.: La structure dans la m\u00e9thodeaudio &#8211; visuelle structuro &#8211; globale (SGAV): In Evaluation and Language Teaching &#8211; Essays in honour of Feans Van Passel (87 &#8211; 97), Peter Lang Inc. European Academic Publishers, Bern, 1992.<\/p>\n","protected":false},"excerpt":{"rendered":"<p>\u0160ibenik, 22. svibnja 1913. &#8211; Zagreb, 22. sije\u010dnja 2005. &nbsp; Officier de la L\u00e9gion d&#8217; Honneur autor verbotonalnog sistema doktor lingvisti\u010dkih znanosti osniva\u010d zagreba\u010dke fonetike utemeljitelj Poliklinike SUVAG Ro\u0111en je 22. svibnja 1913. u \u0160ibeniku, gdje je zavr\u0161io Klasi\u010dnu gimnaziju. Diplomirao je na Filozofskom fakultetu Sveu\u010dili\u0161ta u Zagrebu francuski i latinski jezik (1935.) Doktorirao je [&hellip;]<\/p>\n","protected":false},"author":1,"featured_media":0,"parent":0,"menu_order":0,"comment_status":"closed","ping_status":"closed","template":"page-templates\/full-width.php","meta":{"footnotes":""},"class_list":["post-564","page","type-page","status-publish","hentry"],"_links":{"self":[{"href":"https:\/\/centar.ffzg.unizg.hr\/index.php?rest_route=\/wp\/v2\/pages\/564","targetHints":{"allow":["GET"]}}],"collection":[{"href":"https:\/\/centar.ffzg.unizg.hr\/index.php?rest_route=\/wp\/v2\/pages"}],"about":[{"href":"https:\/\/centar.ffzg.unizg.hr\/index.php?rest_route=\/wp\/v2\/types\/page"}],"author":[{"embeddable":true,"href":"https:\/\/centar.ffzg.unizg.hr\/index.php?rest_route=\/wp\/v2\/users\/1"}],"replies":[{"embeddable":true,"href":"https:\/\/centar.ffzg.unizg.hr\/index.php?rest_route=%2Fwp%2Fv2%2Fcomments&post=564"}],"version-history":[{"count":3,"href":"https:\/\/centar.ffzg.unizg.hr\/index.php?rest_route=\/wp\/v2\/pages\/564\/revisions"}],"predecessor-version":[{"id":7996,"href":"https:\/\/centar.ffzg.unizg.hr\/index.php?rest_route=\/wp\/v2\/pages\/564\/revisions\/7996"}],"wp:attachment":[{"href":"https:\/\/centar.ffzg.unizg.hr\/index.php?rest_route=%2Fwp%2Fv2%2Fmedia&parent=564"}],"curies":[{"name":"wp","href":"https:\/\/api.w.org\/{rel}","templated":true}]}}