{"id":599,"date":"2014-06-20T12:52:40","date_gmt":"2014-06-20T12:52:40","guid":{"rendered":"http:\/\/wp.ffzg.unizg.hr\/centar-probni\/?page_id=599"},"modified":"2021-12-10T12:34:04","modified_gmt":"2021-12-10T10:34:04","slug":"raspored-ispita_de","status":"publish","type":"page","link":"https:\/\/centar.ffzg.unizg.hr\/?page_id=599","title":{"rendered":"Raspored ispita"},"content":{"rendered":"<p><img loading=\"lazy\" decoding=\"async\" class=\"alignnone size-full wp-image-1150\" src=\"https:\/\/centar.ffzg.unizg.hr\/wp-content\/uploads\/2014\/03\/line1tan.jpg\" alt=\"line1tan\" width=\"981\" height=\"3\" srcset=\"https:\/\/centar.ffzg.unizg.hr\/wp-content\/uploads\/2014\/03\/line1tan.jpg 981w, https:\/\/centar.ffzg.unizg.hr\/wp-content\/uploads\/2014\/03\/line1tan-300x1.jpg 300w, https:\/\/centar.ffzg.unizg.hr\/wp-content\/uploads\/2014\/03\/line1tan-624x1.jpg 624w\" sizes=\"auto, (max-width: 981px) 100vw, 981px\" \/><\/p>\n<p><h2 id=\"tablepress-34-name\" class=\"tablepress-table-name tablepress-table-name-id-34\">Njema\u010dki jezik za akademske potrebe<\/h2>\n\n<table id=\"tablepress-34\" class=\"tablepress tablepress-id-34\" aria-labelledby=\"tablepress-34-name\">\n<thead>\n<tr class=\"row-1\">\n\t<th class=\"column-1\"><strong>Zimski ispitni rokovi<\/strong><\/th><td class=\"column-2\"><\/td><th class=\"column-3\"><strong>Preddiplomski studij<\/strong><\/th><td class=\"column-4\"><\/td>\n<\/tr>\n<\/thead>\n<tbody class=\"row-striping row-hover\">\n<tr class=\"row-2\">\n\t<td class=\"column-1\"><strong>REDOVNI<\/strong><\/td><td class=\"column-2\"><\/td><td class=\"column-3\"><strong>Azra Pli\u0107ani\u0107 Mesi\u0107<\/strong><\/td><td class=\"column-4\"><\/td>\n<\/tr>\n<tr class=\"row-3\">\n\t<td class=\"column-1\"><\/td><td class=\"column-2\"><\/td><td class=\"column-3\"><\/td><td class=\"column-4\"><\/td>\n<\/tr>\n<tr class=\"row-4\">\n\t<td class=\"column-1\">26. 1. 2026.<\/td><td class=\"column-2\">15 : 00 h<\/td><td class=\"column-3\">Azra Pli\u0107ani\u0107 Mesi\u0107<\/td><td class=\"column-4\">A 215<\/td>\n<\/tr>\n<tr class=\"row-5\">\n\t<td class=\"column-1\">9. 2. 2026.<\/td><td class=\"column-2\">12 : 00 h<\/td><td class=\"column-3\">Azra Pli\u0107ani\u0107 Mesi\u0107<\/td><td class=\"column-4\">A 215<\/td>\n<\/tr>\n<tr class=\"row-6\">\n\t<td class=\"column-1\"><\/td><td class=\"column-2\"><\/td><td class=\"column-3\"><\/td><td class=\"column-4\"><\/td>\n<\/tr>\n<tr class=\"row-7\">\n\t<td class=\"column-1\"><\/td><td class=\"column-2\"><\/td><td class=\"column-3\"><\/td><td class=\"column-4\"><\/td>\n<\/tr>\n<tr class=\"row-8\">\n\t<td class=\"column-1\"><strong>IZVANREDNI<\/strong><\/td><td class=\"column-2\"><\/td><td class=\"column-3\"><strong>Azra Pli\u0107ani\u0107 Mesi\u0107<\/strong><\/td><td class=\"column-4\"><\/td>\n<\/tr>\n<tr class=\"row-9\">\n\t<td class=\"column-1\"><\/td><td class=\"column-2\"><\/td><td class=\"column-3\"><\/td><td class=\"column-4\"><\/td>\n<\/tr>\n<tr class=\"row-10\">\n\t<td class=\"column-1\">17. 11. 2025.<\/td><td class=\"column-2\">15 : 30 h<\/td><td class=\"column-3\">Azra Pli\u0107ani\u0107 Mesi\u0107<\/td><td class=\"column-4\">B 326<\/td>\n<\/tr>\n<tr class=\"row-11\">\n\t<td class=\"column-1\"><\/td><td class=\"column-2\"><\/td><td class=\"column-3\"><\/td><td class=\"column-4\"><\/td>\n<\/tr>\n<tr class=\"row-12\">\n\t<td class=\"column-1\"><\/td><td class=\"column-2\"><\/td><td class=\"column-3\"><\/td><td class=\"column-4\"><\/td>\n<\/tr>\n<tr class=\"row-13\">\n\t<td class=\"column-1\"><strong>REDOVNI<\/strong><\/td><td class=\"column-2\"><\/td><td class=\"column-3\"><strong>dr. sc. Mirjana \u0160njari\u0107<\/strong><\/td><td class=\"column-4\"><\/td>\n<\/tr>\n<tr class=\"row-14\">\n\t<td class=\"column-1\"><\/td><td class=\"column-2\"><\/td><td class=\"column-3\"><\/td><td class=\"column-4\"><\/td>\n<\/tr>\n<tr class=\"row-15\">\n\t<td class=\"column-1\">27. 1. 2026.<\/td><td class=\"column-2\">11 : 00 h<\/td><td class=\"column-3\">dr. sc. Mirjana \u0160njari\u0107<\/td><td class=\"column-4\">B 305<\/td>\n<\/tr>\n<tr class=\"row-16\">\n\t<td class=\"column-1\">11. 2. 2026.<\/td><td class=\"column-2\">11 : 00 h<\/td><td class=\"column-3\">dr. sc. Mirjana \u0160njari\u0107<\/td><td class=\"column-4\">B 305<\/td>\n<\/tr>\n<tr class=\"row-17\">\n\t<td class=\"column-1\"><\/td><td class=\"column-2\"><\/td><td class=\"column-3\"><\/td><td class=\"column-4\"><\/td>\n<\/tr>\n<tr class=\"row-18\">\n\t<td class=\"column-1\"><\/td><td class=\"column-2\"><\/td><td class=\"column-3\"><\/td><td class=\"column-4\"><\/td>\n<\/tr>\n<tr class=\"row-19\">\n\t<td class=\"column-1\"><strong>IZVANREDNI<\/strong><\/td><td class=\"column-2\"><\/td><td class=\"column-3\"><strong>dr. sc. Mirjana \u0160njari\u0107<\/strong><\/td><td class=\"column-4\"><\/td>\n<\/tr>\n<tr class=\"row-20\">\n\t<td class=\"column-1\"><\/td><td class=\"column-2\"><\/td><td class=\"column-3\"><\/td><td class=\"column-4\"><\/td>\n<\/tr>\n<tr class=\"row-21\">\n\t<td class=\"column-1\">20. 11. 2025.<\/td><td class=\"column-2\">12 : 30 h<\/td><td class=\"column-3\">dr. sc. Mirjana \u0160njari\u0107<\/td><td class=\"column-4\">B 305<\/td>\n<\/tr>\n<tr class=\"row-22\">\n\t<td class=\"column-1\"><\/td><td class=\"column-2\"><\/td><td class=\"column-3\"><\/td><td class=\"column-4\"><\/td>\n<\/tr>\n<\/tbody>\n<tfoot>\n<tr class=\"row-23\">\n\t<td class=\"column-1\"><\/td><td class=\"column-2\"><\/td><td class=\"column-3\"><\/td><td class=\"column-4\"><\/td>\n<\/tr>\n<\/tfoot>\n<\/table>\n<br \/>\n<table id=\"tablepress-35\" class=\"tablepress tablepress-id-35\">\n<thead>\n<tr class=\"row-1\">\n\t<th class=\"column-1\"><strong>LJETNI ISPITNI ROKOVI<\/strong><\/th><td class=\"column-2\"><\/td><th class=\"column-3\"><strong>PREDDIPLOMSKI STUDIJ<\/strong><\/th><td class=\"column-4\"><\/td>\n<\/tr>\n<\/thead>\n<tbody class=\"row-striping row-hover\">\n<tr class=\"row-2\">\n\t<td class=\"column-1\"><strong>REDOVNI<\/strong><\/td><td class=\"column-2\"><\/td><td class=\"column-3\"><strong>Azra Pli\u0107ani\u0107 Mesi\u0107<\/strong><\/td><td class=\"column-4\"><\/td>\n<\/tr>\n<tr class=\"row-3\">\n\t<td class=\"column-1\"><\/td><td class=\"column-2\"><\/td><td class=\"column-3\"><\/td><td class=\"column-4\"><\/td>\n<\/tr>\n<tr class=\"row-4\">\n\t<td class=\"column-1\">8. 6. 2026. <\/td><td class=\"column-2\">15 : 00 h<\/td><td class=\"column-3\">Azra Pli\u0107ani\u0107 Mesi\u0107<\/td><td class=\"column-4\">A 215<\/td>\n<\/tr>\n<tr class=\"row-5\">\n\t<td class=\"column-1\">17. 6. 2026. <\/td><td class=\"column-2\">16 : 00 h<\/td><td class=\"column-3\">Azra Pli\u0107ani\u0107 Mesi\u0107<\/td><td class=\"column-4\">A 215<\/td>\n<\/tr>\n<tr class=\"row-6\">\n\t<td class=\"column-1\"><\/td><td class=\"column-2\"><\/td><td class=\"column-3\"><\/td><td class=\"column-4\"><\/td>\n<\/tr>\n<tr class=\"row-7\">\n\t<td class=\"column-1\"><\/td><td class=\"column-2\"><\/td><td class=\"column-3\"><\/td><td class=\"column-4\"><\/td>\n<\/tr>\n<tr class=\"row-8\">\n\t<td class=\"column-1\"><strong>IZVANREDNI<\/strong><\/td><td class=\"column-2\"><\/td><td class=\"column-3\"><strong>Azra Pli\u0107ani\u0107 Mesi\u0107<\/strong><\/td><td class=\"column-4\"><\/td>\n<\/tr>\n<tr class=\"row-9\">\n\t<td class=\"column-1\"><\/td><td class=\"column-2\"><\/td><td class=\"column-3\"><\/td><td class=\"column-4\"><\/td>\n<\/tr>\n<tr class=\"row-10\">\n\t<td class=\"column-1\">7. 4. 2026. <\/td><td class=\"column-2\">12 : 00 h<\/td><td class=\"column-3\">Azra Pli\u0107ani\u0107 Mesi\u0107<\/td><td class=\"column-4\">B 326<\/td>\n<\/tr>\n<tr class=\"row-11\">\n\t<td class=\"column-1\"><\/td><td class=\"column-2\"><\/td><td class=\"column-3\"><\/td><td class=\"column-4\"><\/td>\n<\/tr>\n<tr class=\"row-12\">\n\t<td class=\"column-1\"><\/td><td class=\"column-2\"><\/td><td class=\"column-3\"><\/td><td class=\"column-4\"><\/td>\n<\/tr>\n<tr class=\"row-13\">\n\t<td class=\"column-1\"><strong>REDOVNI<\/strong><\/td><td class=\"column-2\"><\/td><td class=\"column-3\"><strong>dr. sc. Mirjana \u0160njari\u0107<\/strong><\/td><td class=\"column-4\"><\/td>\n<\/tr>\n<tr class=\"row-14\">\n\t<td class=\"column-1\"><\/td><td class=\"column-2\"><\/td><td class=\"column-3\"><\/td><td class=\"column-4\"><\/td>\n<\/tr>\n<tr class=\"row-15\">\n\t<td class=\"column-1\">9. 6. 2026. <\/td><td class=\"column-2\">11 : 00 h<\/td><td class=\"column-3\">dr. sc. Mirjana \u0160njari\u0107<\/td><td class=\"column-4\">B 305<\/td>\n<\/tr>\n<tr class=\"row-16\">\n\t<td class=\"column-1\">16. 6. 2026. <\/td><td class=\"column-2\">11 : 00 h<\/td><td class=\"column-3\">dr. sc. Mirjana \u0160njari\u0107<\/td><td class=\"column-4\">B 305<\/td>\n<\/tr>\n<tr class=\"row-17\">\n\t<td class=\"column-1\"><\/td><td class=\"column-2\"><\/td><td class=\"column-3\"><\/td><td class=\"column-4\"><\/td>\n<\/tr>\n<tr class=\"row-18\">\n\t<td class=\"column-1\"><\/td><td class=\"column-2\"><\/td><td class=\"column-3\"><\/td><td class=\"column-4\"><\/td>\n<\/tr>\n<tr class=\"row-19\">\n\t<td class=\"column-1\"><strong>IZVANREDNI<\/strong><\/td><td class=\"column-2\"><\/td><td class=\"column-3\"><strong>dr. sc. Mirjana \u0160njari\u0107<\/strong><\/td><td class=\"column-4\"><\/td>\n<\/tr>\n<tr class=\"row-20\">\n\t<td class=\"column-1\"><\/td><td class=\"column-2\"><\/td><td class=\"column-3\"><\/td><td class=\"column-4\"><\/td>\n<\/tr>\n<tr class=\"row-21\">\n\t<td class=\"column-1\">8. 4. 2026. <\/td><td class=\"column-2\">11 : 00 h<\/td><td class=\"column-3\">dr. sc. Mirjana \u0160njari\u0107<\/td><td class=\"column-4\">B 305<\/td>\n<\/tr>\n<tr class=\"row-22\">\n\t<td class=\"column-1\"><\/td><td class=\"column-2\"><\/td><td class=\"column-3\"><\/td><td class=\"column-4\"><\/td>\n<\/tr>\n<\/tbody>\n<tfoot>\n<tr class=\"row-23\">\n\t<td class=\"column-1\"><\/td><td class=\"column-2\"><\/td><td class=\"column-3\"><\/td><td class=\"column-4\"><\/td>\n<\/tr>\n<\/tfoot>\n<\/table>\n<br \/>\n<table id=\"tablepress-36\" class=\"tablepress tablepress-id-36\">\n<thead>\n<tr class=\"row-1\">\n\t<th class=\"column-1\"><strong>JESENSKI ISPITNI ROKOVI<\/strong><\/th><td class=\"column-2\"><\/td><th class=\"column-3\"><strong>PREDDIPLOMSKI STUDIJ<\/strong><\/th><td class=\"column-4\"><\/td>\n<\/tr>\n<\/thead>\n<tbody class=\"row-striping row-hover\">\n<tr class=\"row-2\">\n\t<td class=\"column-1\"><strong>REDOVNI<\/strong><\/td><td class=\"column-2\"><\/td><td class=\"column-3\"><strong>Azra Pli\u0107ani\u0107 Mesi\u0107<\/strong><\/td><td class=\"column-4\"><\/td>\n<\/tr>\n<tr class=\"row-3\">\n\t<td class=\"column-1\"><\/td><td class=\"column-2\"><\/td><td class=\"column-3\"><\/td><td class=\"column-4\"><\/td>\n<\/tr>\n<tr class=\"row-4\">\n\t<td class=\"column-1\">7. 9. 2026. <\/td><td class=\"column-2\">12 : 00 h<\/td><td class=\"column-3\">Azra Pli\u0107ani\u0107 Mesi\u0107<\/td><td class=\"column-4\">B 326<\/td>\n<\/tr>\n<tr class=\"row-5\">\n\t<td class=\"column-1\">14. 9. 2026. <\/td><td class=\"column-2\">12 : 00 h<\/td><td class=\"column-3\">Azra Pli\u0107ani\u0107 Mesi\u0107<\/td><td class=\"column-4\">B 326<\/td>\n<\/tr>\n<tr class=\"row-6\">\n\t<td class=\"column-1\"><\/td><td class=\"column-2\"><\/td><td class=\"column-3\"><\/td><td class=\"column-4\"><\/td>\n<\/tr>\n<tr class=\"row-7\">\n\t<td class=\"column-1\"><strong>REDOVNI<\/strong><\/td><td class=\"column-2\"><\/td><td class=\"column-3\"><strong>dr. sc. Mirjana \u0160njari\u0107<\/strong><\/td><td class=\"column-4\"><\/td>\n<\/tr>\n<tr class=\"row-8\">\n\t<td class=\"column-1\"><\/td><td class=\"column-2\"><\/td><td class=\"column-3\"><\/td><td class=\"column-4\"><\/td>\n<\/tr>\n<tr class=\"row-9\">\n\t<td class=\"column-1\">8. 9. 2026. <\/td><td class=\"column-2\">11 : 00 h<\/td><td class=\"column-3\">dr. sc. Mirjana \u0160njari\u0107<\/td><td class=\"column-4\">B 305<\/td>\n<\/tr>\n<tr class=\"row-10\">\n\t<td class=\"column-1\">11. 9. 2026. <\/td><td class=\"column-2\">11 : 00 h<\/td><td class=\"column-3\">dr. sc. Mirjana \u0160njari\u0107<\/td><td class=\"column-4\">B 305<\/td>\n<\/tr>\n<tr class=\"row-11\">\n\t<td class=\"column-1\"><\/td><td class=\"column-2\"><\/td><td class=\"column-3\"><\/td><td class=\"column-4\"><\/td>\n<\/tr>\n<\/tbody>\n<tfoot>\n<tr class=\"row-12\">\n\t<td class=\"column-1\"><\/td><td class=\"column-2\"><\/td><td class=\"column-3\"><\/td><td class=\"column-4\"><\/td>\n<\/tr>\n<\/tfoot>\n<\/table>\n<\/p>\n\n\n<p><\/p>\n","protected":false},"excerpt":{"rendered":"","protected":false},"author":1,"featured_media":0,"parent":0,"menu_order":0,"comment_status":"closed","ping_status":"closed","template":"page-templates\/full-width.php","meta":{"footnotes":""},"class_list":["post-599","page","type-page","status-publish","hentry"],"_links":{"self":[{"href":"https:\/\/centar.ffzg.unizg.hr\/index.php?rest_route=\/wp\/v2\/pages\/599","targetHints":{"allow":["GET"]}}],"collection":[{"href":"https:\/\/centar.ffzg.unizg.hr\/index.php?rest_route=\/wp\/v2\/pages"}],"about":[{"href":"https:\/\/centar.ffzg.unizg.hr\/index.php?rest_route=\/wp\/v2\/types\/page"}],"author":[{"embeddable":true,"href":"https:\/\/centar.ffzg.unizg.hr\/index.php?rest_route=\/wp\/v2\/users\/1"}],"replies":[{"embeddable":true,"href":"https:\/\/centar.ffzg.unizg.hr\/index.php?rest_route=%2Fwp%2Fv2%2Fcomments&post=599"}],"version-history":[{"count":3,"href":"https:\/\/centar.ffzg.unizg.hr\/index.php?rest_route=\/wp\/v2\/pages\/599\/revisions"}],"predecessor-version":[{"id":8190,"href":"https:\/\/centar.ffzg.unizg.hr\/index.php?rest_route=\/wp\/v2\/pages\/599\/revisions\/8190"}],"wp:attachment":[{"href":"https:\/\/centar.ffzg.unizg.hr\/index.php?rest_route=%2Fwp%2Fv2%2Fmedia&parent=599"}],"curies":[{"name":"wp","href":"https:\/\/api.w.org\/{rel}","templated":true}]}}