{"id":728,"date":"2014-07-02T12:41:01","date_gmt":"2014-07-02T12:41:01","guid":{"rendered":"http:\/\/wp.ffzg.unizg.hr\/centar-probni\/?page_id=728"},"modified":"2021-12-06T12:30:04","modified_gmt":"2021-12-06T10:30:04","slug":"uputa-za-prijavu-kolegija-ljetnog-semestra","status":"publish","type":"page","link":"https:\/\/centar.ffzg.unizg.hr\/?page_id=728","title":{"rendered":"Uputa za prijavu kolegija u semestru"},"content":{"rendered":"<p><img loading=\"lazy\" decoding=\"async\" class=\"alignnone size-full wp-image-1150\" src=\"https:\/\/centar.ffzg.unizg.hr\/wp-content\/uploads\/2014\/03\/line1tan.jpg\" alt=\"line1tan\" width=\"981\" height=\"3\" srcset=\"https:\/\/centar.ffzg.unizg.hr\/wp-content\/uploads\/2014\/03\/line1tan.jpg 981w, https:\/\/centar.ffzg.unizg.hr\/wp-content\/uploads\/2014\/03\/line1tan-300x1.jpg 300w, https:\/\/centar.ffzg.unizg.hr\/wp-content\/uploads\/2014\/03\/line1tan-624x1.jpg 624w\" sizes=\"auto, (max-width: 981px) 100vw, 981px\" \/><\/p>\n<p><strong>Upis predmeta u semestru<\/strong><\/p>\n<p>Prilikom upisa godine studenti na Studomatu upisuju predmete za odre\u0111eni semestar, pri \u010demu se nastavna godina koju student upisuje i na\u010din upisa ra\u010dunaju na temelju osvojenih ECTS bodova u prethodnoj nastavnoj godini. Izra\u010dunata nastavna godina i na\u010din upisa vrijede cijelu akademsku godinu do upisa sljede\u0107e godine.<\/p>\n<ul>\n<li><strong>U zimskom semestru studenti samo upisuju predmete za zimski semestar.<\/strong><\/li>\n<\/ul>\n<p>Za upis predmeta za odre\u0111eni semestar potrebno je izabrati opciju npr. <em>Predmeti za ljetni semestar<\/em>.<\/p>\n<p style=\"text-align: center;\"><a href=\"https:\/\/centar.ffzg.unizg.hr\/wp-content\/uploads\/2014\/07\/slikaa.jpg\"><img loading=\"lazy\" decoding=\"async\" class=\"size-full wp-image-743 aligncenter\" src=\"https:\/\/centar.ffzg.unizg.hr\/wp-content\/uploads\/2014\/07\/slikaa.jpg\" alt=\"slikaa\" width=\"601\" height=\"382\" srcset=\"https:\/\/centar.ffzg.unizg.hr\/wp-content\/uploads\/2014\/07\/slikaa.jpg 601w, https:\/\/centar.ffzg.unizg.hr\/wp-content\/uploads\/2014\/07\/slikaa-300x190.jpg 300w\" sizes=\"auto, (max-width: 601px) 100vw, 601px\" \/><\/a><em>Slika 1<\/em>. prozor <strong>Upis godine &gt; Studiji\/smjerovi &gt;<\/strong><\/p>\n<p>Prilikom upisa predmeta za semestar, student mora ispuniti kvotu za upis predmeta iz prethodnog semestra. Kvota za upis semestra definira se u obliku najmanjeg i najve\u0107eg optere\u0107enja u ECTS bodovima koje student mo\u017ee imati u pojedinom semestru.<br \/>\nU prozoru<strong> Upis godine &gt; Studiji smjerovi &gt;<\/strong> (<em>Slika 1<\/em>) prikazano je:<\/p>\n<ul>\n<li><strong>Minimalni<\/strong> i <strong>maksimalni<\/strong> broj ECTS bodova koji student treba upisati u odre\u0111enom semestru (kvota za upis semestra)<\/li>\n<\/ul>\n<ul>\n<li>Trenutno upisana koli\u010dina ECTS bodova u danom semestru (trenutno upisana kvota)<\/li>\n<\/ul>\n<ul>\n<li>&nbsp;Podatak o tome da li je mogu\u0107e obaviti upis. Ukoliko <strong>nije zadovoljeno<\/strong> pravilo upisne kvote za semestar ili neko drugo pravilo vezano uz upis, opcija <strong>Upi\u0161i svijetli<\/strong> <strong>crveno<\/strong>, a ukoliko su <strong>zadovoljena<\/strong> pravila za upis, opcija <strong>Upi\u0161i svijetli zeleno<\/strong>.<\/li>\n<\/ul>\n<ul>\n<li>Podatak o trenutno upisanoj nastavnoj godini uz na\u010din upisa<\/li>\n<\/ul>\n<ul>\n<li>&nbsp;Podatak o temelju financiranja i pla\u0107anju za upisani studij\/smjer<\/li>\n<\/ul>\n<p>Na <em>Slici 1<\/em>. student trenutno ima upisano 5 ECTS bodova, a treba upisati najmanje 25 ECTS i najvi\u0161e 35 ECTS u semestru. Opcija <strong><em>Upi\u0161i<\/em><\/strong> svijetli crveno, jer <strong>nije ispunjena kvota<\/strong> za upis semestra.<\/p>\n<ul>\n<li>Ukoliko student odabere opciju <em>Upi\u0161i<\/em> dok ona svijetli crveno, javit \u0107e se poruka za\u0161to upis nije mogu\u0107.<\/li>\n<\/ul>\n<ul>\n<li>Ukoliko student odabirom svih ponu\u0111enih predmeta ne uspijeva zadovoljiti kvotu ipak \u0107e mu biti omogu\u0107en upis (<em>Slika 3<\/em>).<\/li>\n<\/ul>\n<p>Za odabir predmeta za upis potrebno je odabrati opciju<strong>&nbsp;predmeti <a href=\"https:\/\/centar.ffzg.unizg.hr\/wp-content\/uploads\/2014\/07\/strelica-right.jpg\"><img loading=\"lazy\" decoding=\"async\" class=\"alignnone wp-image-974 size-full\" src=\"https:\/\/centar.ffzg.unizg.hr\/wp-content\/uploads\/2014\/07\/strelica-right.jpg\" alt=\"strelica right\" width=\"16\" height=\"16\"><\/a><\/strong> koja omogu\u0107uje odabir predmeta koje \u0107e student u odre\u0111enom semestru upisati (<em>Slika 1<\/em>).<\/p>\n<p>Nakon odabira opcije&nbsp;<strong>predmeti <a href=\"https:\/\/centar.ffzg.unizg.hr\/wp-content\/uploads\/2014\/07\/strelica-right.jpg\"><img loading=\"lazy\" decoding=\"async\" class=\"alignnone wp-image-974 size-full\" src=\"https:\/\/centar.ffzg.unizg.hr\/wp-content\/uploads\/2014\/07\/strelica-right.jpg\" alt=\"strelica right\" width=\"16\" height=\"16\"><\/a><\/strong> prikazuje se prozor <em>Upis godine &gt; Studiji\/smjerovi &gt; Obvezni\/izborni &gt;<\/em> koji sadr\u017ei podatke o ponudi obveznih i izbornih predmeta koje student mo\u017ee\/mora upisati u semestru (<em>Slika 2<\/em>).<\/p>\n<p>Studenti, koji imaju <strong>upisanu dvopredmetnu kombinaciju<\/strong> studijskih grupa, postupak odabira predmeta<strong> trebaju<\/strong> obaviti na <strong>obje<\/strong> studijske grupe.<\/p>\n<p style=\"text-align: center;\"><a href=\"https:\/\/centar.ffzg.unizg.hr\/wp-content\/uploads\/2014\/07\/slikab.jpg\"><img loading=\"lazy\" decoding=\"async\" class=\"size-full wp-image-740 aligncenter\" src=\"https:\/\/centar.ffzg.unizg.hr\/wp-content\/uploads\/2014\/07\/slikab.jpg\" alt=\"slikab\" width=\"601\" height=\"382\" srcset=\"https:\/\/centar.ffzg.unizg.hr\/wp-content\/uploads\/2014\/07\/slikab.jpg 601w, https:\/\/centar.ffzg.unizg.hr\/wp-content\/uploads\/2014\/07\/slikab-300x190.jpg 300w\" sizes=\"auto, (max-width: 601px) 100vw, 601px\" \/><\/a><em>Slika 2<\/em>. <strong>Pregled podataka o obveznim i izbornim predmetima<\/strong><\/p>\n<p style=\"text-align: left;\">Na <em>Slici 2<\/em>. prikazan je podatak o ukupnom zbroju ECTS bodova trenutno odabranih predmeta (svi obvezni i izborni predmeti zajedno), kao i podatak o ukupnoj vrijednosti ECTS bodova trenutno izabranih izbornih predmeta za svaku izbornu grupu zasebno.<\/p>\n<ul>\n<li>Budu\u0107i da se radi o upisu predmeta iz ljetnog semestra studentu se nude samo predmeti iz parnih semestara, jer se <strong>u ljetnom semestru odvija upis parnog semestra<\/strong>.<\/li>\n<\/ul>\n<p style=\"text-align: left;\">Student trenutno ima upisano 5 ECTS bodova (<em>Slika 2<\/em>). Za navedenog studenta trenutno upisana kvota ozna\u010dena je crvenom bojom jer <strong>nije dostignuta kvota za semestar<\/strong>, pa <strong>nije mogu\u0107e obaviti upis ljetnog semestra<\/strong>.<\/p>\n<p style=\"text-align: left;\">Nakon obavljanja upisa predmeta, strelicom za&nbsp;<strong>nazad <a href=\"https:\/\/centar.ffzg.unizg.hr\/wp-content\/uploads\/2014\/07\/strelica-left.jpg\"><img loading=\"lazy\" decoding=\"async\" class=\"alignnone wp-image-975 size-full\" src=\"https:\/\/centar.ffzg.unizg.hr\/wp-content\/uploads\/2014\/07\/strelica-left.jpg\" alt=\"strelica left\" width=\"16\" height=\"18\"><\/a><\/strong> potrebno se iz prozora <em><strong>Upis godine &gt; Studiji\/smjerovi &gt; Obvezni\/izborni<\/strong> &gt;<\/em> vratiti na prozor <strong><em>Upis godine &gt; Studiji\/smjerovi<\/em> &gt;<\/strong> (<em>Slika 3<\/em>) u kojem za upis odre\u0111enog semestra treba odabrati opciju&nbsp; <a href=\"https:\/\/centar.ffzg.unizg.hr\/wp-content\/uploads\/2014\/07\/upishi.jpg\"><img loading=\"lazy\" decoding=\"async\" class=\"alignnone wp-image-762\" src=\"https:\/\/centar.ffzg.unizg.hr\/wp-content\/uploads\/2014\/07\/upishi.jpg\" alt=\"upishi\" width=\"77\" height=\"30\"><\/a>.<\/p>\n<p style=\"text-align: center;\"><a href=\"https:\/\/centar.ffzg.unizg.hr\/wp-content\/uploads\/2014\/07\/slikac.jpg\"><img loading=\"lazy\" decoding=\"async\" class=\"size-full wp-image-764 aligncenter\" src=\"https:\/\/centar.ffzg.unizg.hr\/wp-content\/uploads\/2014\/07\/slikac.jpg\" alt=\"slikac\" width=\"667\" height=\"427\" srcset=\"https:\/\/centar.ffzg.unizg.hr\/wp-content\/uploads\/2014\/07\/slikac.jpg 667w, https:\/\/centar.ffzg.unizg.hr\/wp-content\/uploads\/2014\/07\/slikac-300x192.jpg 300w, https:\/\/centar.ffzg.unizg.hr\/wp-content\/uploads\/2014\/07\/slikac-624x399.jpg 624w\" sizes=\"auto, (max-width: 667px) 100vw, 667px\" \/><\/a><em>Slika 3<\/em>. prozor <strong>Upis godine &gt; Studiji\/smjerovi &gt;<\/strong><\/p>\n<p style=\"text-align: left;\">Odabirom opcije&nbsp; <a href=\"https:\/\/centar.ffzg.unizg.hr\/wp-content\/uploads\/2014\/07\/upishi.jpg\"><img loading=\"lazy\" decoding=\"async\" class=\"alignnone wp-image-762 \" src=\"https:\/\/centar.ffzg.unizg.hr\/wp-content\/uploads\/2014\/07\/upishi.jpg\" alt=\"upishi\" width=\"72\" height=\"28\"><\/a>&nbsp; prikazuje se prozor <strong>Upis godine &gt; Pregled predmeta prije upisa &gt;<\/strong> u kojem se prikazuju podaci o predmetima iz&nbsp; semestra koje student upisuje (<em>Slika 4<\/em>).<\/p>\n<p style=\"text-align: center;\"><a href=\"https:\/\/centar.ffzg.unizg.hr\/wp-content\/uploads\/2014\/07\/slikad.jpg\"><img loading=\"lazy\" decoding=\"async\" class=\"size-full wp-image-767 aligncenter\" src=\"https:\/\/centar.ffzg.unizg.hr\/wp-content\/uploads\/2014\/07\/slikad.jpg\" alt=\"slikad\" width=\"668\" height=\"611\" srcset=\"https:\/\/centar.ffzg.unizg.hr\/wp-content\/uploads\/2014\/07\/slikad.jpg 668w, https:\/\/centar.ffzg.unizg.hr\/wp-content\/uploads\/2014\/07\/slikad-300x274.jpg 300w, https:\/\/centar.ffzg.unizg.hr\/wp-content\/uploads\/2014\/07\/slikad-624x570.jpg 624w\" sizes=\"auto, (max-width: 668px) 100vw, 668px\" \/><\/a><em>Slika 4<\/em>. prozor <strong>Pregled predmeta prije upisa<\/strong><\/p>\n<p style=\"text-align: left;\">Za obavljanje upisa predmeta iz odre\u0111enog semestra potrebno je odabrati opciju&nbsp; <a href=\"https:\/\/centar.ffzg.unizg.hr\/wp-content\/uploads\/2014\/07\/upishiplavi.jpg\"><img loading=\"lazy\" decoding=\"async\" class=\"alignnone wp-image-771 \" src=\"https:\/\/centar.ffzg.unizg.hr\/wp-content\/uploads\/2014\/07\/upishiplavi.jpg\" alt=\"\" width=\"74\" height=\"26\"><\/a>&nbsp; nakon \u010dega je obavljen upis semestra i pojavljuje se obavijest o uspje\u0161no obavljenom upisu predmeta iz odre\u0111enog semestra <em>(Slika 5<\/em>).<\/p>\n<p style=\"text-align: center;\"><a href=\"https:\/\/centar.ffzg.unizg.hr\/wp-content\/uploads\/2014\/07\/slikae.jpg\"><img loading=\"lazy\" decoding=\"async\" class=\"size-full wp-image-769 aligncenter\" src=\"https:\/\/centar.ffzg.unizg.hr\/wp-content\/uploads\/2014\/07\/slikae.jpg\" alt=\"slikae\" width=\"667\" height=\"426\" srcset=\"https:\/\/centar.ffzg.unizg.hr\/wp-content\/uploads\/2014\/07\/slikae.jpg 667w, https:\/\/centar.ffzg.unizg.hr\/wp-content\/uploads\/2014\/07\/slikae-300x191.jpg 300w, https:\/\/centar.ffzg.unizg.hr\/wp-content\/uploads\/2014\/07\/slikae-624x398.jpg 624w\" sizes=\"auto, (max-width: 667px) 100vw, 667px\" \/><\/a><em>Slika 5<\/em>. prozor <strong>Obavijest o upisu predmeta<\/strong><\/p>\n<p style=\"text-align: left;\">Studenti se prijavljuju&nbsp; na kolegije iz semestra putem <strong>STUDOMATA<\/strong>.<\/p>\n<p style=\"text-align: left;\"><strong>GDJE <\/strong>se mo\u017ee obaviti prijava na kolegije semestra?<\/p>\n<ul>\n<li>prijava na kolegije semestra mo\u017ee se obaviti isklju\u010divo putem Studomata u prostorima fakulteta<\/li>\n<\/ul>\n<ul>\n<li>&nbsp;dva Studomata nalaze se u auli, dva na prvom katu u A hodniku, jedan na drugom katu kod u\u010dionice A\u2010212A te jedan na tre\u0107em katu<\/li>\n<\/ul>\n<p><strong>KADA<\/strong> je prijava mogu\u0107a?<\/p>\n<ul>\n<li>Studomatima je mogu\u0107e pristupiti u uobi\u010dajeno radno vrijeme fakulteta.<\/li>\n<\/ul>\n<ul>\n<li>&nbsp;prije pristupanja Studomatu obvezno pregledati nastavne programe na <a href=\"http:\/\/www.isvu.hr\/javno\/hr\/vu130\/index.shtml\">http:\/\/www.isvu.hr\/javno\/hr\/vu130\/index.shtml<\/a><\/li>\n<\/ul>\n<p style=\"text-align: left;\"><strong>KAKO<\/strong> se prijaviti na kolegije iz semestra?<\/p>\n<ul>\n<li>&nbsp;Identificirati se pomo\u0107u <strong>JMBAG\u2010a i zaporke<\/strong>.<\/li>\n<\/ul>\n<ul>\n<li>Odabrati opciju <strong>Upis godine &gt; Predmeti za odre\u0111eni semestar<\/strong>.<\/li>\n<\/ul>\n<ul>\n<li>Za svaku studijsku grupu upisati <strong>obvezne<\/strong> i <strong>izborne<\/strong> kolegije (ukoliko su predvi\u0111eni nastavnim programom).<\/li>\n<\/ul>\n<ul>\n<li>Prijava na kolegije u grupama treba biti <strong>u skladu s pravilima grupe<\/strong> i s <strong>pravilima nastavnog programa<\/strong> (<em><strong>dvopredmetni studiji \u2010 paziti na upis stranog jezika struke i zamjenskog kolegija<\/strong><\/em>).<\/li>\n<\/ul>\n<ul>\n<li>&nbsp;Strelice omogu\u0107uju kretanje kroz razli\u010dite stranice \u2010 prema stranicama za odabir kolegija i natrag, prema glavnoj stranici za upis.<\/li>\n<\/ul>\n<ul>\n<li>Kada su sva pravila zadovoljena, odabrati <strong>zeleno uokviren gumb&nbsp; <a href=\"https:\/\/centar.ffzg.unizg.hr\/wp-content\/uploads\/2014\/07\/upishi.jpg\"><img loading=\"lazy\" decoding=\"async\" class=\"alignnone wp-image-762 \" src=\"https:\/\/centar.ffzg.unizg.hr\/wp-content\/uploads\/2014\/07\/upishi.jpg\" alt=\"upishi\" width=\"74\" height=\"29\"><\/a><\/strong>&nbsp; i pregledati odabrane obvezne i izborne kolegije.<\/li>\n<\/ul>\n<ul>\n<li>Ukoliko su svi prijavljeni kolegiji u redu, potrebno je odabrati <strong>plavo uokvireni<\/strong> gumb <a href=\"https:\/\/centar.ffzg.unizg.hr\/wp-content\/uploads\/2014\/07\/upishiplavi.jpg\"><img loading=\"lazy\" decoding=\"async\" class=\"alignnone wp-image-771 \" src=\"https:\/\/centar.ffzg.unizg.hr\/wp-content\/uploads\/2014\/07\/upishiplavi.jpg\" alt=\"upishiplavi\" width=\"76\" height=\"27\"><\/a><\/li>\n<\/ul>\n<ul>\n<li>Nakon odabira kolegija putem Studomata, upis semestra potrebno je potvrditi u Studentkoj slu\u017ebi (radno vrijeme od 9h o 14h).<\/li>\n<\/ul>\n<ul>\n<li>Ukoliko student odabirom svih ponu\u0111enih predmeta ne uspijeva zadovoljiti kvotu ipak \u0107e mu biti omogu\u0107en upis, ali \u0107e ostale predmete, do predvi\u0111ene kvote, upisati u Studentskoj slu\u017ebi.<\/li>\n<\/ul>\n<p style=\"text-align: left;\"><strong>DETALJNE UPUTE ZA UPIS KOLEGIJA ODRE\u0110ENOG SEMESTRA PUTEM STUDOMATA<\/strong><br \/>\n<strong>NALAZE SE NA WEB STRANICI <a href=\"http:\/\/www.ffzg.unizg.hr\/isvu\/upute-za-prijavuodjavu-ispita\/\">FFZG OBAVIJESTI \u2010 ISVU<\/a><\/strong><\/p>\n","protected":false},"excerpt":{"rendered":"<p>Upis predmeta u semestru Prilikom upisa godine studenti na Studomatu upisuju predmete za odre\u0111eni semestar, pri \u010demu se nastavna godina koju student upisuje i na\u010din upisa ra\u010dunaju na temelju osvojenih ECTS bodova u prethodnoj nastavnoj godini. Izra\u010dunata nastavna godina i na\u010din upisa vrijede cijelu akademsku godinu do upisa sljede\u0107e godine. U zimskom semestru studenti samo [&hellip;]<\/p>\n","protected":false},"author":1,"featured_media":0,"parent":0,"menu_order":0,"comment_status":"closed","ping_status":"closed","template":"page-templates\/full-width.php","meta":{"footnotes":""},"class_list":["post-728","page","type-page","status-publish","hentry"],"_links":{"self":[{"href":"https:\/\/centar.ffzg.unizg.hr\/index.php?rest_route=\/wp\/v2\/pages\/728","targetHints":{"allow":["GET"]}}],"collection":[{"href":"https:\/\/centar.ffzg.unizg.hr\/index.php?rest_route=\/wp\/v2\/pages"}],"about":[{"href":"https:\/\/centar.ffzg.unizg.hr\/index.php?rest_route=\/wp\/v2\/types\/page"}],"author":[{"embeddable":true,"href":"https:\/\/centar.ffzg.unizg.hr\/index.php?rest_route=\/wp\/v2\/users\/1"}],"replies":[{"embeddable":true,"href":"https:\/\/centar.ffzg.unizg.hr\/index.php?rest_route=%2Fwp%2Fv2%2Fcomments&post=728"}],"version-history":[{"count":4,"href":"https:\/\/centar.ffzg.unizg.hr\/index.php?rest_route=\/wp\/v2\/pages\/728\/revisions"}],"predecessor-version":[{"id":8075,"href":"https:\/\/centar.ffzg.unizg.hr\/index.php?rest_route=\/wp\/v2\/pages\/728\/revisions\/8075"}],"wp:attachment":[{"href":"https:\/\/centar.ffzg.unizg.hr\/index.php?rest_route=%2Fwp%2Fv2%2Fmedia&parent=728"}],"curies":[{"name":"wp","href":"https:\/\/api.w.org\/{rel}","templated":true}]}}