{"id":7609,"date":"2021-11-22T10:22:20","date_gmt":"2021-11-22T08:22:20","guid":{"rendered":"https:\/\/centar.ffzg.unizg.hr\/?page_id=7609"},"modified":"2024-05-14T10:18:59","modified_gmt":"2024-05-14T08:18:59","slug":"izvedbeni-plan-nastave-za-akademsku-godinu-2021-2022","status":"publish","type":"page","link":"https:\/\/centar.ffzg.unizg.hr\/?page_id=7609","title":{"rendered":"Njema\u010dki jezik"},"content":{"rendered":"\n<p style=\"font-size:19px\">Preddiplomski studij<\/p>\n\n\n<p><img loading=\"lazy\" decoding=\"async\" class=\"alignnone wp-image-1150\" src=\"https:\/\/centar.ffzg.unizg.hr\/wp-content\/uploads\/2014\/03\/line1tan.jpg\" alt=\"line1tan\" width=\"940\" height=\"3\" srcset=\"https:\/\/centar.ffzg.unizg.hr\/wp-content\/uploads\/2014\/03\/line1tan.jpg 981w, https:\/\/centar.ffzg.unizg.hr\/wp-content\/uploads\/2014\/03\/line1tan-300x1.jpg 300w, https:\/\/centar.ffzg.unizg.hr\/wp-content\/uploads\/2014\/03\/line1tan-624x1.jpg 624w\" sizes=\"auto, (max-width: 940px) 100vw, 940px\" \/><\/p>\n<p><a href=\"https:\/\/centar.ffzg.unizg.hr\/?page_id=9356\">Njema\u010dki jezik 1 &#8211; razina A1<\/a><\/p>\n<p><a href=\"https:\/\/centar.ffzg.unizg.hr\/?page_id=9363\">Njema\u010dki jezik 2 &#8211; razina A1<\/a><\/p>\n<p><a href=\"https:\/\/centar.ffzg.unizg.hr\/?page_id=9373\">Njema\u010dki jezik za akademske potrebe 1 &#8211; razina B1<\/a><\/p>\n<p><a href=\"https:\/\/centar.ffzg.unizg.hr\/?page_id=9378\">Njema\u010dki jezik za akademske potrebe 2 &#8211; razina B1<\/a><\/p>\n<p><img loading=\"lazy\" decoding=\"async\" class=\"alignnone wp-image-1150\" src=\"https:\/\/centar.ffzg.unizg.hr\/wp-content\/uploads\/2014\/03\/line1tan.jpg\" alt=\"line1tan\" width=\"940\" height=\"3\" srcset=\"https:\/\/centar.ffzg.unizg.hr\/wp-content\/uploads\/2014\/03\/line1tan.jpg 981w, https:\/\/centar.ffzg.unizg.hr\/wp-content\/uploads\/2014\/03\/line1tan-300x1.jpg 300w, https:\/\/centar.ffzg.unizg.hr\/wp-content\/uploads\/2014\/03\/line1tan-624x1.jpg 624w\" sizes=\"auto, (max-width: 940px) 100vw, 940px\" \/><\/p>\n\n\n<p><\/p>\n","protected":false},"excerpt":{"rendered":"<p>Preddiplomski studij Njema\u010dki jezik 1 &#8211; razina A1 Njema\u010dki jezik 2 &#8211; razina A1 Njema\u010dki jezik za akademske potrebe 1 &#8211; razina B1 Njema\u010dki jezik za akademske potrebe 2 &#8211; razina B1<\/p>\n","protected":false},"author":3,"featured_media":0,"parent":0,"menu_order":0,"comment_status":"closed","ping_status":"closed","template":"","meta":{"footnotes":""},"class_list":["post-7609","page","type-page","status-publish","hentry"],"_links":{"self":[{"href":"https:\/\/centar.ffzg.unizg.hr\/index.php?rest_route=\/wp\/v2\/pages\/7609","targetHints":{"allow":["GET"]}}],"collection":[{"href":"https:\/\/centar.ffzg.unizg.hr\/index.php?rest_route=\/wp\/v2\/pages"}],"about":[{"href":"https:\/\/centar.ffzg.unizg.hr\/index.php?rest_route=\/wp\/v2\/types\/page"}],"author":[{"embeddable":true,"href":"https:\/\/centar.ffzg.unizg.hr\/index.php?rest_route=\/wp\/v2\/users\/3"}],"replies":[{"embeddable":true,"href":"https:\/\/centar.ffzg.unizg.hr\/index.php?rest_route=%2Fwp%2Fv2%2Fcomments&post=7609"}],"version-history":[{"count":22,"href":"https:\/\/centar.ffzg.unizg.hr\/index.php?rest_route=\/wp\/v2\/pages\/7609\/revisions"}],"predecessor-version":[{"id":9652,"href":"https:\/\/centar.ffzg.unizg.hr\/index.php?rest_route=\/wp\/v2\/pages\/7609\/revisions\/9652"}],"wp:attachment":[{"href":"https:\/\/centar.ffzg.unizg.hr\/index.php?rest_route=%2Fwp%2Fv2%2Fmedia&parent=7609"}],"curies":[{"name":"wp","href":"https:\/\/api.w.org\/{rel}","templated":true}]}}