{"id":8088,"date":"2021-12-06T15:31:28","date_gmt":"2021-12-06T13:31:28","guid":{"rendered":"https:\/\/centar.ffzg.unizg.hr\/?page_id=8088"},"modified":"2021-12-06T15:36:50","modified_gmt":"2021-12-06T13:36:50","slug":"contacts-center-for-foreign-languages","status":"publish","type":"page","link":"https:\/\/centar.ffzg.unizg.hr\/?page_id=8088&lang=en","title":{"rendered":"Contacts &#8211; Center for Foreign Languages"},"content":{"rendered":"\n<h2 id=\"tablepress-368-name\" class=\"tablepress-table-name tablepress-table-name-id-368\">Contacts<\/h2>\n\n<table id=\"tablepress-368\" class=\"tablepress tablepress-id-368\" aria-labelledby=\"tablepress-368-name\">\n<thead>\n<tr class=\"row-1\">\n\t<th class=\"column-1\">Administration of the Center for Foreign Languages<\/th><th class=\"column-2\">B - 325<\/th>\n<\/tr>\n<\/thead>\n<tbody class=\"row-striping row-hover\">\n<tr class=\"row-2\">\n\t<td class=\"column-1\">Working hours<\/td><td class=\"column-2\">10 - 12 h<br \/>\n13 - 15 h<\/td>\n<\/tr>\n<tr class=\"row-3\">\n\t<td class=\"column-1\">Secretary<\/td><td class=\"column-2\"><a href=\"mailto:centar@ffzg.unizg.hr\">Vesna Pajtler Koni\u0107<\/a><\/td>\n<\/tr>\n<tr class=\"row-4\">\n\t<td class=\"column-1\">Phone<\/td><td class=\"column-2\">+385 1 40 92 095<br \/>\n+385 1 40 92 214<\/td>\n<\/tr>\n<tr class=\"row-5\">\n\t<td class=\"column-1\">e - mail<\/td><td class=\"column-2\"><a href=\"mailto:centar@ffzg.unizg.hr\">centar@ffzg.unizg.hr<\/a><\/td>\n<\/tr>\n<tr class=\"row-6\">\n\t<td class=\"column-1\">Head of the Center for Foreign Languages<\/td><td class=\"column-2\"><a href=\"https:\/\/centar.ffzg.unizg.hr\/?page_id=797\">Petra Barbari\u0107, vi\u0161i predava\u010d<\/a><\/td>\n<\/tr>\n<tr class=\"row-7\">\n\t<td class=\"column-1\">Course teaching Coordinator<\/td><td class=\"column-2\"><a href=\"https:\/\/centar.ffzg.unizg.hr\/?page_id=830\">Jasna \u0106iri\u0107, vi\u0161i predava\u010d<\/a><\/td>\n<\/tr>\n<tr class=\"row-8\">\n\t<td class=\"column-1\">ISVU Coordinator<\/td><td class=\"column-2\"><a href=\"https:\/\/centar.ffzg.unizg.hr\/?page_id=811\">Azra Pli\u0107ani\u0107 Mesi\u0107, vi\u0161i predava\u010d<\/a><\/td>\n<\/tr>\n<tr class=\"row-9\">\n\t<td class=\"column-1\">ECTS Coordinator<\/td><td class=\"column-2\"><a href=\"https:\/\/centar.ffzg.unizg.hr\/?page_id=797\">Petra Barbari\u0107, vi\u0161i predava\u010d<\/a><\/td>\n<\/tr>\n<tr class=\"row-10\">\n\t<td class=\"column-1\">Course Scheduling Coordinator<\/td><td class=\"column-2\"><a href=\"https:\/\/centar.ffzg.unizg.hr\/?page_id=839\">Ana Matijevi\u0107, predava\u010d<\/a><\/td>\n<\/tr>\n<tr class=\"row-11\">\n\t<td class=\"column-1\">Web Administrator<\/td><td class=\"column-2\"><a href=\"mailto:zlivnjak@ffzg.unizg.hr\">\u017deljko Livnjak, tehni\u010dki suradnik<\/a><\/td>\n<\/tr>\n<\/tbody>\n<tfoot>\n<tr class=\"row-12\">\n\t<th class=\"column-1\">Address<\/th><th class=\"column-2\">Filozofski fakultet<br \/>\nCentar za strane jezike<br \/>\nIvana Lu\u010di\u0107a 3, Zagreb<\/th>\n<\/tr>\n<\/tfoot>\n<\/table>\n\n","protected":false},"excerpt":{"rendered":"","protected":false},"author":3,"featured_media":0,"parent":0,"menu_order":0,"comment_status":"closed","ping_status":"closed","template":"","meta":{"footnotes":""},"class_list":["post-8088","page","type-page","status-publish","hentry"],"_links":{"self":[{"href":"https:\/\/centar.ffzg.unizg.hr\/index.php?rest_route=\/wp\/v2\/pages\/8088","targetHints":{"allow":["GET"]}}],"collection":[{"href":"https:\/\/centar.ffzg.unizg.hr\/index.php?rest_route=\/wp\/v2\/pages"}],"about":[{"href":"https:\/\/centar.ffzg.unizg.hr\/index.php?rest_route=\/wp\/v2\/types\/page"}],"author":[{"embeddable":true,"href":"https:\/\/centar.ffzg.unizg.hr\/index.php?rest_route=\/wp\/v2\/users\/3"}],"replies":[{"embeddable":true,"href":"https:\/\/centar.ffzg.unizg.hr\/index.php?rest_route=%2Fwp%2Fv2%2Fcomments&post=8088"}],"version-history":[{"count":2,"href":"https:\/\/centar.ffzg.unizg.hr\/index.php?rest_route=\/wp\/v2\/pages\/8088\/revisions"}],"predecessor-version":[{"id":8091,"href":"https:\/\/centar.ffzg.unizg.hr\/index.php?rest_route=\/wp\/v2\/pages\/8088\/revisions\/8091"}],"wp:attachment":[{"href":"https:\/\/centar.ffzg.unizg.hr\/index.php?rest_route=%2Fwp%2Fv2%2Fmedia&parent=8088"}],"curies":[{"name":"wp","href":"https:\/\/api.w.org\/{rel}","templated":true}]}}