{"id":8705,"date":"2022-12-02T11:38:13","date_gmt":"2022-12-02T09:38:13","guid":{"rendered":"https:\/\/centar.ffzg.unizg.hr\/?page_id=8705"},"modified":"2025-10-08T11:24:00","modified_gmt":"2025-10-08T09:24:00","slug":"azra-plicanic-mesic-senior-lecturer","status":"publish","type":"page","link":"https:\/\/centar.ffzg.unizg.hr\/?page_id=8705&lang=en","title":{"rendered":"Azra Pli\u0107ani\u0107 Mesi\u0107, Senior Lecturer"},"content":{"rendered":"\n<p><strong>Phone: +385 1 40 92 073<br>e-mail: <\/strong><a href=\"mailto:aplicani@m.ffzg.hr\"><strong>aplicani@m.ffzg.hr<\/strong><\/a><strong><br>            <a href=\"mailto:azra.plicanic@zg.t-com.hr\">azra.plicanic@zg.t-c<\/a><\/strong><a href=\"mailto:azra.plicanic@zg.t-com.hr\"><strong>om.hr<\/strong><\/a><\/p>\n\n\n\n<p><strong>2018<\/strong> \u2013 mentoring students from the Department of German language and literature (Teaching German as a Foreign language), Faculty of Humanities and Social Sciences<br><strong>2017 \u2013 2021<\/strong> Field Council (Social Sciences and Humanities) member<br><strong>2016<\/strong> \u2013 Faculty Council member<br><strong>2015 \u2013 2021<\/strong> Deputy Head of the Center for Foreign Languages and course coordinator, Faculty of Humanities and Social Sciences, Zagreb University<br><strong>2007<\/strong> \u2013 senior lecturer in German for academic purposes, Center for Foreign Languages, Faculty of Humanities and Social Sciences, Zagreb University<br><strong>2002 \u2013 2006<\/strong> lecturer in German for specific purposes, Faculty of Agriculture, University of Zagreb<br><strong>2002 \u2013 2007<\/strong> lecturer in German for academic purposes, Center for Foreign Languages, Faculty of Humanities and Social Sciences, Zagreb University<br><strong>2001 \u2013 2004<\/strong> Head of the Center for Foreign Languages, Faculty of Humanities and Social Sciences, Zagreb University<br><strong>1998<\/strong> &#8211; court appointed interpreter for German<br><strong>1994 \u2013 2002<\/strong> expert associate at the Center for Foreign Languages, Faculty of Humanities and Social Sciences, Zagreb University<br><strong>1989 \u2013 1994<\/strong> part-time German teacher at the Center for Foreign Languages, Faculty of Humanities and Social Sciences, Zagreb University<br><strong>1989 \u2013 1994<\/strong> bookselling advisor for German, Mladost<br><strong>1989<\/strong> MA in German Language and Literature and History, Faculty of Humanities and Social Sciences, Zagreb University<br><strong>1964<\/strong> born in Dortmund, Germany<\/p>\n","protected":false},"excerpt":{"rendered":"<p>Phone: +385 1 40 92 073e-mail: aplicani@m.ffzg.hr azra.plicanic@zg.t-com.hr 2018 \u2013 mentoring students from the Department of German language and literature (Teaching German as a Foreign language), Faculty of Humanities and Social Sciences2017 \u2013 2021 Field Council (Social Sciences and Humanities) member2016 \u2013 Faculty Council member2015 \u2013 2021 Deputy Head of the Center for Foreign Languages [&hellip;]<\/p>\n","protected":false},"author":3,"featured_media":0,"parent":0,"menu_order":0,"comment_status":"closed","ping_status":"closed","template":"","meta":{"footnotes":""},"class_list":["post-8705","page","type-page","status-publish","hentry"],"_links":{"self":[{"href":"https:\/\/centar.ffzg.unizg.hr\/index.php?rest_route=\/wp\/v2\/pages\/8705","targetHints":{"allow":["GET"]}}],"collection":[{"href":"https:\/\/centar.ffzg.unizg.hr\/index.php?rest_route=\/wp\/v2\/pages"}],"about":[{"href":"https:\/\/centar.ffzg.unizg.hr\/index.php?rest_route=\/wp\/v2\/types\/page"}],"author":[{"embeddable":true,"href":"https:\/\/centar.ffzg.unizg.hr\/index.php?rest_route=\/wp\/v2\/users\/3"}],"replies":[{"embeddable":true,"href":"https:\/\/centar.ffzg.unizg.hr\/index.php?rest_route=%2Fwp%2Fv2%2Fcomments&post=8705"}],"version-history":[{"count":3,"href":"https:\/\/centar.ffzg.unizg.hr\/index.php?rest_route=\/wp\/v2\/pages\/8705\/revisions"}],"predecessor-version":[{"id":10133,"href":"https:\/\/centar.ffzg.unizg.hr\/index.php?rest_route=\/wp\/v2\/pages\/8705\/revisions\/10133"}],"wp:attachment":[{"href":"https:\/\/centar.ffzg.unizg.hr\/index.php?rest_route=%2Fwp%2Fv2%2Fmedia&parent=8705"}],"curies":[{"name":"wp","href":"https:\/\/api.w.org\/{rel}","templated":true}]}}