{"id":8844,"date":"2023-05-24T12:54:52","date_gmt":"2023-05-24T10:54:52","guid":{"rendered":"https:\/\/centar.ffzg.unizg.hr\/?page_id=8844"},"modified":"2025-10-08T11:20:04","modified_gmt":"2025-10-08T09:20:04","slug":"testiranje-znanja-engleskog-jezika-u-svrhu-prijave-na-studij-primijenjenih-kognitivnih-znanosti","status":"publish","type":"page","link":"https:\/\/centar.ffzg.unizg.hr\/?page_id=8844","title":{"rendered":"Testiranje znanja engleskog jezika u svrhu prijave na studij &#8220;Primijenjena kognitivna znanost&#8221;"},"content":{"rendered":"\n<p>Testiranje znanja engleskog jezika u svrhu prijave na studij \u201cPrimijenjena kognitivna znanost\u201d<\/p>\n\n\n\n<ul class=\"wp-block-list\">\n<li><strong>u utorak 26. 8. 2025. u 9,30 sati u sobi B 310 A<\/strong>&nbsp;<strong>(prijave do 25. 8. 2025. do 12 sati)<\/strong><\/li>\n<\/ul>\n\n\n\n<p>odr\u017eat \u0107e se ispit za provjeru znanja engleskog jezika na razini B2 za potrebe prijave na studij \u201cPrimijenjena kognitivna znanost\u201d.<\/p>\n\n\n\n<p><strong>Prijave isklju\u010divo putem e-po\u0161te: <\/strong><a href=\"mailto:centar@m.ffzg.hr\"><strong>centar@m.ffzg.hr<\/strong><\/a><\/p>\n\n\n\n<ul class=\"wp-block-list\">\n<li>u prijavi nazna\u010diti svrhu: \u201etestiranje engleskog jezika za prijavu na studij \u201cPrimijenjena kognitivna znanost\u201d<\/li>\n\n\n\n<li>upisati to\u010dno ime i prezime kandidata koji pristupa testiranju (kako stoji na osobnoj iskaznici), datum i mjesto ro\u0111enja kandidata koji pristupa testiranju i ime oca\/majke<\/li>\n\n\n\n<li><strong>prilo\u017eiti u privitku potvrdu o uplati testiranja izvr\u0161enu na:<\/strong><\/li>\n<\/ul>\n\n\n\n<p><strong>PRIMATELJ:<\/strong><br>Filozofski fakultet<br>Centar za strane jezike<br>Zagreb, I. Lu\u010di\u0107a 3<br><strong>IBAN:<\/strong>&nbsp;HR1823600001101311177<br><strong>Model:<\/strong>&nbsp;00; poziv na broj: 31 \u2013 5 3 0 \u2013 1 0 2 1<br><strong>Iznos:<\/strong>&nbsp;<strong>65<\/strong>&nbsp;<strong>\u20ac<\/strong><br><strong>SVRHA:<\/strong>&nbsp;testiranje engleskog jezika B2 u svrhu prijave na studij \u201cPrimijenjena kognitivna znanost\u201d<\/p>\n\n\n\n<p><strong>ISPIT<\/strong><\/p>\n\n\n\n<p>Za potvrdu razine B2 testiraju se sve \u010detiri jezi\u010dne vje\u0161tine (slu\u0161anje, govorenje, \u010ditanje i pisanje). Pisani ispit provjerava poznavanje gramati\u010dkih struktura i vokabulara (Use of English), \u010ditanje s razumijevanjem (Reading Comprehension), pisanje sastavka na zadanu temu (Writing Assignment) te slu\u0161anje s razumijevanjem (Listening Comprehension).<\/p>\n\n\n\n<p>Usmeni dio ispita provjerava jezi\u010dne i komunikacijske vje\u0161tine.<\/p>\n\n\n\n<p>Potrebno je ostvariti minimalno 70% bodova za prolaz. Ispit traje oko 3 sata.<\/p>\n\n\n\n<p><\/p>\n\n\n\n<p><\/p>\n","protected":false},"excerpt":{"rendered":"<p>Testiranje znanja engleskog jezika u svrhu prijave na studij \u201cPrimijenjena kognitivna znanost\u201d odr\u017eat \u0107e se ispit za provjeru znanja engleskog jezika na razini B2 za potrebe prijave na studij \u201cPrimijenjena kognitivna znanost\u201d. Prijave isklju\u010divo putem e-po\u0161te: centar@m.ffzg.hr PRIMATELJ:Filozofski fakultetCentar za strane jezikeZagreb, I. Lu\u010di\u0107a 3IBAN:&nbsp;HR1823600001101311177Model:&nbsp;00; poziv na broj: 31 \u2013 5 3 0 \u2013 1 [&hellip;]<\/p>\n","protected":false},"author":3,"featured_media":0,"parent":0,"menu_order":0,"comment_status":"closed","ping_status":"closed","template":"","meta":{"footnotes":""},"class_list":["post-8844","page","type-page","status-publish","hentry"],"_links":{"self":[{"href":"https:\/\/centar.ffzg.unizg.hr\/index.php?rest_route=\/wp\/v2\/pages\/8844","targetHints":{"allow":["GET"]}}],"collection":[{"href":"https:\/\/centar.ffzg.unizg.hr\/index.php?rest_route=\/wp\/v2\/pages"}],"about":[{"href":"https:\/\/centar.ffzg.unizg.hr\/index.php?rest_route=\/wp\/v2\/types\/page"}],"author":[{"embeddable":true,"href":"https:\/\/centar.ffzg.unizg.hr\/index.php?rest_route=\/wp\/v2\/users\/3"}],"replies":[{"embeddable":true,"href":"https:\/\/centar.ffzg.unizg.hr\/index.php?rest_route=%2Fwp%2Fv2%2Fcomments&post=8844"}],"version-history":[{"count":26,"href":"https:\/\/centar.ffzg.unizg.hr\/index.php?rest_route=\/wp\/v2\/pages\/8844\/revisions"}],"predecessor-version":[{"id":10128,"href":"https:\/\/centar.ffzg.unizg.hr\/index.php?rest_route=\/wp\/v2\/pages\/8844\/revisions\/10128"}],"wp:attachment":[{"href":"https:\/\/centar.ffzg.unizg.hr\/index.php?rest_route=%2Fwp%2Fv2%2Fmedia&parent=8844"}],"curies":[{"name":"wp","href":"https:\/\/api.w.org\/{rel}","templated":true}]}}