{"id":8943,"date":"2023-10-06T13:39:15","date_gmt":"2023-10-06T11:39:15","guid":{"rendered":"https:\/\/centar.ffzg.unizg.hr\/?page_id=8943"},"modified":"2023-10-06T13:51:45","modified_gmt":"2023-10-06T11:51:45","slug":"gabriela-bagic-predavac","status":"publish","type":"page","link":"https:\/\/centar.ffzg.unizg.hr\/?page_id=8943","title":{"rendered":"Gabriela Bagi\u0107, predava\u010d"},"content":{"rendered":"\n<table id=\"tablepress-369\" class=\"tablepress tablepress-id-369\">\n<thead>\n<tr class=\"row-1\">\n\t<th class=\"column-1\"><img decoding=\"async\" src=\"https:\/\/centar.ffzg.unizg.hr\/wp-content\/uploads\/2018\/02\/Gabi.jpg\"width=\"70\" height=\"100\" class=\"aligncenter size-full wp-image-1565\" \/><\/th><th class=\"column-2\">Konzultacije: <strong>utorak, 15:30 - 16:15 h<\/strong><br \/>\nKabinet: <strong>B - 324<\/strong><br \/>\nTelefon: <strong>+385 1 4092 091<\/strong><br \/>\nE-mail: <a href=\"mailto:gbagic@m.ffzg.hr\">gbagic@m.ffzg.hr<\/a><\/th>\n<\/tr>\n<\/thead>\n<tbody class=\"row-striping row-hover\">\n<\/tbody>\n<\/table>\n\n\n\n\n<table id=\"tablepress-370\" class=\"tablepress tablepress-id-370\">\n<thead>\n<tr class=\"row-1\">\n\t<td class=\"column-1\"><\/td><td class=\"column-2\"><\/td>\n<\/tr>\n<\/thead>\n<tbody class=\"row-striping row-hover\">\n<tr class=\"row-2\">\n\t<td class=\"column-1\"><strong>Kolegiji:<\/strong><\/td><td class=\"column-2\">Engleski jezik za akademske potrebe (EAP)<br \/>\n<\/td>\n<\/tr>\n<tr class=\"row-3\">\n\t<td class=\"column-1\"><strong>Biografija:<\/strong><\/td><td class=\"column-2\"><strong>10\/2014.<\/strong> rad na Agronomskom fakultetu, Engleski jezik struke 1, 2 (ESP)<br \/>\n<br \/>\n<strong>2012. - 2013.<\/strong> rad u studentskoj nastavi na Filozofskom fakultetu ( Engleski za informatologe 1, 2 i Engleski za akademske potrebe 1, 2)<br \/>\n<br \/>\n<strong>2009.<\/strong> -  stru\u010dni suradnik za engleski jezik u Centru za strane jezike Filozofskog fakulteta<br \/>\n<br \/>\n<strong>2002. \u2013 2009.<\/strong>   honoraran rad u Centru za strane jezike Filozofskog fakulteta (te\u010dajna nastava engleskog i talijanskog jezika)<br \/>\n<br \/>\n<strong>2000.<\/strong> stru\u010dna praksa u sklopu kolegija Metodika nastave talijanskog jezika u O\u0160 A.G.Mato\u0161<br \/>\n<br \/>\n<strong>1997. \u2013 2007.<\/strong>\t  Filozofski fakultet u Zagrebu, smjer engleski i talijanski jezik I knji\u017eevnost<br \/>\n<\/td>\n<\/tr>\n<tr class=\"row-4\">\n\t<td class=\"column-1\"><strong>Stru\u010dna usavr\u0161avanja:<\/strong><\/td><td class=\"column-2\"><\/td>\n<\/tr>\n<tr class=\"row-5\">\n\t<td class=\"column-1\"><strong>\u010clanstva:<\/strong><\/td><td class=\"column-2\"><\/td>\n<\/tr>\n<tr class=\"row-6\">\n\t<td class=\"column-1\"><strong>Izlaganja na znanstvenim i stru\u010dnim skupovima:<\/strong><\/td><td class=\"column-2\"><\/td>\n<\/tr>\n<tr class=\"row-7\">\n\t<td class=\"column-1\"><strong>Izbor iz bibliografije:<\/strong><\/td><td class=\"column-2\"><\/td>\n<\/tr>\n<\/tbody>\n<tfoot>\n<tr class=\"row-8\">\n\t<td class=\"column-1\"><\/td><td class=\"column-2\"><\/td>\n<\/tr>\n<\/tfoot>\n<\/table>\n\n","protected":false},"excerpt":{"rendered":"","protected":false},"author":3,"featured_media":0,"parent":0,"menu_order":0,"comment_status":"closed","ping_status":"closed","template":"","meta":{"footnotes":""},"class_list":["post-8943","page","type-page","status-publish","hentry"],"_links":{"self":[{"href":"https:\/\/centar.ffzg.unizg.hr\/index.php?rest_route=\/wp\/v2\/pages\/8943","targetHints":{"allow":["GET"]}}],"collection":[{"href":"https:\/\/centar.ffzg.unizg.hr\/index.php?rest_route=\/wp\/v2\/pages"}],"about":[{"href":"https:\/\/centar.ffzg.unizg.hr\/index.php?rest_route=\/wp\/v2\/types\/page"}],"author":[{"embeddable":true,"href":"https:\/\/centar.ffzg.unizg.hr\/index.php?rest_route=\/wp\/v2\/users\/3"}],"replies":[{"embeddable":true,"href":"https:\/\/centar.ffzg.unizg.hr\/index.php?rest_route=%2Fwp%2Fv2%2Fcomments&post=8943"}],"version-history":[{"count":2,"href":"https:\/\/centar.ffzg.unizg.hr\/index.php?rest_route=\/wp\/v2\/pages\/8943\/revisions"}],"predecessor-version":[{"id":8948,"href":"https:\/\/centar.ffzg.unizg.hr\/index.php?rest_route=\/wp\/v2\/pages\/8943\/revisions\/8948"}],"wp:attachment":[{"href":"https:\/\/centar.ffzg.unizg.hr\/index.php?rest_route=%2Fwp%2Fv2%2Fmedia&parent=8943"}],"curies":[{"name":"wp","href":"https:\/\/api.w.org\/{rel}","templated":true}]}}