{"id":9244,"date":"2024-04-16T13:09:44","date_gmt":"2024-04-16T11:09:44","guid":{"rendered":"https:\/\/centar.ffzg.unizg.hr\/?page_id=9244"},"modified":"2024-04-16T13:19:16","modified_gmt":"2024-04-16T11:19:16","slug":"engleski-jezik-za-akademske-potrebe-1","status":"publish","type":"page","link":"https:\/\/centar.ffzg.unizg.hr\/?page_id=9244","title":{"rendered":"Izvedbeni plan nastave engleskog jezika za akademske potrebe 1"},"content":{"rendered":"\n<table id=\"tablepress-30\" class=\"tablepress tablepress-id-30\">\n<tbody class=\"row-striping row-hover\">\n<tr class=\"row-1\">\n\t<td class=\"column-1\"><strong>Nositelj kolegija<\/strong><\/td><td class=\"column-2\">Gabriela Bagi\u0107, Petra Barbari\u0107, mr. sc. Ines Jelov\u010di\u0107, dr. sc. Tina Miholjan\u010dan, mr. sc. Vivijana Radman<\/td>\n<\/tr>\n<tr class=\"row-2\">\n\t<td class=\"column-1\"><strong>Naziv kolegija<\/strong><\/td><td class=\"column-2\">Engleski jezik za akademske potrebe 1<\/td>\n<\/tr>\n<tr class=\"row-3\">\n\t<td class=\"column-1\"><strong>Bodovna vrijednost (broj bodova po ECTS sustavu)<\/strong><\/td><td class=\"column-2\">2<\/td>\n<\/tr>\n<tr class=\"row-4\">\n\t<td class=\"column-1\"><strong>Na\u010din izvo\u0111enja (broj sati P+V+S+e-u\u010denje)<\/strong><\/td><td class=\"column-2\">30 S + e-u\u010denje (Omega)<\/td>\n<\/tr>\n<tr class=\"row-5\">\n\t<td class=\"column-1\"><strong>Opis kolegija<\/strong><\/td><td class=\"column-2\"><\/td>\n<\/tr>\n<tr class=\"row-6\">\n\t<td class=\"column-1\"><strong>Ciljevi kolegija<\/strong><\/td><td class=\"column-2\">Usvajanje i razvijanje tehnika \u010ditanja stru\u010dne literature, usvajanje tehnika pisanja sa\u017eetaka, razvijanje vje\u0161tine govorenja o akademskim i stru\u010dnim temama i usvajanje akademskog i stru\u010dnog vokabulara.<\/td>\n<\/tr>\n<tr class=\"row-7\">\n\t<td class=\"column-1\"><strong>O\u010dekivani ishodi u\u010denja na razini kolegija <\/strong><\/td><td class=\"column-2\">1.\tKoristiti tehnike \u010ditanje stru\u010dne literature na engleskom jeziku.<br \/>\n2.\tPrepoznati uvrije\u017eene na\u010dine strukturiranja stru\u010dnog teksta, od organizacije paragrafa do organizacije cjeline teksta.<br \/>\n3.\tPrepoznati i koristiti tipove re\u010denica uobi\u010dajenih u akademskom diskursu.<br \/>\n4.\t Koristiti tehnike parafraziranja i stilove citiranja.<br \/>\n5.\tKoristiti vokabular akademskog engleskog jezika.<br \/>\n6.\tSa\u017eeti i izlo\u017eiti sadr\u017eaj autenti\u010dnog slu\u0161nog materijala.<\/td>\n<\/tr>\n<tr class=\"row-8\">\n\t<td class=\"column-1\"><strong>Opis sadr\u017eaja kolegija<\/strong><\/td><td class=\"column-2\">1.\tUvod u strani jezik za akademske potrebe, ciljevi i sadr\u017eaj engleskog jezika za akademske potrebe.<br \/>\n2.\tAkademski stil \/ registar. Osobine akademskog stila, akademskog vokabulara i gramatike.<br \/>\n3.\tUpotreba rje\u010dnika. Vrste rje\u010dnika, prepoznavanje zna\u010denja, konotacije rije\u010di,  revizija vrsta rije\u010di i isticanje specifi\u010dnosti.<br \/>\n4.\tTehnike \u010ditanja, tra\u017eenje op\u0107ih elemenata teksta i zaklju\u010divanje na osnovu njih.<br \/>\n5.\t\u010citanje s razumijevanjem. Prepoznavanje rije\u010di i zaklju\u010divanje njihovog zna\u010denja. Parafraziranje.<br \/>\n6.\tUvod u pisanje. Organizacija pisanog teksta (uvod, razrada, zaklju\u010dak).<br \/>\n7.\tStruktura teksta. Kohezija i koherentnost. Uvo\u0111enje elemenata koji dr\u017ee tekst kao cjelinu kao \u0161to su leksi\u010dka povezanost, referenca, elipsa, veznici. <br \/>\n8.\t\u010cinjenice i mi\u0161ljenje. Prepoznavanje razlike izme\u0111u \u010dinjenica i mi\u0161ljenja. Izra\u017eavanje objektivnosti i subjektivnosti. Slu\u0161anje: intervju.<br \/>\n9.\tUvod u vrste veznika s obzirom na funkciju. Revizija modalnih glagola i njihova funkcija u tekstu. Analiza upotrebe veznika i modala na tekstu.<br \/>\n10.\tOrganizacija informacije u tekstu. Klasifikacija i prikazivanje informacije u grafi\u010dkom obliku, grafi\u010dki prikaz zadanog teksta u obliku dijagrama.<br \/>\n11.\tPisanje bilje\u017eaka i predlo\u017eaka.<br \/>\n12.\tAkademsko slu\u0161anje: razlikovanje glavnih i sporednih ideja pri slu\u0161anju predavanja, vo\u0111enje bilje\u017eaka I sa\u017eimanje informacija.<br \/>\n13.\tGramati\u010dke karakteristike akademskog i stru\u010dnog teksta, izra\u017eavanje uzroka i posljedice.<br \/>\n14.\tUpute za pripremanje usmenog izlaganja: kako citirati literaturu, navesti klju\u010dne rije\u010di i glavne ideje u obliku natuknica; vremensko trajanje prezentacije. Bitni elementi prezentacije.<br \/>\n15.\tPonavljanje gradiva.<\/td>\n<\/tr>\n<\/tbody>\n<\/table>\n\n","protected":false},"excerpt":{"rendered":"","protected":false},"author":3,"featured_media":0,"parent":0,"menu_order":0,"comment_status":"closed","ping_status":"closed","template":"","meta":{"footnotes":""},"class_list":["post-9244","page","type-page","status-publish","hentry"],"_links":{"self":[{"href":"https:\/\/centar.ffzg.unizg.hr\/index.php?rest_route=\/wp\/v2\/pages\/9244","targetHints":{"allow":["GET"]}}],"collection":[{"href":"https:\/\/centar.ffzg.unizg.hr\/index.php?rest_route=\/wp\/v2\/pages"}],"about":[{"href":"https:\/\/centar.ffzg.unizg.hr\/index.php?rest_route=\/wp\/v2\/types\/page"}],"author":[{"embeddable":true,"href":"https:\/\/centar.ffzg.unizg.hr\/index.php?rest_route=\/wp\/v2\/users\/3"}],"replies":[{"embeddable":true,"href":"https:\/\/centar.ffzg.unizg.hr\/index.php?rest_route=%2Fwp%2Fv2%2Fcomments&post=9244"}],"version-history":[{"count":5,"href":"https:\/\/centar.ffzg.unizg.hr\/index.php?rest_route=\/wp\/v2\/pages\/9244\/revisions"}],"predecessor-version":[{"id":9252,"href":"https:\/\/centar.ffzg.unizg.hr\/index.php?rest_route=\/wp\/v2\/pages\/9244\/revisions\/9252"}],"wp:attachment":[{"href":"https:\/\/centar.ffzg.unizg.hr\/index.php?rest_route=%2Fwp%2Fv2%2Fmedia&parent=9244"}],"curies":[{"name":"wp","href":"https:\/\/api.w.org\/{rel}","templated":true}]}}