{"id":9254,"date":"2024-04-16T13:22:04","date_gmt":"2024-04-16T11:22:04","guid":{"rendered":"https:\/\/centar.ffzg.unizg.hr\/?page_id=9254"},"modified":"2024-04-16T13:23:34","modified_gmt":"2024-04-16T11:23:34","slug":"izvedbeni-plan-nastave-engleskog-jezika-za-akademske-potrebe-2","status":"publish","type":"page","link":"https:\/\/centar.ffzg.unizg.hr\/?page_id=9254","title":{"rendered":"Izvedbeni plan nastave engleskog jezika za akademske potrebe 2"},"content":{"rendered":"\n<table id=\"tablepress-371\" class=\"tablepress tablepress-id-371\">\n<tbody class=\"row-striping row-hover\">\n<tr class=\"row-1\">\n\t<td class=\"column-1\"><strong>Nositelj kolegija<\/strong><\/td><td class=\"column-2\">Gabriela Bagi\u0107, Petra Barbari\u0107, mr. sc. Ines Jelov\u010di\u0107, dr. sc. Tina Miholjan\u010dan, mr. sc. Vivijana Radman<\/td>\n<\/tr>\n<tr class=\"row-2\">\n\t<td class=\"column-1\"><strong>Naziv kolegija<\/strong><\/td><td class=\"column-2\">Engleski jezik za akademske potrebe 2<\/td>\n<\/tr>\n<tr class=\"row-3\">\n\t<td class=\"column-1\"><strong>Bodovna vrijednost (broj bodova po ECTS sustavu)<\/strong><\/td><td class=\"column-2\">2<\/td>\n<\/tr>\n<tr class=\"row-4\">\n\t<td class=\"column-1\"><strong>Na\u010din izvo\u0111enja (broj sati P+V+S+e-u\u010denje)<\/strong><\/td><td class=\"column-2\">30 S + e-u\u010denje (Omega)<\/td>\n<\/tr>\n<tr class=\"row-5\">\n\t<td class=\"column-1\"><strong>Opis kolegija<\/strong><\/td><td class=\"column-2\"><\/td>\n<\/tr>\n<tr class=\"row-6\">\n\t<td class=\"column-1\"><strong>Ciljevi kolegija<\/strong><\/td><td class=\"column-2\">Usvajanje i razvijanje tehnika \u010ditanja stru\u010dne literature, usvajanje tehnika pisanja sa\u017eetaka, razvijanje vje\u0161tine pisanja eseja, razvijanje vje\u0161tine govorenja o akademskim i stru\u010dnim temama i usvajanje akademskog i stru\u010dnog vokabulara.<\/td>\n<\/tr>\n<tr class=\"row-7\">\n\t<td class=\"column-1\"><strong>O\u010dekivani ishodi u\u010denja na razini kolegija<\/strong><\/td><td class=\"column-2\">1. Argumentirano raspravljati o stru\u010dnim temama na engleskom jeziku.<br \/>\n2. Odr\u017eati izlaganje na stru\u010dnu temu.<br \/>\n3. Napisati sa\u017eetak stru\u010dnog teksta\/rada na engleskom jeziku.<br \/>\n4. Skicirati i napisati esej na stru\u010dnu temu.<\/td>\n<\/tr>\n<tr class=\"row-8\">\n\t<td class=\"column-1\"><strong>Opis sadr\u017eaja kolegija<\/strong><\/td><td class=\"column-2\">1.\tIzlaganja na stru\u010dne teme; PowerPoint prezentacija, sadr\u017eajni i izvedbeni aspekt prezentacije.<br \/>\n2.\tPravila izrade prezentacija.<br \/>\n3.\tGeneralizacija, kvalifikacija, oprezan stil. <br \/>\n4.\tPisanje sa\u017eetaka. <br \/>\n5.\tRasprava. Rasprava kao oblik izra\u017eavanja stavova i mi\u0161ljenja. Izra\u017eavanje argumenata za i protiv. <br \/>\n6.\tIzra\u017eavanje \u010dinjenica i mi\u0161ljenja. <br \/>\n7.\tPisanje teksta na osnovu grafi\u010dkih prikaza i obrnuto. Usmeno izlaganje na akademsku\/ stru\u010dnu teme i rasprava.<br \/>\n8.\tAkademski vokabular. Usmena izlaganja na akademske i stru\u010dne teme i diskusija.<br \/>\n9.\tPisanje eseja, izbor teme, tra\u017eenje i navo\u0111enje literature. Vrste eseja.<br \/>\n10.\tUsmeno izlaganje. Rasprava o temi.<br \/>\n11.\tExplanation\/Exposition essay: struktura eseja na razini cjeline teksta; organizacija paragrafa. Analiza izvornog eseja tog tipa. Plan eseja. Usmeno izlaganje. Rasprava o temi.<br \/>\n12.\tArgument essay: struktura eseja na razini cjeline teksta; organizacija paragrafa. Analiza izvornog eseja tog tipa. Plan eseja. Usmeno izlaganje. Rasprava o temi.<br \/>\n13.\tDiscussion essay: struktura eseja na razini cjeline teksta; organizacija paragrafa. Analiza izvornog eseja tog tipa. Plan eseja. Usmeno izlaganje. Rasprava o temi.<br \/>\n14.\tComparison and contrast essay: struktura eseja na razini cjeline teksta; organizacija paragrafa. Analiza izvornog eseja tog tipa. Plan eseja. Usmeno izlaganje. Rasprava o temi. <br \/>\n15.\tFormalno pisanje \u017eivotopisa, molbi za posao, slu\u017ebenih pisama, popratnih pisama te slu\u017ebene korespondencije u elektroni\u010dkom obliku.<br \/>\n16.\tPonavljanje gradiva.<\/td>\n<\/tr>\n<\/tbody>\n<\/table>\n\n","protected":false},"excerpt":{"rendered":"","protected":false},"author":3,"featured_media":0,"parent":0,"menu_order":0,"comment_status":"closed","ping_status":"closed","template":"","meta":{"footnotes":""},"class_list":["post-9254","page","type-page","status-publish","hentry"],"_links":{"self":[{"href":"https:\/\/centar.ffzg.unizg.hr\/index.php?rest_route=\/wp\/v2\/pages\/9254","targetHints":{"allow":["GET"]}}],"collection":[{"href":"https:\/\/centar.ffzg.unizg.hr\/index.php?rest_route=\/wp\/v2\/pages"}],"about":[{"href":"https:\/\/centar.ffzg.unizg.hr\/index.php?rest_route=\/wp\/v2\/types\/page"}],"author":[{"embeddable":true,"href":"https:\/\/centar.ffzg.unizg.hr\/index.php?rest_route=\/wp\/v2\/users\/3"}],"replies":[{"embeddable":true,"href":"https:\/\/centar.ffzg.unizg.hr\/index.php?rest_route=%2Fwp%2Fv2%2Fcomments&post=9254"}],"version-history":[{"count":2,"href":"https:\/\/centar.ffzg.unizg.hr\/index.php?rest_route=\/wp\/v2\/pages\/9254\/revisions"}],"predecessor-version":[{"id":9257,"href":"https:\/\/centar.ffzg.unizg.hr\/index.php?rest_route=\/wp\/v2\/pages\/9254\/revisions\/9257"}],"wp:attachment":[{"href":"https:\/\/centar.ffzg.unizg.hr\/index.php?rest_route=%2Fwp%2Fv2%2Fmedia&parent=9254"}],"curies":[{"name":"wp","href":"https:\/\/api.w.org\/{rel}","templated":true}]}}