{"id":9290,"date":"2024-04-19T11:30:04","date_gmt":"2024-04-19T09:30:04","guid":{"rendered":"https:\/\/centar.ffzg.unizg.hr\/?page_id=9290"},"modified":"2024-04-19T11:30:04","modified_gmt":"2024-04-19T09:30:04","slug":"izvedbeni-plan-nastave-engleskog-jezika-struke-za-psihologe-2","status":"publish","type":"page","link":"https:\/\/centar.ffzg.unizg.hr\/?page_id=9290","title":{"rendered":"Izvedbeni plan nastave engleskog jezika struke za psihologe 2"},"content":{"rendered":"\n<table id=\"tablepress-375\" class=\"tablepress tablepress-id-375\">\n<tbody class=\"row-striping row-hover\">\n<tr class=\"row-1\">\n\t<td class=\"column-1\"><strong>Nositelj kolegija<\/strong><\/td><td class=\"column-2\"> dr. sc. Tina Miholjan\u010dan<\/td>\n<\/tr>\n<tr class=\"row-2\">\n\t<td class=\"column-1\"><strong>Naziv kolegija<\/strong><\/td><td class=\"column-2\">Engleski jezik struke za psihologe 2<\/td>\n<\/tr>\n<tr class=\"row-3\">\n\t<td class=\"column-1\"><strong>Bodovna vrijednost (broj bodova po ECTS sustavu)<\/strong><\/td><td class=\"column-2\">2<\/td>\n<\/tr>\n<tr class=\"row-4\">\n\t<td class=\"column-1\"><strong>Na\u010din izvo\u0111enja (broj sati P+V+S+e-u\u010denje)<\/strong><\/td><td class=\"column-2\">30 S + e-u\u010denje (Omega)<\/td>\n<\/tr>\n<tr class=\"row-5\">\n\t<td class=\"column-1\"><strong>Opis kolegija<\/strong><\/td><td class=\"column-2\"><\/td>\n<\/tr>\n<tr class=\"row-6\">\n\t<td class=\"column-1\"><strong>Ciljevi kolegija<\/strong><\/td><td class=\"column-2\">Razvijanje vje\u0161tine govorenja \/ izlaganja o stru\u010dnim temama, usvajanje tehnika pisanja sa\u017eetka znastvenoga rada i usvajanje vokabulara struke.<\/td>\n<\/tr>\n<tr class=\"row-7\">\n\t<td class=\"column-1\"><strong>O\u010dekivani ishodi u\u010denja na razini kolegija<\/strong><\/td><td class=\"column-2\">-\tArgumentirano raspravljati o stru\u010dnim temama na engleskom jeziku<br \/>\n-\tOdr\u017eati izlaganje na stru\u010dnu temu<br \/>\n-\tSa\u017eeti i izlo\u017eiti sadr\u017eaj autenti\u010dnog slu\u0161nog materijala<br \/>\n-\tAnalizirati i napisati sa\u017eetak znanstvenog rada<\/td>\n<\/tr>\n<tr class=\"row-8\">\n\t<td class=\"column-1\"><strong>Opis sadr\u017eaja kolegija<\/strong><\/td><td class=\"column-2\">1.\tUvod u kolegij. Upute za izlaganje<br \/>\n2.\tPrijava sa\u017eetaka i radova na konferenciju<br \/>\n3.\tVje\u0161tina slu\u0161anja i na\u010dini bilje\u017eenja<br \/>\n4.\tVje\u017ebe slu\u0161anja 1: pisanje nacrta predavanja<br \/>\n5.\tVje\u017ebe slu\u0161anja 2: pisanje sa\u017eetka predavanja<br \/>\n6.\tVje\u0161tina slu\u0161anja: Ponavljanje<br \/>\n7.\tVje\u0161tina slu\u0161anja: Kolokvij<br \/>\n8.\tUvod u pisanje sa\u017eetaka i IMRAD strukturu rada<br \/>\n9.\tPrepoznavanje dijelova znastvenoga rada i sa\u017eetka. Glagolska vremena u sa\u017eetku.<br \/>\n10.\tPisanje sa\u017eetka - vje\u017ebanje 1. Izlaganja studenata<br \/>\n11.\tPisanje sa\u017eetka - vje\u017ebanje 2. Izlaganja studenata<br \/>\n12.\tVje\u0161tina govorenja 1: izlaganja studenata<br \/>\n13.\tVje\u0161tina govorenja 2: izlaganja studenata<br \/>\n14.\tPonavljanje<br \/>\n15.\tZavr\u0161ni ispit: pisanje sa\u017eetka<\/td>\n<\/tr>\n<\/tbody>\n<\/table>\n\n","protected":false},"excerpt":{"rendered":"","protected":false},"author":3,"featured_media":0,"parent":0,"menu_order":0,"comment_status":"closed","ping_status":"closed","template":"","meta":{"footnotes":""},"class_list":["post-9290","page","type-page","status-publish","hentry"],"_links":{"self":[{"href":"https:\/\/centar.ffzg.unizg.hr\/index.php?rest_route=\/wp\/v2\/pages\/9290","targetHints":{"allow":["GET"]}}],"collection":[{"href":"https:\/\/centar.ffzg.unizg.hr\/index.php?rest_route=\/wp\/v2\/pages"}],"about":[{"href":"https:\/\/centar.ffzg.unizg.hr\/index.php?rest_route=\/wp\/v2\/types\/page"}],"author":[{"embeddable":true,"href":"https:\/\/centar.ffzg.unizg.hr\/index.php?rest_route=\/wp\/v2\/users\/3"}],"replies":[{"embeddable":true,"href":"https:\/\/centar.ffzg.unizg.hr\/index.php?rest_route=%2Fwp%2Fv2%2Fcomments&post=9290"}],"version-history":[{"count":1,"href":"https:\/\/centar.ffzg.unizg.hr\/index.php?rest_route=\/wp\/v2\/pages\/9290\/revisions"}],"predecessor-version":[{"id":9292,"href":"https:\/\/centar.ffzg.unizg.hr\/index.php?rest_route=\/wp\/v2\/pages\/9290\/revisions\/9292"}],"wp:attachment":[{"href":"https:\/\/centar.ffzg.unizg.hr\/index.php?rest_route=%2Fwp%2Fv2%2Fmedia&parent=9290"}],"curies":[{"name":"wp","href":"https:\/\/api.w.org\/{rel}","templated":true}]}}