{"id":9318,"date":"2024-04-19T12:02:20","date_gmt":"2024-04-19T10:02:20","guid":{"rendered":"https:\/\/centar.ffzg.unizg.hr\/?page_id=9318"},"modified":"2024-04-19T12:02:21","modified_gmt":"2024-04-19T10:02:21","slug":"izvedbeni-plan-nastave-engleskog-jezika-struke-za-foneticare-2","status":"publish","type":"page","link":"https:\/\/centar.ffzg.unizg.hr\/?page_id=9318","title":{"rendered":"Izvedbeni plan nastave engleskog jezika struke za foneti\u010dare 2"},"content":{"rendered":"\n<table id=\"tablepress-379\" class=\"tablepress tablepress-id-379\">\n<tbody class=\"row-striping row-hover\">\n<tr class=\"row-1\">\n\t<td class=\"column-1\"><strong>Nositelj kolegija<\/strong><\/td><td class=\"column-2\">mr. sc. Ines Jelov\u010di\u0107<\/td>\n<\/tr>\n<tr class=\"row-2\">\n\t<td class=\"column-1\"><strong>Naziv kolegija<\/strong><\/td><td class=\"column-2\">Engleski jezik struke za foneti\u010dare 2<\/td>\n<\/tr>\n<tr class=\"row-3\">\n\t<td class=\"column-1\"><strong>Bodovna vrijednost (broj bodova po ECTS sustavu)<\/strong><\/td><td class=\"column-2\">2<\/td>\n<\/tr>\n<tr class=\"row-4\">\n\t<td class=\"column-1\"><strong>Na\u010din izvo\u0111enja (broj sati P+V+S+e-u\u010denje)<\/strong><\/td><td class=\"column-2\">30 S + e-u\u010denje (Omega)<\/td>\n<\/tr>\n<tr class=\"row-5\">\n\t<td class=\"column-1\"><strong>Opis kolegija<\/strong><\/td><td class=\"column-2\"><\/td>\n<\/tr>\n<tr class=\"row-6\">\n\t<td class=\"column-1\"><strong>Ciljevi kolegija<\/strong><\/td><td class=\"column-2\">Razvijanje vje\u0161tine govorenja \/izlaganja o stru\u010dnim temama i usvajanje vokabulara struke.<\/td>\n<\/tr>\n<tr class=\"row-7\">\n\t<td class=\"column-1\"><strong>O\u010dekivani ishodi u\u010denja na razini kolegija<\/strong><\/td><td class=\"column-2\">-\tArgumentirano raspravljati o stru\u010dnim temama na engleskom jeziku<br \/>\n-\tOdr\u017eati izlaganje na stru\u010dnu temu<br \/>\n-\tSa\u017eeti i izlo\u017eiti sadr\u017eaj autenti\u010dnog slu\u0161nog materijala<br \/>\n-\tAnalizirati i napisati sa\u017eetak znanstvenog rada<\/td>\n<\/tr>\n<tr class=\"row-8\">\n\t<td class=\"column-1\"><strong>Opis sadr\u017eaja kolegija<\/strong><\/td><td class=\"column-2\">1.\tUvod u kolegij. Upute za izlaganje.<br \/>\n2.\tPretra\u017eivanje \u010dlanaka s popisa referencija iz temeljne literature. <br \/>\n3.\tPisanje sa\u017eetka \u010dlanka \u2013 dvije vrste sa\u017eetka. <br \/>\n4.\tUvod u pisanje sa\u017eetaka i IMRAD strukturu rada<br \/>\n5.\tPrepoznavanje dijelova znastvenoga rada i sa\u017eetka. Glagolska vremena u sa\u017eetku.<br \/>\n6.\tUsm. izlaganje sadr\u017eaja \u010dlanka \u2013 razli\u010dita trajanja izlaganja I.<br \/>\n7.\tUsm. izlaganje sadr\u017eaja \u010dlanka \u2013 razli\u010dita trajanja izlaganja II.<br \/>\n8.\tUsm. izlaganje sadr\u017eaja \u010dlanka \u2013 razli\u010dita trajanja izlaganja III.<br \/>\n9.\tUsm. izlaganje sadr\u017eaja \u010dlanka \u2013 razli\u010dita trajanja izlaganja IV.<br \/>\n10.\tUsm. izlaganje sadr\u017eaja \u010dlanka \u2013 razli\u010dita trajanja izlaganja V.<br \/>\n11.\tUsm. izlaganje sadr\u017eaja \u010dlanka \u2013 razli\u010dita trajanja izlaganja VI.<br \/>\n12.\tGlosari \u2013 izrada i uporaba. <br \/>\n13.\tGlosari \u2013 izrada i uporaba. <br \/>\n14.\tPonavljanje<br \/>\n15.\tZavr\u0161ni ispit: pisanje sa\u017eetka<\/td>\n<\/tr>\n<\/tbody>\n<\/table>\n\n","protected":false},"excerpt":{"rendered":"","protected":false},"author":3,"featured_media":0,"parent":0,"menu_order":0,"comment_status":"closed","ping_status":"closed","template":"","meta":{"footnotes":""},"class_list":["post-9318","page","type-page","status-publish","hentry"],"_links":{"self":[{"href":"https:\/\/centar.ffzg.unizg.hr\/index.php?rest_route=\/wp\/v2\/pages\/9318","targetHints":{"allow":["GET"]}}],"collection":[{"href":"https:\/\/centar.ffzg.unizg.hr\/index.php?rest_route=\/wp\/v2\/pages"}],"about":[{"href":"https:\/\/centar.ffzg.unizg.hr\/index.php?rest_route=\/wp\/v2\/types\/page"}],"author":[{"embeddable":true,"href":"https:\/\/centar.ffzg.unizg.hr\/index.php?rest_route=\/wp\/v2\/users\/3"}],"replies":[{"embeddable":true,"href":"https:\/\/centar.ffzg.unizg.hr\/index.php?rest_route=%2Fwp%2Fv2%2Fcomments&post=9318"}],"version-history":[{"count":1,"href":"https:\/\/centar.ffzg.unizg.hr\/index.php?rest_route=\/wp\/v2\/pages\/9318\/revisions"}],"predecessor-version":[{"id":9320,"href":"https:\/\/centar.ffzg.unizg.hr\/index.php?rest_route=\/wp\/v2\/pages\/9318\/revisions\/9320"}],"wp:attachment":[{"href":"https:\/\/centar.ffzg.unizg.hr\/index.php?rest_route=%2Fwp%2Fv2%2Fmedia&parent=9318"}],"curies":[{"name":"wp","href":"https:\/\/api.w.org\/{rel}","templated":true}]}}