{"id":9373,"date":"2024-04-24T16:02:33","date_gmt":"2024-04-24T14:02:33","guid":{"rendered":"https:\/\/centar.ffzg.unizg.hr\/?page_id=9373"},"modified":"2024-04-24T16:02:50","modified_gmt":"2024-04-24T14:02:50","slug":"izvedbeni-plan-nastave-njemackog-jezika-za-akademske-potrebe-1-razina-b1","status":"publish","type":"page","link":"https:\/\/centar.ffzg.unizg.hr\/?page_id=9373","title":{"rendered":"Izvedbeni plan nastave njema\u010dkog jezika za akademske potrebe 1 \u2013 razina B1"},"content":{"rendered":"\n<table id=\"tablepress-382\" class=\"tablepress tablepress-id-382\">\n<tbody class=\"row-striping row-hover\">\n<tr class=\"row-1\">\n\t<td class=\"column-1\"><strong>Nositelj kolegija<\/strong><\/td><td class=\"column-2\">dr. sc. Mirjana \u0160njari\u0107, vi\u0161a predava\u010dica,<br \/>\nAzra Pli\u0107ani\u0107 Mesi\u0107, vi\u0161a predava\u010dica<\/td>\n<\/tr>\n<tr class=\"row-2\">\n\t<td class=\"column-1\"><strong>Naziv kolegija<\/strong><\/td><td class=\"column-2\">Njema\u010dki jezik za akademske potrebe 1 - razina B1<\/td>\n<\/tr>\n<tr class=\"row-3\">\n\t<td class=\"column-1\"><strong>Bodovna vrijednost (broj bodova po ECTS sustavu)<\/strong><\/td><td class=\"column-2\">2<\/td>\n<\/tr>\n<tr class=\"row-4\">\n\t<td class=\"column-1\"><strong>Na\u010din izvo\u0111enja (broj sati P+V+S+e-u\u010denje)<\/strong><\/td><td class=\"column-2\">30 S + e-u\u010denje (Omega)<\/td>\n<\/tr>\n<tr class=\"row-5\">\n\t<td class=\"column-1\"><strong>Opis kolegija<\/strong><\/td><td class=\"column-2\"><\/td>\n<\/tr>\n<tr class=\"row-6\">\n\t<td class=\"column-1\"><strong>Ciljevi kolegija<\/strong><\/td><td class=\"column-2\">Usvajanje tehnika pisanja sa\u017eetaka, razvijanje vje\u0161tine govorenja o akademskim i stru\u010dnim temama i usvajanje akademskog i stru\u010dnog vokabulara.<\/td>\n<\/tr>\n<tr class=\"row-7\">\n\t<td class=\"column-1\"><strong>O\u010dekivani ishodi u\u010denja na razini kolegija<\/strong><\/td><td class=\"column-2\">1. Koristiti tehnike \u010ditanja stru\u010dne literature na njema\u010dkom jeziku.<br \/>\n2. Prepoznati uvrije\u017eene na\u010dine strukturiranja stru\u010dnog teksta od organizacije cjeline teksta do organizacije paragrafa.<br \/>\n3. Koristiti strukture re\u010denica svojstvene akademskom diskursu.<br \/>\n4. Sa\u017eeti i izlo\u017eiti sadr\u017eaj slu\u0161nog materijala.<br \/>\n5. Napisati sa\u017eetak stru\u010dnog teksta.<\/td>\n<\/tr>\n<tr class=\"row-8\">\n\t<td class=\"column-1\"><strong>Opis sadr\u017eaja kolegija<\/strong><\/td><td class=\"column-2\">1. tjedan<br \/>\nPredstavljanje kolegija i na\u010dina rada, uvod u sadr\u017eaj kolegija.<br \/>\n2. tjedan<br \/>\nBiografije zna\u010dajnih osoba s njema\u010dkog govornog podru\u010dja (pro\u0161la vremena \u2013 ponavljanje). <br \/>\n3. tjedan<br \/>\nTehnike u\u010denja, pam\u0107enje (tekst, razgovor) <br \/>\n4. tjedan<br \/>\nRazgovor o pro\u0161losti<br \/>\nSlaganje pro\u0161lih vremena<br \/>\n5. tjedan<br \/>\nKratkometra\u017eni film i razgovor o njemu nakon gledanja.<br \/>\n6. tjedan<br \/>\nRazumijevanje stru\u010dnog \u010dlanka vezanog uz umjetnost: razgovor o slikarstvu (tekst, video). <br \/>\n7. tjedan<br \/>\nInformacija, izvori i vjerodostojnost (tekst, razgovor)<br \/>\n8. tjedan<br \/>\nTehnike \u010ditanja (glavne ideje, klju\u010dne rije\u010di, interpretacija).<br \/>\n9. tjedan<br \/>\nVezne rije\u010di, kako pisani tekst u\u010diniti koherentnim.<br \/>\n10. tjedan <br \/>\nKako sa\u017eeti tekst.<br \/>\n11. tjedan<br \/>\nPisanje sa\u017eetka teksta.<br \/>\n12. tjedan<br \/>\nDru\u0161tveni anga\u017eman, pisano izra\u017eavanje mi\u0161ljenja o socijalnim projektima <br \/>\n13. tjedan<br \/>\nZa\u0161tita okoli\u0161a, savjeti vezani uz o\u010duvanje okoli\u0161a: predstavljanje ekolo\u0161ke akcije (video i razgovor). <br \/>\n14. tjedan<br \/>\nKako vidimo budu\u0107nost? O\u010dekivanja i planovi (video i razgovor).<br \/>\n15. tjedan<br \/>\nPonavljanje gradiva kroz razgovore u malim grupama.<\/td>\n<\/tr>\n<\/tbody>\n<\/table>\n\n","protected":false},"excerpt":{"rendered":"","protected":false},"author":3,"featured_media":0,"parent":0,"menu_order":0,"comment_status":"closed","ping_status":"closed","template":"","meta":{"footnotes":""},"class_list":["post-9373","page","type-page","status-publish","hentry"],"_links":{"self":[{"href":"https:\/\/centar.ffzg.unizg.hr\/index.php?rest_route=\/wp\/v2\/pages\/9373","targetHints":{"allow":["GET"]}}],"collection":[{"href":"https:\/\/centar.ffzg.unizg.hr\/index.php?rest_route=\/wp\/v2\/pages"}],"about":[{"href":"https:\/\/centar.ffzg.unizg.hr\/index.php?rest_route=\/wp\/v2\/types\/page"}],"author":[{"embeddable":true,"href":"https:\/\/centar.ffzg.unizg.hr\/index.php?rest_route=\/wp\/v2\/users\/3"}],"replies":[{"embeddable":true,"href":"https:\/\/centar.ffzg.unizg.hr\/index.php?rest_route=%2Fwp%2Fv2%2Fcomments&post=9373"}],"version-history":[{"count":2,"href":"https:\/\/centar.ffzg.unizg.hr\/index.php?rest_route=\/wp\/v2\/pages\/9373\/revisions"}],"predecessor-version":[{"id":9376,"href":"https:\/\/centar.ffzg.unizg.hr\/index.php?rest_route=\/wp\/v2\/pages\/9373\/revisions\/9376"}],"wp:attachment":[{"href":"https:\/\/centar.ffzg.unizg.hr\/index.php?rest_route=%2Fwp%2Fv2%2Fmedia&parent=9373"}],"curies":[{"name":"wp","href":"https:\/\/api.w.org\/{rel}","templated":true}]}}