{"id":9388,"date":"2024-04-24T16:19:12","date_gmt":"2024-04-24T14:19:12","guid":{"rendered":"https:\/\/centar.ffzg.unizg.hr\/?page_id=9388"},"modified":"2024-04-24T16:23:18","modified_gmt":"2024-04-24T14:23:18","slug":"izvedbeni-plan-nastave-francuskog-jezika-1-razina-a1","status":"publish","type":"page","link":"https:\/\/centar.ffzg.unizg.hr\/?page_id=9388","title":{"rendered":"Izvedbeni plan nastave francuskog jezika 1 \u2013 razina A1"},"content":{"rendered":"\n<table id=\"tablepress-384\" class=\"tablepress tablepress-id-384\">\n<tbody class=\"row-striping row-hover\">\n<tr class=\"row-1\">\n\t<td class=\"column-1\"><strong>Nositelj kolegija<\/strong><\/td><td class=\"column-2\">Jasna \u0106iri\u0107<\/td>\n<\/tr>\n<tr class=\"row-2\">\n\t<td class=\"column-1\"><strong>Naziv kolegija<\/strong><\/td><td class=\"column-2\">Francuski jezik 1 \u2013 razina A1<\/td>\n<\/tr>\n<tr class=\"row-3\">\n\t<td class=\"column-1\"><strong>Bodovna vrijednost (broj bodova po ECTS sustavu)<\/strong><\/td><td class=\"column-2\">2<\/td>\n<\/tr>\n<tr class=\"row-4\">\n\t<td class=\"column-1\"><strong>Na\u010din izvo\u0111enja (broj sati P+V+S+e-u\u010denje)<\/strong><\/td><td class=\"column-2\">30 S + e-u\u010denje (Omega)<\/td>\n<\/tr>\n<tr class=\"row-5\">\n\t<td class=\"column-1\"><strong>Opis kolegija<\/strong><\/td><td class=\"column-2\"><\/td>\n<\/tr>\n<tr class=\"row-6\">\n\t<td class=\"column-1\"><strong>Ciljevi kolegija<\/strong><\/td><td class=\"column-2\">Usvajanje osnovnih jezi\u010dnih kompetencija u svrhu razvijanja strategija \u010ditanja, pisanja i izra\u017eavanja na francuskom jeziku.<\/td>\n<\/tr>\n<tr class=\"row-7\">\n\t<td class=\"column-1\"><strong>O\u010dekivani ishodi u\u010denja na razini kolegija<\/strong><\/td><td class=\"column-2\">1. Koristiti osnovna pravila pisanja, \u010ditanja i izgovora na francuskom jeziku.<br \/>\n2. Upotrebljavati jednostavne fraze i re\u010denice u jednostavnim komunikacijskim situacijama. <br \/>\n3. \u010citaju\u0107i razumjeti jednostavne tekstove.<br \/>\n4. Izdvojiti osnovne informacije iz slu\u0161nih materijala.<br \/>\n5. Prepoznati i opisati specifi\u010dnosti jezi\u010dnog sustava.<\/td>\n<\/tr>\n<tr class=\"row-8\">\n\t<td class=\"column-1\"><strong>Opis sadr\u017eaja kolegija<\/strong><\/td><td class=\"column-2\">1. tjedan<br \/>\nPredstavljanje kolegija i na\u010dina rada, uvod u sadr\u017eaj kolegija.<br \/>\n2. tjedan<br \/>\nOsnovna pravopisna pravila (izgovor i naglasci). Predstavljanje.<br \/>\n3. tjedan<br \/>\nOsobne zamjenice i pridjevi nacionalnosti. <br \/>\nOsnovni vokabular vezan uz sveu\u010dili\u0161no okru\u017eenje.<br \/>\n4. tjedan<br \/>\nImenice i pridjevi. <br \/>\nVokabular vezan uz zanimanja.<br \/>\n5. tjedan<br \/>\nPrezent pravilnih glagola.<br \/>\nRadi \u010dega u\u010dimo francuski jezik (razgovor).<br \/>\n6. tjedan<br \/>\nPrezent povratnih glagola.<br \/>\nVokabular vezan uz dnevne aktivnosti.<br \/>\n7. tjedan<br \/>\nPosvojni pridjevi.<br \/>\nOsobni odnosi - vokabular vezan uz obitelj i fizi\u010dka i karakterna obilje\u017eja osoba.<br \/>\n8. tjedan<br \/>\nZna\u010dajne osobe iz kultura zemalja francuskog govornog podru\u010dja (kroz tekstove, video).<br \/>\nPisanje kratke biografije.<br \/>\n9. tjedan<br \/>\nGlagoli koji izra\u017eavaju osobne ukuse (oblik i uporaba).<br \/>\nOsobne zamjenice.<br \/>\nVokabular vezan uz slobodno vrijeme.<br \/>\n10. tjedan<br \/>\nPrezent nepravilnih glagola. <br \/>\nOblik i uporaba (uvje\u017ebavanje kroz razli\u010dite zadatke).<br \/>\n11. tjedan<br \/>\nFrancuska akademija (tekst, razgovor).<br \/>\n12. tjedan<br \/>\nKulturolo\u0161ki aspekti bo\u017ei\u0107nih i novogodi\u0161njih obi\u010daja u Francuskoj i zemljama francuskog govornog podru\u010dja - tekstovi i zadaci tematski vezani uz obi\u010daje kroz koje ponavljamo nau\u010deno gradivo.<br \/>\n13. tjedan<br \/>\nFrancuski jezik \u2013 podrijetlo i francuski simboli (tekst i razgovor).<br \/>\n14. tjedan<br \/>\nMjesto pridjeva i oblik<br \/>\nPrekooceanska Francuska<br \/>\n15. tjedan<br \/>\nPonavljanje gradiva.<\/td>\n<\/tr>\n<\/tbody>\n<\/table>\n\n","protected":false},"excerpt":{"rendered":"","protected":false},"author":3,"featured_media":0,"parent":0,"menu_order":0,"comment_status":"closed","ping_status":"closed","template":"","meta":{"footnotes":""},"class_list":["post-9388","page","type-page","status-publish","hentry"],"_links":{"self":[{"href":"https:\/\/centar.ffzg.unizg.hr\/index.php?rest_route=\/wp\/v2\/pages\/9388","targetHints":{"allow":["GET"]}}],"collection":[{"href":"https:\/\/centar.ffzg.unizg.hr\/index.php?rest_route=\/wp\/v2\/pages"}],"about":[{"href":"https:\/\/centar.ffzg.unizg.hr\/index.php?rest_route=\/wp\/v2\/types\/page"}],"author":[{"embeddable":true,"href":"https:\/\/centar.ffzg.unizg.hr\/index.php?rest_route=\/wp\/v2\/users\/3"}],"replies":[{"embeddable":true,"href":"https:\/\/centar.ffzg.unizg.hr\/index.php?rest_route=%2Fwp%2Fv2%2Fcomments&post=9388"}],"version-history":[{"count":2,"href":"https:\/\/centar.ffzg.unizg.hr\/index.php?rest_route=\/wp\/v2\/pages\/9388\/revisions"}],"predecessor-version":[{"id":9393,"href":"https:\/\/centar.ffzg.unizg.hr\/index.php?rest_route=\/wp\/v2\/pages\/9388\/revisions\/9393"}],"wp:attachment":[{"href":"https:\/\/centar.ffzg.unizg.hr\/index.php?rest_route=%2Fwp%2Fv2%2Fmedia&parent=9388"}],"curies":[{"name":"wp","href":"https:\/\/api.w.org\/{rel}","templated":true}]}}