{"id":9425,"date":"2024-04-24T16:55:53","date_gmt":"2024-04-24T14:55:53","guid":{"rendered":"https:\/\/centar.ffzg.unizg.hr\/?page_id=9425"},"modified":"2024-04-24T17:00:13","modified_gmt":"2024-04-24T15:00:13","slug":"izvedbeni-plan-nastave-talijanskog-jezika-1-razina-a1-2","status":"publish","type":"page","link":"https:\/\/centar.ffzg.unizg.hr\/?page_id=9425","title":{"rendered":"Izvedbeni plan nastave talijanskog jezika 2 \u2013 razina A1"},"content":{"rendered":"\n<table id=\"tablepress-389\" class=\"tablepress tablepress-id-389\">\n<tbody class=\"row-striping row-hover\">\n<tr class=\"row-1\">\n\t<td class=\"column-1\"><strong>Nositelj kolegija<\/strong><\/td><td class=\"column-2\">dr. sc. Arijela Fabrio<\/td>\n<\/tr>\n<tr class=\"row-2\">\n\t<td class=\"column-1\"><strong>Naziv kolegija<\/strong><\/td><td class=\"column-2\">Talijanski jezik 2 \u2013 razina A1<\/td>\n<\/tr>\n<tr class=\"row-3\">\n\t<td class=\"column-1\"><strong>Bodovna vrijednost (broj bodova po ECTS sustavu)<\/strong><\/td><td class=\"column-2\">2<\/td>\n<\/tr>\n<tr class=\"row-4\">\n\t<td class=\"column-1\"><strong>Na\u010din izvo\u0111enja (broj sati P+V+S+e-u\u010denje)<\/strong><\/td><td class=\"column-2\">30 S + e-u\u010denje (Omega)<\/td>\n<\/tr>\n<tr class=\"row-5\">\n\t<td class=\"column-1\"><strong>Opis kolegija<\/strong><\/td><td class=\"column-2\"><\/td>\n<\/tr>\n<tr class=\"row-6\">\n\t<td class=\"column-1\"><strong>Ciljevi kolegija<\/strong><\/td><td class=\"column-2\">Usvajanje osnovnih jezi\u010dnih kompetencija u svrhu razvijanja strategija \u010ditanja, pisanja i izra\u017eavanja na talijanskom jeziku.<\/td>\n<\/tr>\n<tr class=\"row-7\">\n\t<td class=\"column-1\"><strong>O\u010dekivani ishodi u\u010denja na razini kolegija<\/strong><\/td><td class=\"column-2\">1. Osmisliti jednostavna pitanja i odgovore o pro\u0161lim doga\u0111ajima i budu\u0107im planovima.<br \/>\n2. Izdvojiti osnovne informacije iz autenti\u010dnog slu\u0161nog materijala.<br \/>\n3. Izdvojiti bitne elemente iz kratkog teksta.<br \/>\n4. Prikupiti osnovne informacije u elektroni\u010dkim medijima ili tiskanim materijalima.<br \/>\n5. Prirediti i odr\u017eati usmeno izlaganje na odabranu temu.<\/td>\n<\/tr>\n<tr class=\"row-8\">\n\t<td class=\"column-1\"><strong>Opis sadr\u017eaja kolegija<\/strong><\/td><td class=\"column-2\">1. tjedan<br \/>\nVokabular vezan uz u\u010denje, ispite, psihologiju u\u010denja, razgovor o studiju (tekst, razgovor).<br \/>\n2. tjedan<br \/>\nVokabular vezan uz svakodnevnu rutinu studentskog \u017eivota u gradu (tekst, video, razgovor).<br \/>\n3. tjedan<br \/>\nStanovanje \u2013 prijava i \u017eivot u studentskom domu (tekst, video, razgovor).<br \/>\n4. tjedan<br \/>\nStudentski poslovi i zanimanja, rad u inozemstvu \u2013 kratki \u017eivotopis.<br \/>\nPrezent (ponavljanje).<br \/>\n5. tjedan<br \/>\nPisanje motivacijskog pisma (studij i posao).<br \/>\n6. tjedan<br \/>\nVokabular vezan uz grad i kretanje gradom: upoznavanje s nekim zna\u010dajnim talijanskim gradovima (tekst, video, razgovor).<br \/>\n7. tjedan<br \/>\nPlaniranje putovanja u Italiju i slobodne aktivnosti.<br \/>\n8. tjedan<br \/>\nVokabular vezan uz grad  i znamenitosti: posjet muzeju.<br \/>\n9. tjedan<br \/>\nPerfekt pravilnih i nepravilnih glagola.<br \/>\n10. tjedan<br \/>\nRazgovor o doga\u0111ajima koji su se dogodili u pro\u0161losti.<br \/>\n11. tjedan<br \/>\nVokabular vezan uz prethodno obrazovanje studenata (tekst, razgovor).<br \/>\n12. tjedan<br \/>\nKulturna doga\u0111anja: kazali\u0161te i kino predstave, izlo\u017ebe, koncerti.  <br \/>\n13. tjedan<br \/>\nStudentska izlaganja na odabranu temu vezanu uz talijansko govorno podru\u010dje (slu\u0161anje, razgovor, pisani tekst).<br \/>\n14. tjedan<br \/>\nStudentska izlaganja na odabranu temu vezanu uz talijansko govorno podru\u010dje (slu\u0161anje, razgovor, pisani tekst).<br \/>\n15. tjedan<br \/>\nPonavljanje gradiva kroz razgovore u malim grupama.<\/td>\n<\/tr>\n<\/tbody>\n<\/table>\n\n","protected":false},"excerpt":{"rendered":"","protected":false},"author":3,"featured_media":0,"parent":0,"menu_order":0,"comment_status":"closed","ping_status":"closed","template":"","meta":{"footnotes":""},"class_list":["post-9425","page","type-page","status-publish","hentry"],"_links":{"self":[{"href":"https:\/\/centar.ffzg.unizg.hr\/index.php?rest_route=\/wp\/v2\/pages\/9425","targetHints":{"allow":["GET"]}}],"collection":[{"href":"https:\/\/centar.ffzg.unizg.hr\/index.php?rest_route=\/wp\/v2\/pages"}],"about":[{"href":"https:\/\/centar.ffzg.unizg.hr\/index.php?rest_route=\/wp\/v2\/types\/page"}],"author":[{"embeddable":true,"href":"https:\/\/centar.ffzg.unizg.hr\/index.php?rest_route=\/wp\/v2\/users\/3"}],"replies":[{"embeddable":true,"href":"https:\/\/centar.ffzg.unizg.hr\/index.php?rest_route=%2Fwp%2Fv2%2Fcomments&post=9425"}],"version-history":[{"count":2,"href":"https:\/\/centar.ffzg.unizg.hr\/index.php?rest_route=\/wp\/v2\/pages\/9425\/revisions"}],"predecessor-version":[{"id":9430,"href":"https:\/\/centar.ffzg.unizg.hr\/index.php?rest_route=\/wp\/v2\/pages\/9425\/revisions\/9430"}],"wp:attachment":[{"href":"https:\/\/centar.ffzg.unizg.hr\/index.php?rest_route=%2Fwp%2Fv2%2Fmedia&parent=9425"}],"curies":[{"name":"wp","href":"https:\/\/api.w.org\/{rel}","templated":true}]}}