{"id":9490,"date":"2024-04-25T11:57:24","date_gmt":"2024-04-25T09:57:24","guid":{"rendered":"https:\/\/centar.ffzg.unizg.hr\/?page_id=9490"},"modified":"2024-04-25T11:57:24","modified_gmt":"2024-04-25T09:57:24","slug":"izvedbeni-plan-nastave-ruskog-jezika-za-akademske-potrebe-1-razina-b1","status":"publish","type":"page","link":"https:\/\/centar.ffzg.unizg.hr\/?page_id=9490","title":{"rendered":"Izvedbeni plan nastave ruskog jezika za akademske potrebe 1 \u2013 razina B1"},"content":{"rendered":"\n<table id=\"tablepress-398\" class=\"tablepress tablepress-id-398\">\n<tbody class=\"row-striping row-hover\">\n<tr class=\"row-1\">\n\t<td class=\"column-1\"><strong>Nositelj kolegija<\/strong><\/td><td class=\"column-2\">dr. sc. Sanja Ver\u0161i\u0107<\/td>\n<\/tr>\n<tr class=\"row-2\">\n\t<td class=\"column-1\"><strong>Naziv kolegija<\/strong><\/td><td class=\"column-2\">Ruski jezik za akademske potrebe 1 \u2013 razina B1<\/td>\n<\/tr>\n<tr class=\"row-3\">\n\t<td class=\"column-1\"><strong>Bodovna vrijednost (broj bodova po ECTS sustavu)<\/strong><\/td><td class=\"column-2\">2<\/td>\n<\/tr>\n<tr class=\"row-4\">\n\t<td class=\"column-1\"><strong>Na\u010din izvo\u0111enja (broj sati P+V+S+e-u\u010denje)<\/strong><\/td><td class=\"column-2\">30 S + e-u\u010denje (Omega)<\/td>\n<\/tr>\n<tr class=\"row-5\">\n\t<td class=\"column-1\"><strong>Opis kolegija<\/strong><\/td><td class=\"column-2\"><\/td>\n<\/tr>\n<tr class=\"row-6\">\n\t<td class=\"column-1\"><strong>Ciljevi kolegija<\/strong><\/td><td class=\"column-2\">Usvajanje tehnika pisanja sa\u017eetaka, razvijanje vje\u0161tine govorenja o akademskim i stru\u010dnim temama i usvajanje akademskog i stru\u010dnog vokabulara.<\/td>\n<\/tr>\n<tr class=\"row-7\">\n\t<td class=\"column-1\"><strong>O\u010dekivani ishodi u\u010denja na razini kolegija<\/strong><\/td><td class=\"column-2\">1. Koristiti tehnike \u010ditanja stru\u010dne literature na ruskom jeziku.<br \/>\n2. Prepoznati uvrije\u017eene na\u010dine strukturiranja stru\u010dnog teksta od organizacije cjeline teksta do organizacije paragrafa.<br \/>\n3. Koristiti strukture re\u010denica svojstvene akademskom diskursu.<br \/>\n4. Sa\u017eeti i izlo\u017eiti sadr\u017eaj slu\u0161nog materijala.<br \/>\n5. Napisati sa\u017eetak stru\u010dnog teksta<\/td>\n<\/tr>\n<tr class=\"row-8\">\n\t<td class=\"column-1\"><strong>Opis sadr\u017eaja kolegija<\/strong><\/td><td class=\"column-2\">1. tjedan<br \/>\nUvod u kolegij. Predstavljanje sadr\u017eaja i osnovnih ciljeva kolegija, utvr\u0111ivanje studentskih obveza.<br \/>\n2. tjedan<br \/>\nBiografije zna\u010dajnih osoba \u2013 ruska znanost, umjetnost, glazba<br \/>\n3. tjedan<br \/>\nIntelektualna emigracija \u2013 suvremeni problemi znanosti (tekst, rasprava). <br \/>\n4. tjedan<br \/>\nKratkometra\u017eni film i razgovor o njemu nakon gledanja.<br \/>\n5. tjedan<br \/>\nTehnike \u010ditanja (glavne ideje, klju\u010dne rije\u010di, interpretacija).<br \/>\n6. tjedan<br \/>\nRazumijevanje stru\u010dnog \u010dlanka vezanog uz umjetnost: razgovor o slikarstvu (tekst, video).<br \/>\n7. tjedan<br \/>\nRazumijevanje stru\u010dnog \u010dlanka vezanog uz jezik: razgovor o jezi\u010dnim specifi\u010dnostima (tekst, internetski izvori). <br \/>\n8. tjedan<br \/>\nVezne rije\u010di u usmenom i pismenom izlaganju, kako pisani tekst u\u010diniti koherentnim.<br \/>\n9. tjedan<br \/>\nKako sa\u017eeti tekst.<br \/>\n10. tjedan <br \/>\nPisanje sa\u017eetka teksta.<br \/>\n11. tjedan<br \/>\nProblemi globalizacije (tekst, internetski izvori), izno\u0161enje stajali\u0161ta.<br \/>\n12. tjedan<br \/>\nZa\u0161tita okoli\u0161a, problemi ekologije (tekst, video), rasprava <br \/>\n13. tjedan<br \/>\nGlobalni komunikacijski prostor i kriza kulture (tekst, internetski izvori), izno\u0161enje stajali\u0161ta. <br \/>\n14. tjedan<br \/>\n\u017dene u suvremenom svijetu (tekst, internetski izvori), rasprava.<br \/>\n15. tjedan<br \/>\nPonavljanje gradiva kroz razgovor.<\/td>\n<\/tr>\n<\/tbody>\n<\/table>\n\n","protected":false},"excerpt":{"rendered":"","protected":false},"author":3,"featured_media":0,"parent":0,"menu_order":0,"comment_status":"closed","ping_status":"closed","template":"","meta":{"footnotes":""},"class_list":["post-9490","page","type-page","status-publish","hentry"],"_links":{"self":[{"href":"https:\/\/centar.ffzg.unizg.hr\/index.php?rest_route=\/wp\/v2\/pages\/9490","targetHints":{"allow":["GET"]}}],"collection":[{"href":"https:\/\/centar.ffzg.unizg.hr\/index.php?rest_route=\/wp\/v2\/pages"}],"about":[{"href":"https:\/\/centar.ffzg.unizg.hr\/index.php?rest_route=\/wp\/v2\/types\/page"}],"author":[{"embeddable":true,"href":"https:\/\/centar.ffzg.unizg.hr\/index.php?rest_route=\/wp\/v2\/users\/3"}],"replies":[{"embeddable":true,"href":"https:\/\/centar.ffzg.unizg.hr\/index.php?rest_route=%2Fwp%2Fv2%2Fcomments&post=9490"}],"version-history":[{"count":1,"href":"https:\/\/centar.ffzg.unizg.hr\/index.php?rest_route=\/wp\/v2\/pages\/9490\/revisions"}],"predecessor-version":[{"id":9492,"href":"https:\/\/centar.ffzg.unizg.hr\/index.php?rest_route=\/wp\/v2\/pages\/9490\/revisions\/9492"}],"wp:attachment":[{"href":"https:\/\/centar.ffzg.unizg.hr\/index.php?rest_route=%2Fwp%2Fv2%2Fmedia&parent=9490"}],"curies":[{"name":"wp","href":"https:\/\/api.w.org\/{rel}","templated":true}]}}