{"id":9494,"date":"2024-04-25T11:59:34","date_gmt":"2024-04-25T09:59:34","guid":{"rendered":"https:\/\/centar.ffzg.unizg.hr\/?page_id=9494"},"modified":"2024-04-25T11:59:34","modified_gmt":"2024-04-25T09:59:34","slug":"izvedbeni-plan-nastave-ruskog-jezika-za-akademske-potrebe-2-razina-b1","status":"publish","type":"page","link":"https:\/\/centar.ffzg.unizg.hr\/?page_id=9494","title":{"rendered":"Izvedbeni plan nastave ruskog jezika za akademske potrebe 2 \u2013 razina B1"},"content":{"rendered":"\n<table id=\"tablepress-399\" class=\"tablepress tablepress-id-399\">\n<tbody class=\"row-striping row-hover\">\n<tr class=\"row-1\">\n\t<td class=\"column-1\"><strong>Nositelj kolegija<\/strong><\/td><td class=\"column-2\">dr. sc. Sanja Ver\u0161i\u0107<\/td>\n<\/tr>\n<tr class=\"row-2\">\n\t<td class=\"column-1\"><strong>Naziv kolegija<\/strong><\/td><td class=\"column-2\">Ruski jezik za akademske potrebe 2 - razina B1<\/td>\n<\/tr>\n<tr class=\"row-3\">\n\t<td class=\"column-1\"><strong>Bodovna vrijednost (broj bodova po ECTS sustavu)<\/strong><\/td><td class=\"column-2\">2<\/td>\n<\/tr>\n<tr class=\"row-4\">\n\t<td class=\"column-1\"><strong>Na\u010din izvo\u0111enja (broj sati P+V+S+e-u\u010denje)<\/strong><\/td><td class=\"column-2\">30 S + e-u\u010denje (Omega)<\/td>\n<\/tr>\n<tr class=\"row-5\">\n\t<td class=\"column-1\"><strong>Opis kolegija<\/strong><\/td><td class=\"column-2\"><\/td>\n<\/tr>\n<tr class=\"row-6\">\n\t<td class=\"column-1\"><strong>Ciljevi kolegija<\/strong><\/td><td class=\"column-2\">Usvajanje tehnika pisanja sa\u017eetaka, razvijanje vje\u0161tine govorenja o akademskim i stru\u010dnim temama i usvajanje akademskog i stru\u010dnog vokabulara.<\/td>\n<\/tr>\n<tr class=\"row-7\">\n\t<td class=\"column-1\"><strong>O\u010dekivani ishodi u\u010denja na razini kolegija<\/strong><\/td><td class=\"column-2\">1. Argumentirano raspravljati o stru\u010dnim temama na ruskom jeziku.<br \/>\n2. Odr\u017eati izlaganje na stru\u010dnu temu.<br \/>\n3. Napisati sa\u017eetak stru\u010dnog teksta\/rada na ruskom jeziku.<br \/>\n4. Skicirati i napisati esej na stru\u010dnu temu.<\/td>\n<\/tr>\n<tr class=\"row-8\">\n\t<td class=\"column-1\"><strong>Opis sadr\u017eaja kolegija<\/strong><\/td><td class=\"column-2\">1. tjedan<br \/>\nPredstavljanje sadr\u017eaja i osnovnih ciljeva kolegija u drugom semestru, utvr\u0111ivanje studentskih obveza.<br \/>\nVisoko\u0161kolski sustav u RF<br \/>\n2. tjedan<br \/>\nStudiranje u inozemstvu - Erasmus +; pisanje motivacijskog pisma i \u017eivotopisa.<br \/>\n3. tjedan<br \/>\nDebata o razli\u010ditim aspektima studiranja.<br \/>\n4. tjedan <br \/>\nMe\u0111ukulturalne razlike \u2013 boravak u inozemstvu (tekst, razgovor).<br \/>\n5. tjedan<br \/>\nRuske romance.<br \/>\n6. tjedan<br \/>\n\u010citanje knji\u017eevnog teksta (struktura, stil)<br \/>\n7. tjedan<br \/>\n\u010citanje stru\u010dnog teksta (struktura, stil)<br \/>\n8. tjedan <br \/>\nPisanje eseja<br \/>\n9. tjedan<br \/>\nPriprema i odr\u017eavanje izlaganja. <br \/>\n10. tjedan<br \/>\nOdabir tema za izlaganje (razgovor).<br \/>\n11. tjedan<br \/>\nStudentska izlaganja na odabranu temu (slu\u0161anje, rasprava, pisani tekst).<br \/>\n12. tjedan<br \/>\nStudentska izlaganja na odabranu temu (slu\u0161anje, rasprava, pisani tekst).<br \/>\n13. tjedan<br \/>\nStudentska izlaganja na odabranu temu (slu\u0161anje, rasprava, pisani tekst).<br \/>\n14. tjedan<br \/>\nStudentska izlaganja na odabranu temu (slu\u0161anje, rasprava, pisani tekst).<br \/>\n15. tjedan<br \/>\nPonavljanje gradiva<\/td>\n<\/tr>\n<\/tbody>\n<\/table>\n\n","protected":false},"excerpt":{"rendered":"","protected":false},"author":3,"featured_media":0,"parent":0,"menu_order":0,"comment_status":"closed","ping_status":"closed","template":"","meta":{"footnotes":""},"class_list":["post-9494","page","type-page","status-publish","hentry"],"_links":{"self":[{"href":"https:\/\/centar.ffzg.unizg.hr\/index.php?rest_route=\/wp\/v2\/pages\/9494","targetHints":{"allow":["GET"]}}],"collection":[{"href":"https:\/\/centar.ffzg.unizg.hr\/index.php?rest_route=\/wp\/v2\/pages"}],"about":[{"href":"https:\/\/centar.ffzg.unizg.hr\/index.php?rest_route=\/wp\/v2\/types\/page"}],"author":[{"embeddable":true,"href":"https:\/\/centar.ffzg.unizg.hr\/index.php?rest_route=\/wp\/v2\/users\/3"}],"replies":[{"embeddable":true,"href":"https:\/\/centar.ffzg.unizg.hr\/index.php?rest_route=%2Fwp%2Fv2%2Fcomments&post=9494"}],"version-history":[{"count":1,"href":"https:\/\/centar.ffzg.unizg.hr\/index.php?rest_route=\/wp\/v2\/pages\/9494\/revisions"}],"predecessor-version":[{"id":9496,"href":"https:\/\/centar.ffzg.unizg.hr\/index.php?rest_route=\/wp\/v2\/pages\/9494\/revisions\/9496"}],"wp:attachment":[{"href":"https:\/\/centar.ffzg.unizg.hr\/index.php?rest_route=%2Fwp%2Fv2%2Fmedia&parent=9494"}],"curies":[{"name":"wp","href":"https:\/\/api.w.org\/{rel}","templated":true}]}}