{"id":9626,"date":"2024-04-30T12:06:15","date_gmt":"2024-04-30T10:06:15","guid":{"rendered":"https:\/\/centar.ffzg.unizg.hr\/?page_id=9626"},"modified":"2024-04-30T12:06:15","modified_gmt":"2024-04-30T10:06:15","slug":"izvedbeni-plan-nastave-engleskog-jezika-za-akademske-potrebe-3","status":"publish","type":"page","link":"https:\/\/centar.ffzg.unizg.hr\/?page_id=9626","title":{"rendered":"Izvedbeni plan nastave engleskog jezika za akademske potrebe 3"},"content":{"rendered":"\n<table id=\"tablepress-408\" class=\"tablepress tablepress-id-408\">\n<tbody class=\"row-striping row-hover\">\n<tr class=\"row-1\">\n\t<td class=\"column-1\"><strong>Nositelj kolegija<\/strong><\/td><td class=\"column-2\">Gabriela Bagi\u0107, Petra Barbari\u0107, mr. sc. Ines Jelov\u010di\u0107, dr. sc. Tina Miholjan\u010dan, mr. sc. Vivijana Radman<\/td>\n<\/tr>\n<tr class=\"row-2\">\n\t<td class=\"column-1\"><strong>Naziv kolegija<\/strong><\/td><td class=\"column-2\">Engleski jezik za akademske potrebe 3<\/td>\n<\/tr>\n<tr class=\"row-3\">\n\t<td class=\"column-1\"><strong>Bodovna vrijednost (broj bodova po ECTS sustavu)<\/strong><\/td><td class=\"column-2\">2<\/td>\n<\/tr>\n<tr class=\"row-4\">\n\t<td class=\"column-1\"><strong>Na\u010din izvo\u0111enja (broj sati P+V+S+e-u\u010denje)<\/strong><\/td><td class=\"column-2\">30 S + e-u\u010denje (Omega)<\/td>\n<\/tr>\n<tr class=\"row-5\">\n\t<td class=\"column-1\"><strong>Opis kolegija<\/strong><\/td><td class=\"column-2\"><\/td>\n<\/tr>\n<tr class=\"row-6\">\n\t<td class=\"column-1\"><strong>Ciljevi kolegija<\/strong><\/td><td class=\"column-2\">Usvajanje i razvijanje tehnika pisanja preglednog rada iz podru\u010dja struke, usvajanje vokabulara struke.<\/td>\n<\/tr>\n<tr class=\"row-7\">\n\t<td class=\"column-1\"><strong>Uvjeti za upis kolegija i \/ ili ulazne kompetencije potrebne za kolegij<\/strong><\/td><td class=\"column-2\">Polo\u017een kolegij Engleski jezik za akademske potrebe 2<\/td>\n<\/tr>\n<tr class=\"row-8\">\n\t<td class=\"column-1\"><strong>O\u010dekivani ishodi u\u010denja na razini kolegija<\/strong><\/td><td class=\"column-2\">1.\tPonoviti obilje\u017eja akademskog pisanja na stranom jeziku<br \/>\n2.\tPrepoznati i koristiti razli\u010dite pristupe pisanju seminarskog rada na engleskom jeziku<br \/>\n3.\tGenerirati podatke iz literature na stranom jeziku, kriti\u010dki ih prosu\u0111ivati te postaviti hipotezu.<\/td>\n<\/tr>\n<tr class=\"row-9\">\n\t<td class=\"column-1\"><strong>Opis sadr\u017eaja kolegija<\/strong><\/td><td class=\"column-2\">1.\tUvod u Engleski jezik za akademske potrebe 3; ciljevi i sadr\u017eaj<br \/>\n2.\tPonavljanje: Obilje\u017eja akademskog stila pisanja<br \/>\n3.\tPopis akademskih rije\u010di- vje\u017eba.<br \/>\n4.\tGlagoli izvje\u0161\u0107ivanja, tekstna vezna sredstva- vje\u017eba.<br \/>\n5.\tPonavljanje: Parafraziranje i sa\u017eimanje. Stilovi citiranja.<br \/>\n6.\tPonavljanje: Pisanje sa\u017eetaka- sadr\u017eaj, stil, klju\u010dne rije\u010di.<br \/>\n7.\tUvod u pisanje preglednog rada<br \/>\n8.\tStruktura preglednog rada: analiza i razumijevanje strukture paragrafa<br \/>\n9.\tSadr\u017eaj i jezik preglednog rada: definiranje klju\u010dnih termina i koncepata, oblici organizacije teksta<br \/>\n10.\t Pristupi pisanju preglednog rada- uvod<br \/>\n11.\t Tematski pristup: analiza i upotreba<br \/>\n12.\t Kronolo\u0161ki pristup: analiza i upotreba<br \/>\n13.\t Metodolo\u0161ki pristup: analiza i upotreba<br \/>\n14.\t Pisanje- vje\u017eba: uvod, sredi\u0161nji dio i zaklju\u010dak preglednog rada<br \/>\n15.\t Ponavljanje<\/td>\n<\/tr>\n<\/tbody>\n<\/table>\n\n","protected":false},"excerpt":{"rendered":"","protected":false},"author":3,"featured_media":0,"parent":0,"menu_order":0,"comment_status":"closed","ping_status":"closed","template":"","meta":{"footnotes":""},"class_list":["post-9626","page","type-page","status-publish","hentry"],"_links":{"self":[{"href":"https:\/\/centar.ffzg.unizg.hr\/index.php?rest_route=\/wp\/v2\/pages\/9626","targetHints":{"allow":["GET"]}}],"collection":[{"href":"https:\/\/centar.ffzg.unizg.hr\/index.php?rest_route=\/wp\/v2\/pages"}],"about":[{"href":"https:\/\/centar.ffzg.unizg.hr\/index.php?rest_route=\/wp\/v2\/types\/page"}],"author":[{"embeddable":true,"href":"https:\/\/centar.ffzg.unizg.hr\/index.php?rest_route=\/wp\/v2\/users\/3"}],"replies":[{"embeddable":true,"href":"https:\/\/centar.ffzg.unizg.hr\/index.php?rest_route=%2Fwp%2Fv2%2Fcomments&post=9626"}],"version-history":[{"count":1,"href":"https:\/\/centar.ffzg.unizg.hr\/index.php?rest_route=\/wp\/v2\/pages\/9626\/revisions"}],"predecessor-version":[{"id":9628,"href":"https:\/\/centar.ffzg.unizg.hr\/index.php?rest_route=\/wp\/v2\/pages\/9626\/revisions\/9628"}],"wp:attachment":[{"href":"https:\/\/centar.ffzg.unizg.hr\/index.php?rest_route=%2Fwp%2Fv2%2Fmedia&parent=9626"}],"curies":[{"name":"wp","href":"https:\/\/api.w.org\/{rel}","templated":true}]}}