{"id":9632,"date":"2024-04-30T12:15:16","date_gmt":"2024-04-30T10:15:16","guid":{"rendered":"https:\/\/centar.ffzg.unizg.hr\/?page_id=9632"},"modified":"2024-04-30T12:15:16","modified_gmt":"2024-04-30T10:15:16","slug":"izvedbeni-plan-nastave-engleskog-jezika-za-akademske-potrebe-4","status":"publish","type":"page","link":"https:\/\/centar.ffzg.unizg.hr\/?page_id=9632","title":{"rendered":"Izvedbeni plan nastave engleskog jezika za akademske potrebe 4"},"content":{"rendered":"\n<table id=\"tablepress-409\" class=\"tablepress tablepress-id-409\">\n<tbody class=\"row-striping row-hover\">\n<tr class=\"row-1\">\n\t<td class=\"column-1\"><strong>Nositelj kolegija<\/strong><\/td><td class=\"column-2\">Gabriela Bagi\u0107, Petra Barbari\u0107, mr. sc. Ines Jelov\u010di\u0107, dr. sc. Tina Miholjan\u010dan, mr. sc. Vivijana Radman<\/td>\n<\/tr>\n<tr class=\"row-2\">\n\t<td class=\"column-1\"><strong>Naziv kolegija<\/strong><\/td><td class=\"column-2\">Engleski jezik za akademske potrebe 4<\/td>\n<\/tr>\n<tr class=\"row-3\">\n\t<td class=\"column-1\"><strong>Bodovna vrijednost (broj bodova po ECTS sustavu)<\/strong><\/td><td class=\"column-2\">2<\/td>\n<\/tr>\n<tr class=\"row-4\">\n\t<td class=\"column-1\"><strong>Na\u010din izvo\u0111enja (broj sati P+V+S+e-u\u010denje)<\/strong><\/td><td class=\"column-2\">30 S + e-u\u010denje (Omega)<\/td>\n<\/tr>\n<tr class=\"row-5\">\n\t<td class=\"column-1\"><strong>Opis kolegija<\/strong><\/td><td class=\"column-2\"><\/td>\n<\/tr>\n<tr class=\"row-6\">\n\t<td class=\"column-1\"><strong>Ciljevi kolegija<\/strong><\/td><td class=\"column-2\">Usvajanje i razvijanje tehnika pisanja preglednog rada iz podru\u010dja struke, usvajanje vokabulara struke.<\/td>\n<\/tr>\n<tr class=\"row-7\">\n\t<td class=\"column-1\"><strong>Uvjeti za upis kolegija i \/ ili ulazne kompetencije potrebne za kolegij<\/strong><\/td><td class=\"column-2\">Polo\u017een kolegij Engleski jezik za akademske potrebe 2<\/td>\n<\/tr>\n<tr class=\"row-8\">\n\t<td class=\"column-1\"><strong>O\u010dekivani ishodi u\u010denja na razini kolegija<\/strong><\/td><td class=\"column-2\">1.\tIstra\u017eiti temu za pregledni rad na engleskom jeziku.<br \/>\n2.\tSkicirati i napisati pregledni rad na engleskom jeziku.<\/td>\n<\/tr>\n<tr class=\"row-9\">\n\t<td class=\"column-1\"><strong>Opis sadr\u017eaja kolegija<\/strong><\/td><td class=\"column-2\">1.\tUvod u kolegij<br \/>\n2.\tPisanje preglednog rada: uvod<br \/>\n3.\tPisanje preglednog rada: odabir teme<br \/>\n4.\tPretra\u017eivanje literature i navo\u0111enje bibliografskih jedinica u popisu literature<br \/>\n5.\tKriti\u010dko \u010ditanje, pronala\u017eenje i odabir relevantnih izvora<br \/>\n6.\tTabli\u010dni prikaz literature: izrada matrice<br \/>\n7.\tAnaliza i sinteza podataka- utvr\u0111ivanje sli\u010dnosti i razli\u010ditosti<br \/>\n8.\tPisanje preglednog rada: rad na koherenciji teksta<br \/>\n9.\tPonavljanje<br \/>\n10.\t Analiza i oblikovanje matrice pomo\u0107u bibliografskih podataka<br \/>\n11.\t Prva verzija preglednog rada: izrada i ispravljanje<br \/>\n12.\t Druga verzija preglednog rada: izrada i ispravljanje<br \/>\n13.\t Oblikovanje i izrada zavr\u0161ne verzije preglednog rada<br \/>\n14.\t Predaja zavr\u0161ne verzije preglednog rada<br \/>\n15.\t Refleksija i evaluacija kolegija<\/td>\n<\/tr>\n<\/tbody>\n<\/table>\n\n","protected":false},"excerpt":{"rendered":"","protected":false},"author":3,"featured_media":0,"parent":0,"menu_order":0,"comment_status":"closed","ping_status":"closed","template":"","meta":{"footnotes":""},"class_list":["post-9632","page","type-page","status-publish","hentry"],"_links":{"self":[{"href":"https:\/\/centar.ffzg.unizg.hr\/index.php?rest_route=\/wp\/v2\/pages\/9632","targetHints":{"allow":["GET"]}}],"collection":[{"href":"https:\/\/centar.ffzg.unizg.hr\/index.php?rest_route=\/wp\/v2\/pages"}],"about":[{"href":"https:\/\/centar.ffzg.unizg.hr\/index.php?rest_route=\/wp\/v2\/types\/page"}],"author":[{"embeddable":true,"href":"https:\/\/centar.ffzg.unizg.hr\/index.php?rest_route=\/wp\/v2\/users\/3"}],"replies":[{"embeddable":true,"href":"https:\/\/centar.ffzg.unizg.hr\/index.php?rest_route=%2Fwp%2Fv2%2Fcomments&post=9632"}],"version-history":[{"count":1,"href":"https:\/\/centar.ffzg.unizg.hr\/index.php?rest_route=\/wp\/v2\/pages\/9632\/revisions"}],"predecessor-version":[{"id":9634,"href":"https:\/\/centar.ffzg.unizg.hr\/index.php?rest_route=\/wp\/v2\/pages\/9632\/revisions\/9634"}],"wp:attachment":[{"href":"https:\/\/centar.ffzg.unizg.hr\/index.php?rest_route=%2Fwp%2Fv2%2Fmedia&parent=9632"}],"curies":[{"name":"wp","href":"https:\/\/api.w.org\/{rel}","templated":true}]}}